{"id":5771,"date":"2022-02-07T09:30:07","date_gmt":"2022-02-07T09:30:07","guid":{"rendered":"https:\/\/www.atechnicseng.com\/unidad-de-control-de-pallet\/"},"modified":"2022-03-10T14:51:09","modified_gmt":"2022-03-10T14:51:09","slug":"unite-de-controle-de-palette","status":"publish","type":"page","link":"https:\/\/www.atechnicseng.com\/fr\/unite-de-controle-de-palette\/","title":{"rendered":"Unit\u00e9 de contr\u00f4le de palette"},"content":{"rendered":"\t\t<div data-elementor-type=\"wp-page\" data-elementor-id=\"5771\" class=\"elementor elementor-5771 elementor-2472\" data-elementor-post-type=\"page\">\n\t\t\t\t\t\t<section class=\"elementor-section elementor-top-section elementor-element elementor-element-9d86d0b elementor-section-full_width elementor-section-height-min-height elementor-section-stretched elementor-section-height-default elementor-section-items-middle\" data-id=\"9d86d0b\" data-element_type=\"section\" data-e-type=\"section\" data-settings=\"{&quot;stretch_section&quot;:&quot;section-stretched&quot;,&quot;background_background&quot;:&quot;classic&quot;}\">\n\t\t\t\t\t\t\t<div class=\"elementor-background-overlay\"><\/div>\n\t\t\t\t\t\t\t<div class=\"elementor-container elementor-column-gap-default\">\n\t\t\t\t\t<div class=\"elementor-column elementor-col-100 elementor-top-column elementor-element elementor-element-16c5494\" data-id=\"16c5494\" data-element_type=\"column\" data-e-type=\"column\">\n\t\t\t<div class=\"elementor-widget-wrap elementor-element-populated\">\n\t\t\t\t\t\t<div class=\"elementor-element elementor-element-d0523f2 elementor-widget elementor-widget-heading\" data-id=\"d0523f2\" data-element_type=\"widget\" data-e-type=\"widget\" data-widget_type=\"heading.default\">\n\t\t\t\t<div class=\"elementor-widget-container\">\n\t\t\t\t\t<h2 class=\"elementor-heading-title elementor-size-default\">Unit\u00e9 de contr\u00f4le de palette<\/h2>\t\t\t\t<\/div>\n\t\t\t\t<\/div>\n\t\t\t\t\t<\/div>\n\t\t<\/div>\n\t\t\t\t\t<\/div>\n\t\t<\/section>\n\t\t\t\t<section class=\"elementor-section elementor-top-section elementor-element elementor-element-9df57b0 elementor-section-stretched elementor-section-boxed elementor-section-height-default elementor-section-height-default\" data-id=\"9df57b0\" data-element_type=\"section\" data-e-type=\"section\" data-settings=\"{&quot;stretch_section&quot;:&quot;section-stretched&quot;}\">\n\t\t\t\t\t\t<div class=\"elementor-container elementor-column-gap-default\">\n\t\t\t\t\t<div class=\"elementor-column elementor-col-50 elementor-top-column elementor-element elementor-element-34ff3f5\" data-id=\"34ff3f5\" data-element_type=\"column\" data-e-type=\"column\">\n\t\t\t<div class=\"elementor-widget-wrap elementor-element-populated\">\n\t\t\t\t\t\t<div class=\"elementor-element elementor-element-5d87d20 elementor-widget elementor-widget-image\" data-id=\"5d87d20\" data-element_type=\"widget\" data-e-type=\"widget\" data-widget_type=\"image.default\">\n\t\t\t\t<div class=\"elementor-widget-container\">\n\t\t\t\t\t\t\t\t\t\t\t\t\t\t\t<img fetchpriority=\"high\" decoding=\"async\" width=\"850\" height=\"638\" src=\"https:\/\/www.atechnicseng.com\/wp-content\/uploads\/2022\/02\/unidad-de-control-de-pallet.jpg\" class=\"attachment-large size-large wp-image-4557\" alt=\"\" srcset=\"https:\/\/www.atechnicseng.com\/wp-content\/uploads\/2022\/02\/unidad-de-control-de-pallet.jpg 850w, https:\/\/www.atechnicseng.com\/wp-content\/uploads\/2022\/02\/unidad-de-control-de-pallet-300x225.jpg 300w, https:\/\/www.atechnicseng.com\/wp-content\/uploads\/2022\/02\/unidad-de-control-de-pallet-768x576.jpg 768w, https:\/\/www.atechnicseng.com\/wp-content\/uploads\/2022\/02\/unidad-de-control-de-pallet-600x450.jpg 600w\" sizes=\"(max-width: 850px) 100vw, 850px\" \/>\t\t\t\t\t\t\t\t\t\t\t\t\t\t\t<\/div>\n\t\t\t\t<\/div>\n\t\t\t\t\t<\/div>\n\t\t<\/div>\n\t\t\t\t<div class=\"elementor-column elementor-col-50 elementor-top-column elementor-element elementor-element-5d733bd\" data-id=\"5d733bd\" data-element_type=\"column\" data-e-type=\"column\">\n\t\t\t<div class=\"elementor-widget-wrap elementor-element-populated\">\n\t\t\t\t\t\t<div class=\"elementor-element elementor-element-b63413e elementor-widget elementor-widget-image\" data-id=\"b63413e\" data-element_type=\"widget\" data-e-type=\"widget\" data-widget_type=\"image.default\">\n\t\t\t\t<div class=\"elementor-widget-container\">\n\t\t\t\t\t\t\t\t\t\t\t\t\t\t\t<img decoding=\"async\" width=\"850\" height=\"638\" src=\"https:\/\/www.atechnicseng.com\/wp-content\/uploads\/2022\/02\/unidad-de-control-de-pallet1.jpg\" class=\"attachment-large size-large wp-image-4559\" alt=\"\" srcset=\"https:\/\/www.atechnicseng.com\/wp-content\/uploads\/2022\/02\/unidad-de-control-de-pallet1.jpg 850w, https:\/\/www.atechnicseng.com\/wp-content\/uploads\/2022\/02\/unidad-de-control-de-pallet1-300x225.jpg 300w, https:\/\/www.atechnicseng.com\/wp-content\/uploads\/2022\/02\/unidad-de-control-de-pallet1-768x576.jpg 768w, https:\/\/www.atechnicseng.com\/wp-content\/uploads\/2022\/02\/unidad-de-control-de-pallet1-600x450.jpg 600w\" sizes=\"(max-width: 850px) 100vw, 850px\" \/>\t\t\t\t\t\t\t\t\t\t\t\t\t\t\t<\/div>\n\t\t\t\t<\/div>\n\t\t\t\t\t<\/div>\n\t\t<\/div>\n\t\t\t\t\t<\/div>\n\t\t<\/section>\n\t\t\t\t<section class=\"elementor-section elementor-top-section elementor-element elementor-element-2df5c25 elementor-section-stretched elementor-section-boxed elementor-section-height-default elementor-section-height-default\" data-id=\"2df5c25\" data-element_type=\"section\" data-e-type=\"section\" data-settings=\"{&quot;stretch_section&quot;:&quot;section-stretched&quot;}\">\n\t\t\t\t\t\t<div class=\"elementor-container elementor-column-gap-default\">\n\t\t\t\t\t<div class=\"elementor-column elementor-col-50 elementor-top-column elementor-element elementor-element-c91cbeb\" data-id=\"c91cbeb\" data-element_type=\"column\" data-e-type=\"column\">\n\t\t\t<div class=\"elementor-widget-wrap elementor-element-populated\">\n\t\t\t\t\t\t<div class=\"elementor-element elementor-element-246a8ce elementor-widget elementor-widget-heading\" data-id=\"246a8ce\" data-element_type=\"widget\" data-e-type=\"widget\" data-widget_type=\"heading.default\">\n\t\t\t\t<div class=\"elementor-widget-container\">\n\t\t\t\t\t<h3 class=\"elementor-heading-title elementor-size-default\">Produits<\/h3>\t\t\t\t<\/div>\n\t\t\t\t<\/div>\n\t\t\t\t<div class=\"elementor-element elementor-element-0158f66 elementor-widget elementor-widget-heading\" data-id=\"0158f66\" data-element_type=\"widget\" data-e-type=\"widget\" data-widget_type=\"heading.default\">\n\t\t\t\t<div class=\"elementor-widget-container\">\n\t\t\t\t\t<h2 class=\"elementor-heading-title elementor-size-default\">Unit\u00e9 de contr\u00f4le de palette<\/h2>\t\t\t\t<\/div>\n\t\t\t\t<\/div>\n\t\t\t\t<div class=\"elementor-element elementor-element-8ee952e elementor-widget elementor-widget-text-editor\" data-id=\"8ee952e\" data-element_type=\"widget\" data-e-type=\"widget\" data-widget_type=\"text-editor.default\">\n\t\t\t\t<div class=\"elementor-widget-container\">\n\t\t\t\t\t\t\t\t\t<p>Unit\u00e9 de scannage avec capteur laser pour d\u00e9terminer si les produits sur la palette sont gliss\u00e9s, irr\u00e9guliers ou n&#8217;ont pas les dimensions requises. L&#8217;unit\u00e9 v\u00e9rifie la rigidit\u00e9 de la base de la palette, le contr\u00f4le de la hauteur, de la largeur et de la pr\u00e9cision de la pile de produits. Les valeurs appropri\u00e9es peuvent \u00eatre saisies sur un \u00e9cran ou lues automatiquement avec un lecteur de code-barres lorsque le syst\u00e8me d&#8217;enregistrement est effectu\u00e9. Lorsque le syst\u00e8me d\u00e9tecte que les produits sur la base ou sur la palette sont diff\u00e9rents des valeurs souhait\u00e9es, il peut arr\u00eater ou transf\u00e9rer automatiquement la palette hors du syst\u00e8me.<\/p>\t\t\t\t\t\t\t\t<\/div>\n\t\t\t\t<\/div>\n\t\t\t\t\t<\/div>\n\t\t<\/div>\n\t\t\t\t<div class=\"elementor-column elementor-col-50 elementor-top-column elementor-element elementor-element-a7eb79c\" data-id=\"a7eb79c\" data-element_type=\"column\" data-e-type=\"column\">\n\t\t\t<div class=\"elementor-widget-wrap elementor-element-populated\">\n\t\t\t\t\t\t<div class=\"elementor-element elementor-element-8f7262c elementor-widget elementor-widget-video\" data-id=\"8f7262c\" data-element_type=\"widget\" data-e-type=\"widget\" data-settings=\"{&quot;youtube_url&quot;:&quot;https:\\\/\\\/www.youtube.com\\\/watch?v=8zh7fbVcz4A&quot;,&quot;autoplay&quot;:&quot;yes&quot;,&quot;play_on_mobile&quot;:&quot;yes&quot;,&quot;mute&quot;:&quot;yes&quot;,&quot;loop&quot;:&quot;yes&quot;,&quot;video_type&quot;:&quot;youtube&quot;}\" data-widget_type=\"video.default\">\n\t\t\t\t<div class=\"elementor-widget-container\">\n\t\t\t\t\t\t\t<div class=\"elementor-wrapper elementor-open-inline\">\n\t\t\t<div class=\"elementor-video\"><\/div>\t\t<\/div>\n\t\t\t\t\t\t<\/div>\n\t\t\t\t<\/div>\n\t\t\t\t\t<\/div>\n\t\t<\/div>\n\t\t\t\t\t<\/div>\n\t\t<\/section>\n\t\t\t\t<section class=\"elementor-section elementor-top-section elementor-element elementor-element-8f4bf64 elementor-section-stretched elementor-hidden-desktop elementor-hidden-tablet elementor-hidden-mobile elementor-section-boxed elementor-section-height-default elementor-section-height-default\" data-id=\"8f4bf64\" data-element_type=\"section\" data-e-type=\"section\" data-settings=\"{&quot;stretch_section&quot;:&quot;section-stretched&quot;,&quot;background_background&quot;:&quot;classic&quot;}\">\n\t\t\t\t\t\t<div class=\"elementor-container elementor-column-gap-default\">\n\t\t\t\t\t<div class=\"elementor-column elementor-col-100 elementor-top-column elementor-element elementor-element-0738407\" data-id=\"0738407\" data-element_type=\"column\" data-e-type=\"column\">\n\t\t\t<div class=\"elementor-widget-wrap elementor-element-populated\">\n\t\t\t\t\t\t<div class=\"elementor-element elementor-element-9159acd elementor-widget elementor-widget-html\" data-id=\"9159acd\" data-element_type=\"widget\" data-e-type=\"widget\" data-widget_type=\"html.default\">\n\t\t\t\t<div class=\"elementor-widget-container\">\n\t\t\t\t\t<div class=\"post-detail-gallery-video-box position-relative\">\n                                    <a class=\"rounded-circle spinner\" href=\"https:\/\/www.youtube.com\/watch?v=lMduAqCcycA\" data-fancybox=\"\" title=\"\"><i class=\"flaticon-play\"><\/i><\/a>\n                                    <img decoding=\"async\" class=\"img-fluid w-100 brd-rd5\" src=\"\/wp-content\/uploads\/bg-video-unidad-pallet.jpg\" alt=\"A. Technics Engineering\">\n                                <\/div>\t\t\t\t<\/div>\n\t\t\t\t<\/div>\n\t\t\t\t\t<\/div>\n\t\t<\/div>\n\t\t\t\t\t<\/div>\n\t\t<\/section>\n\t\t\t\t<\/div>\n\t\t","protected":false},"excerpt":{"rendered":"<p>Unit\u00e9 de contr\u00f4le de palette Produits Unit\u00e9 de contr\u00f4le de palette Unit\u00e9 de scannage avec capteur laser pour d\u00e9terminer si les produits sur la palette sont gliss\u00e9s, irr\u00e9guliers ou n&#8217;ont pas les dimensions requises. L&#8217;unit\u00e9 v\u00e9rifie la rigidit\u00e9 de la base de la palette, le contr\u00f4le de la hauteur, de [&hellip;]<\/p>\n","protected":false},"author":1,"featured_media":0,"parent":0,"menu_order":0,"comment_status":"closed","ping_status":"closed","template":"","meta":{"_joinchat":[],"footnotes":""},"class_list":["post-5771","page","type-page","status-publish","hentry"],"yoast_head":"<!-- This site is optimized with the Yoast SEO plugin v27.3 - https:\/\/yoast.com\/product\/yoast-seo-wordpress\/ -->\n<title>Unit\u00e9 de contr\u00f4le de palette - A. Technics Engineering<\/title>\n<meta name=\"robots\" content=\"index, follow, max-snippet:-1, max-image-preview:large, max-video-preview:-1\" \/>\n<link rel=\"canonical\" href=\"https:\/\/www.atechnicseng.com\/fr\/unite-de-controle-de-palette\/\" \/>\n<meta property=\"og:locale\" content=\"fr_FR\" \/>\n<meta property=\"og:type\" content=\"article\" \/>\n<meta property=\"og:title\" content=\"Unit\u00e9 de contr\u00f4le de palette - A. Technics Engineering\" \/>\n<meta property=\"og:description\" content=\"Unit\u00e9 de contr\u00f4le de palette Produits Unit\u00e9 de contr\u00f4le de palette Unit\u00e9 de scannage avec capteur laser pour d\u00e9terminer si les produits sur la palette sont gliss\u00e9s, irr\u00e9guliers ou n&#8217;ont pas les dimensions requises. L&#8217;unit\u00e9 v\u00e9rifie la rigidit\u00e9 de la base de la palette, le contr\u00f4le de la hauteur, de [&hellip;]\" \/>\n<meta property=\"og:url\" content=\"https:\/\/www.atechnicseng.com\/fr\/unite-de-controle-de-palette\/\" \/>\n<meta property=\"og:site_name\" content=\"A. Technics Engineering\" \/>\n<meta property=\"article:modified_time\" content=\"2022-03-10T14:51:09+00:00\" \/>\n<meta property=\"og:image\" content=\"https:\/\/www.atechnicseng.com\/wp-content\/uploads\/2022\/02\/unidad-de-control-de-pallet.jpg\" \/>\n<meta name=\"twitter:card\" content=\"summary_large_image\" \/>\n<meta name=\"twitter:label1\" content=\"Dur\u00e9e de lecture estim\u00e9e\" \/>\n\t<meta name=\"twitter:data1\" content=\"2 minutes\" \/>\n<script type=\"application\/ld+json\" class=\"yoast-schema-graph\">{\"@context\":\"https:\\\/\\\/schema.org\",\"@graph\":[{\"@type\":\"WebPage\",\"@id\":\"https:\\\/\\\/www.atechnicseng.com\\\/fr\\\/unite-de-controle-de-palette\\\/\",\"url\":\"https:\\\/\\\/www.atechnicseng.com\\\/fr\\\/unite-de-controle-de-palette\\\/\",\"name\":\"Unit\u00e9 de contr\u00f4le de palette - A. Technics Engineering\",\"isPartOf\":{\"@id\":\"https:\\\/\\\/www.atechnicseng.com\\\/fr\\\/#website\"},\"primaryImageOfPage\":{\"@id\":\"https:\\\/\\\/www.atechnicseng.com\\\/fr\\\/unite-de-controle-de-palette\\\/#primaryimage\"},\"image\":{\"@id\":\"https:\\\/\\\/www.atechnicseng.com\\\/fr\\\/unite-de-controle-de-palette\\\/#primaryimage\"},\"thumbnailUrl\":\"https:\\\/\\\/www.atechnicseng.com\\\/wp-content\\\/uploads\\\/2022\\\/02\\\/unidad-de-control-de-pallet.jpg\",\"datePublished\":\"2022-02-07T09:30:07+00:00\",\"dateModified\":\"2022-03-10T14:51:09+00:00\",\"breadcrumb\":{\"@id\":\"https:\\\/\\\/www.atechnicseng.com\\\/fr\\\/unite-de-controle-de-palette\\\/#breadcrumb\"},\"inLanguage\":\"fr-FR\",\"potentialAction\":[{\"@type\":\"ReadAction\",\"target\":[\"https:\\\/\\\/www.atechnicseng.com\\\/fr\\\/unite-de-controle-de-palette\\\/\"]}]},{\"@type\":\"ImageObject\",\"inLanguage\":\"fr-FR\",\"@id\":\"https:\\\/\\\/www.atechnicseng.com\\\/fr\\\/unite-de-controle-de-palette\\\/#primaryimage\",\"url\":\"https:\\\/\\\/www.atechnicseng.com\\\/wp-content\\\/uploads\\\/2022\\\/02\\\/unidad-de-control-de-pallet.jpg\",\"contentUrl\":\"https:\\\/\\\/www.atechnicseng.com\\\/wp-content\\\/uploads\\\/2022\\\/02\\\/unidad-de-control-de-pallet.jpg\"},{\"@type\":\"BreadcrumbList\",\"@id\":\"https:\\\/\\\/www.atechnicseng.com\\\/fr\\\/unite-de-controle-de-palette\\\/#breadcrumb\",\"itemListElement\":[{\"@type\":\"ListItem\",\"position\":1,\"name\":\"Portada\",\"item\":\"https:\\\/\\\/www.atechnicseng.com\\\/fr\\\/\"},{\"@type\":\"ListItem\",\"position\":2,\"name\":\"Unit\u00e9 de contr\u00f4le de palette\"}]},{\"@type\":\"WebSite\",\"@id\":\"https:\\\/\\\/www.atechnicseng.com\\\/fr\\\/#website\",\"url\":\"https:\\\/\\\/www.atechnicseng.com\\\/fr\\\/\",\"name\":\"A. Technics Engineering\",\"description\":\"\",\"potentialAction\":[{\"@type\":\"SearchAction\",\"target\":{\"@type\":\"EntryPoint\",\"urlTemplate\":\"https:\\\/\\\/www.atechnicseng.com\\\/fr\\\/?s={search_term_string}\"},\"query-input\":{\"@type\":\"PropertyValueSpecification\",\"valueRequired\":true,\"valueName\":\"search_term_string\"}}],\"inLanguage\":\"fr-FR\"}]}<\/script>\n<!-- \/ Yoast SEO plugin. -->","yoast_head_json":{"title":"Unit\u00e9 de contr\u00f4le de palette - A. Technics Engineering","robots":{"index":"index","follow":"follow","max-snippet":"max-snippet:-1","max-image-preview":"max-image-preview:large","max-video-preview":"max-video-preview:-1"},"canonical":"https:\/\/www.atechnicseng.com\/fr\/unite-de-controle-de-palette\/","og_locale":"fr_FR","og_type":"article","og_title":"Unit\u00e9 de contr\u00f4le de palette - A. Technics Engineering","og_description":"Unit\u00e9 de contr\u00f4le de palette Produits Unit\u00e9 de contr\u00f4le de palette Unit\u00e9 de scannage avec capteur laser pour d\u00e9terminer si les produits sur la palette sont gliss\u00e9s, irr\u00e9guliers ou n&#8217;ont pas les dimensions requises. L&#8217;unit\u00e9 v\u00e9rifie la rigidit\u00e9 de la base de la palette, le contr\u00f4le de la hauteur, de [&hellip;]","og_url":"https:\/\/www.atechnicseng.com\/fr\/unite-de-controle-de-palette\/","og_site_name":"A. Technics Engineering","article_modified_time":"2022-03-10T14:51:09+00:00","og_image":[{"url":"https:\/\/www.atechnicseng.com\/wp-content\/uploads\/2022\/02\/unidad-de-control-de-pallet.jpg","type":"","width":"","height":""}],"twitter_card":"summary_large_image","twitter_misc":{"Dur\u00e9e de lecture estim\u00e9e":"2 minutes"},"schema":{"@context":"https:\/\/schema.org","@graph":[{"@type":"WebPage","@id":"https:\/\/www.atechnicseng.com\/fr\/unite-de-controle-de-palette\/","url":"https:\/\/www.atechnicseng.com\/fr\/unite-de-controle-de-palette\/","name":"Unit\u00e9 de contr\u00f4le de palette - A. Technics Engineering","isPartOf":{"@id":"https:\/\/www.atechnicseng.com\/fr\/#website"},"primaryImageOfPage":{"@id":"https:\/\/www.atechnicseng.com\/fr\/unite-de-controle-de-palette\/#primaryimage"},"image":{"@id":"https:\/\/www.atechnicseng.com\/fr\/unite-de-controle-de-palette\/#primaryimage"},"thumbnailUrl":"https:\/\/www.atechnicseng.com\/wp-content\/uploads\/2022\/02\/unidad-de-control-de-pallet.jpg","datePublished":"2022-02-07T09:30:07+00:00","dateModified":"2022-03-10T14:51:09+00:00","breadcrumb":{"@id":"https:\/\/www.atechnicseng.com\/fr\/unite-de-controle-de-palette\/#breadcrumb"},"inLanguage":"fr-FR","potentialAction":[{"@type":"ReadAction","target":["https:\/\/www.atechnicseng.com\/fr\/unite-de-controle-de-palette\/"]}]},{"@type":"ImageObject","inLanguage":"fr-FR","@id":"https:\/\/www.atechnicseng.com\/fr\/unite-de-controle-de-palette\/#primaryimage","url":"https:\/\/www.atechnicseng.com\/wp-content\/uploads\/2022\/02\/unidad-de-control-de-pallet.jpg","contentUrl":"https:\/\/www.atechnicseng.com\/wp-content\/uploads\/2022\/02\/unidad-de-control-de-pallet.jpg"},{"@type":"BreadcrumbList","@id":"https:\/\/www.atechnicseng.com\/fr\/unite-de-controle-de-palette\/#breadcrumb","itemListElement":[{"@type":"ListItem","position":1,"name":"Portada","item":"https:\/\/www.atechnicseng.com\/fr\/"},{"@type":"ListItem","position":2,"name":"Unit\u00e9 de contr\u00f4le de palette"}]},{"@type":"WebSite","@id":"https:\/\/www.atechnicseng.com\/fr\/#website","url":"https:\/\/www.atechnicseng.com\/fr\/","name":"A. Technics Engineering","description":"","potentialAction":[{"@type":"SearchAction","target":{"@type":"EntryPoint","urlTemplate":"https:\/\/www.atechnicseng.com\/fr\/?s={search_term_string}"},"query-input":{"@type":"PropertyValueSpecification","valueRequired":true,"valueName":"search_term_string"}}],"inLanguage":"fr-FR"}]}},"_links":{"self":[{"href":"https:\/\/www.atechnicseng.com\/fr\/wp-json\/wp\/v2\/pages\/5771","targetHints":{"allow":["GET"]}}],"collection":[{"href":"https:\/\/www.atechnicseng.com\/fr\/wp-json\/wp\/v2\/pages"}],"about":[{"href":"https:\/\/www.atechnicseng.com\/fr\/wp-json\/wp\/v2\/types\/page"}],"author":[{"embeddable":true,"href":"https:\/\/www.atechnicseng.com\/fr\/wp-json\/wp\/v2\/users\/1"}],"replies":[{"embeddable":true,"href":"https:\/\/www.atechnicseng.com\/fr\/wp-json\/wp\/v2\/comments?post=5771"}],"version-history":[{"count":4,"href":"https:\/\/www.atechnicseng.com\/fr\/wp-json\/wp\/v2\/pages\/5771\/revisions"}],"predecessor-version":[{"id":5777,"href":"https:\/\/www.atechnicseng.com\/fr\/wp-json\/wp\/v2\/pages\/5771\/revisions\/5777"}],"wp:attachment":[{"href":"https:\/\/www.atechnicseng.com\/fr\/wp-json\/wp\/v2\/media?parent=5771"}],"curies":[{"name":"wp","href":"https:\/\/api.w.org\/{rel}","templated":true}]}}