{"id":5851,"date":"2022-02-07T15:44:14","date_gmt":"2022-02-07T15:44:14","guid":{"rendered":"https:\/\/www.atechnicseng.com\/sistema-de-almacenamiento-de-palets\/"},"modified":"2022-03-10T15:21:16","modified_gmt":"2022-03-10T15:21:16","slug":"systeme-de-stockage-de-palettes","status":"publish","type":"page","link":"https:\/\/www.atechnicseng.com\/fr\/systeme-de-stockage-de-palettes\/","title":{"rendered":"Syst\u00e8me de stockage de palettes"},"content":{"rendered":"\t\t<div data-elementor-type=\"wp-page\" data-elementor-id=\"5851\" class=\"elementor elementor-5851 elementor-2603\" data-elementor-post-type=\"page\">\n\t\t\t\t\t\t<section class=\"elementor-section elementor-top-section elementor-element elementor-element-afc4d78 elementor-section-full_width elementor-section-height-min-height elementor-section-stretched elementor-section-height-default elementor-section-items-middle\" data-id=\"afc4d78\" data-element_type=\"section\" data-e-type=\"section\" data-settings=\"{&quot;stretch_section&quot;:&quot;section-stretched&quot;,&quot;background_background&quot;:&quot;classic&quot;}\">\n\t\t\t\t\t\t\t<div class=\"elementor-background-overlay\"><\/div>\n\t\t\t\t\t\t\t<div class=\"elementor-container elementor-column-gap-default\">\n\t\t\t\t\t<div class=\"elementor-column elementor-col-100 elementor-top-column elementor-element elementor-element-34701db\" data-id=\"34701db\" data-element_type=\"column\" data-e-type=\"column\">\n\t\t\t<div class=\"elementor-widget-wrap elementor-element-populated\">\n\t\t\t\t\t\t<div class=\"elementor-element elementor-element-37398cc elementor-widget elementor-widget-heading\" data-id=\"37398cc\" data-element_type=\"widget\" data-e-type=\"widget\" data-widget_type=\"heading.default\">\n\t\t\t\t<div class=\"elementor-widget-container\">\n\t\t\t\t\t<h2 class=\"elementor-heading-title elementor-size-default\">Syst\u00e8me de stockage de palettes<\/h2>\t\t\t\t<\/div>\n\t\t\t\t<\/div>\n\t\t\t\t\t<\/div>\n\t\t<\/div>\n\t\t\t\t\t<\/div>\n\t\t<\/section>\n\t\t\t\t<section class=\"elementor-section elementor-top-section elementor-element elementor-element-51456e7 elementor-section-stretched elementor-section-boxed elementor-section-height-default elementor-section-height-default\" data-id=\"51456e7\" data-element_type=\"section\" data-e-type=\"section\" data-settings=\"{&quot;stretch_section&quot;:&quot;section-stretched&quot;}\">\n\t\t\t\t\t\t<div class=\"elementor-container elementor-column-gap-default\">\n\t\t\t\t\t<div class=\"elementor-column elementor-col-50 elementor-top-column elementor-element elementor-element-c443fa1\" data-id=\"c443fa1\" data-element_type=\"column\" data-e-type=\"column\">\n\t\t\t<div class=\"elementor-widget-wrap elementor-element-populated\">\n\t\t\t\t\t\t<div class=\"elementor-element elementor-element-ade8ca7 elementor-widget elementor-widget-image\" data-id=\"ade8ca7\" data-element_type=\"widget\" data-e-type=\"widget\" data-widget_type=\"image.default\">\n\t\t\t\t<div class=\"elementor-widget-container\">\n\t\t\t\t\t\t\t\t\t\t\t\t\t\t\t<img fetchpriority=\"high\" decoding=\"async\" width=\"850\" height=\"638\" src=\"https:\/\/www.atechnicseng.com\/wp-content\/uploads\/2022\/02\/sistema-almacenamiento-palets.jpg\" class=\"attachment-large size-large wp-image-4581\" alt=\"\" srcset=\"https:\/\/www.atechnicseng.com\/wp-content\/uploads\/2022\/02\/sistema-almacenamiento-palets.jpg 850w, https:\/\/www.atechnicseng.com\/wp-content\/uploads\/2022\/02\/sistema-almacenamiento-palets-300x225.jpg 300w, https:\/\/www.atechnicseng.com\/wp-content\/uploads\/2022\/02\/sistema-almacenamiento-palets-768x576.jpg 768w, https:\/\/www.atechnicseng.com\/wp-content\/uploads\/2022\/02\/sistema-almacenamiento-palets-600x450.jpg 600w\" sizes=\"(max-width: 850px) 100vw, 850px\" \/>\t\t\t\t\t\t\t\t\t\t\t\t\t\t\t<\/div>\n\t\t\t\t<\/div>\n\t\t\t\t\t<\/div>\n\t\t<\/div>\n\t\t\t\t<div class=\"elementor-column elementor-col-50 elementor-top-column elementor-element elementor-element-dd153cb\" data-id=\"dd153cb\" data-element_type=\"column\" data-e-type=\"column\">\n\t\t\t<div class=\"elementor-widget-wrap elementor-element-populated\">\n\t\t\t\t\t\t<div class=\"elementor-element elementor-element-0d59049 elementor-widget elementor-widget-heading\" data-id=\"0d59049\" data-element_type=\"widget\" data-e-type=\"widget\" data-widget_type=\"heading.default\">\n\t\t\t\t<div class=\"elementor-widget-container\">\n\t\t\t\t\t<h3 class=\"elementor-heading-title elementor-size-default\">Produits<\/h3>\t\t\t\t<\/div>\n\t\t\t\t<\/div>\n\t\t\t\t<div class=\"elementor-element elementor-element-30c9a66 elementor-widget elementor-widget-heading\" data-id=\"30c9a66\" data-element_type=\"widget\" data-e-type=\"widget\" data-widget_type=\"heading.default\">\n\t\t\t\t<div class=\"elementor-widget-container\">\n\t\t\t\t\t<h2 class=\"elementor-heading-title elementor-size-default\">Syst\u00e8me de stockage de palettes<\/h2>\t\t\t\t<\/div>\n\t\t\t\t<\/div>\n\t\t\t\t<div class=\"elementor-element elementor-element-8dc901a elementor-widget elementor-widget-text-editor\" data-id=\"8dc901a\" data-element_type=\"widget\" data-e-type=\"widget\" data-widget_type=\"text-editor.default\">\n\t\t\t\t<div class=\"elementor-widget-container\">\n\t\t\t\t\t\t\t\t\t<p>L&#8217;entrep\u00f4t de palettes permet d&#8217;empiler et de d\u00e9sempiler 10 pi\u00e8ces de palettes de diff\u00e9rentes dimensions avec des exigences de service minimales, un m\u00e9canisme durable, une utilisation efficace de l&#8217;espace et une construction robuste. Gr\u00e2ce \u00e0 l&#8217;option d&#8217;alimentation automatique des palettes, le temps de chargement pour le cariste est r\u00e9duit. L&#8217;empilage synchronis\u00e9 avec la vitesse de la ligne du convoyeur est effectu\u00e9 par l&#8217;option de fonctionnement inverse.<\/p>\t\t\t\t\t\t\t\t<\/div>\n\t\t\t\t<\/div>\n\t\t\t\t\t<\/div>\n\t\t<\/div>\n\t\t\t\t\t<\/div>\n\t\t<\/section>\n\t\t\t\t<\/div>\n\t\t","protected":false},"excerpt":{"rendered":"<p>Syst\u00e8me de stockage de palettes Produits Syst\u00e8me de stockage de palettes L&#8217;entrep\u00f4t de palettes permet d&#8217;empiler et de d\u00e9sempiler 10 pi\u00e8ces de palettes de diff\u00e9rentes dimensions avec des exigences de service minimales, un m\u00e9canisme durable, une utilisation efficace de l&#8217;espace et une construction robuste. Gr\u00e2ce \u00e0 l&#8217;option d&#8217;alimentation automatique des [&hellip;]<\/p>\n","protected":false},"author":1,"featured_media":0,"parent":0,"menu_order":0,"comment_status":"closed","ping_status":"closed","template":"","meta":{"_joinchat":[],"footnotes":""},"class_list":["post-5851","page","type-page","status-publish","hentry"],"yoast_head":"<!-- This site is optimized with the Yoast SEO plugin v27.3 - https:\/\/yoast.com\/product\/yoast-seo-wordpress\/ -->\n<title>Syst\u00e8me de stockage de palettes - A. Technics Engineering<\/title>\n<meta name=\"robots\" content=\"index, follow, max-snippet:-1, max-image-preview:large, max-video-preview:-1\" \/>\n<link rel=\"canonical\" href=\"https:\/\/www.atechnicseng.com\/fr\/systeme-de-stockage-de-palettes\/\" \/>\n<meta property=\"og:locale\" content=\"fr_FR\" \/>\n<meta property=\"og:type\" content=\"article\" \/>\n<meta property=\"og:title\" content=\"Syst\u00e8me de stockage de palettes - A. Technics Engineering\" \/>\n<meta property=\"og:description\" content=\"Syst\u00e8me de stockage de palettes Produits Syst\u00e8me de stockage de palettes L&#8217;entrep\u00f4t de palettes permet d&#8217;empiler et de d\u00e9sempiler 10 pi\u00e8ces de palettes de diff\u00e9rentes dimensions avec des exigences de service minimales, un m\u00e9canisme durable, une utilisation efficace de l&#8217;espace et une construction robuste. Gr\u00e2ce \u00e0 l&#8217;option d&#8217;alimentation automatique des [&hellip;]\" \/>\n<meta property=\"og:url\" content=\"https:\/\/www.atechnicseng.com\/fr\/systeme-de-stockage-de-palettes\/\" \/>\n<meta property=\"og:site_name\" content=\"A. Technics Engineering\" \/>\n<meta property=\"article:modified_time\" content=\"2022-03-10T15:21:16+00:00\" \/>\n<meta property=\"og:image\" content=\"https:\/\/www.atechnicseng.com\/wp-content\/uploads\/2022\/02\/sistema-almacenamiento-palets.jpg\" \/>\n<meta name=\"twitter:card\" content=\"summary_large_image\" \/>\n<meta name=\"twitter:label1\" content=\"Dur\u00e9e de lecture estim\u00e9e\" \/>\n\t<meta name=\"twitter:data1\" content=\"1 minute\" \/>\n<script type=\"application\/ld+json\" class=\"yoast-schema-graph\">{\"@context\":\"https:\\\/\\\/schema.org\",\"@graph\":[{\"@type\":\"WebPage\",\"@id\":\"https:\\\/\\\/www.atechnicseng.com\\\/fr\\\/systeme-de-stockage-de-palettes\\\/\",\"url\":\"https:\\\/\\\/www.atechnicseng.com\\\/fr\\\/systeme-de-stockage-de-palettes\\\/\",\"name\":\"Syst\u00e8me de stockage de palettes - A. Technics Engineering\",\"isPartOf\":{\"@id\":\"https:\\\/\\\/www.atechnicseng.com\\\/fr\\\/#website\"},\"primaryImageOfPage\":{\"@id\":\"https:\\\/\\\/www.atechnicseng.com\\\/fr\\\/systeme-de-stockage-de-palettes\\\/#primaryimage\"},\"image\":{\"@id\":\"https:\\\/\\\/www.atechnicseng.com\\\/fr\\\/systeme-de-stockage-de-palettes\\\/#primaryimage\"},\"thumbnailUrl\":\"https:\\\/\\\/www.atechnicseng.com\\\/wp-content\\\/uploads\\\/2022\\\/02\\\/sistema-almacenamiento-palets.jpg\",\"datePublished\":\"2022-02-07T15:44:14+00:00\",\"dateModified\":\"2022-03-10T15:21:16+00:00\",\"breadcrumb\":{\"@id\":\"https:\\\/\\\/www.atechnicseng.com\\\/fr\\\/systeme-de-stockage-de-palettes\\\/#breadcrumb\"},\"inLanguage\":\"fr-FR\",\"potentialAction\":[{\"@type\":\"ReadAction\",\"target\":[\"https:\\\/\\\/www.atechnicseng.com\\\/fr\\\/systeme-de-stockage-de-palettes\\\/\"]}]},{\"@type\":\"ImageObject\",\"inLanguage\":\"fr-FR\",\"@id\":\"https:\\\/\\\/www.atechnicseng.com\\\/fr\\\/systeme-de-stockage-de-palettes\\\/#primaryimage\",\"url\":\"https:\\\/\\\/www.atechnicseng.com\\\/wp-content\\\/uploads\\\/2022\\\/02\\\/sistema-almacenamiento-palets.jpg\",\"contentUrl\":\"https:\\\/\\\/www.atechnicseng.com\\\/wp-content\\\/uploads\\\/2022\\\/02\\\/sistema-almacenamiento-palets.jpg\"},{\"@type\":\"BreadcrumbList\",\"@id\":\"https:\\\/\\\/www.atechnicseng.com\\\/fr\\\/systeme-de-stockage-de-palettes\\\/#breadcrumb\",\"itemListElement\":[{\"@type\":\"ListItem\",\"position\":1,\"name\":\"Portada\",\"item\":\"https:\\\/\\\/www.atechnicseng.com\\\/fr\\\/\"},{\"@type\":\"ListItem\",\"position\":2,\"name\":\"Syst\u00e8me de stockage de palettes\"}]},{\"@type\":\"WebSite\",\"@id\":\"https:\\\/\\\/www.atechnicseng.com\\\/fr\\\/#website\",\"url\":\"https:\\\/\\\/www.atechnicseng.com\\\/fr\\\/\",\"name\":\"A. Technics Engineering\",\"description\":\"\",\"potentialAction\":[{\"@type\":\"SearchAction\",\"target\":{\"@type\":\"EntryPoint\",\"urlTemplate\":\"https:\\\/\\\/www.atechnicseng.com\\\/fr\\\/?s={search_term_string}\"},\"query-input\":{\"@type\":\"PropertyValueSpecification\",\"valueRequired\":true,\"valueName\":\"search_term_string\"}}],\"inLanguage\":\"fr-FR\"}]}<\/script>\n<!-- \/ Yoast SEO plugin. -->","yoast_head_json":{"title":"Syst\u00e8me de stockage de palettes - A. Technics Engineering","robots":{"index":"index","follow":"follow","max-snippet":"max-snippet:-1","max-image-preview":"max-image-preview:large","max-video-preview":"max-video-preview:-1"},"canonical":"https:\/\/www.atechnicseng.com\/fr\/systeme-de-stockage-de-palettes\/","og_locale":"fr_FR","og_type":"article","og_title":"Syst\u00e8me de stockage de palettes - A. Technics Engineering","og_description":"Syst\u00e8me de stockage de palettes Produits Syst\u00e8me de stockage de palettes L&#8217;entrep\u00f4t de palettes permet d&#8217;empiler et de d\u00e9sempiler 10 pi\u00e8ces de palettes de diff\u00e9rentes dimensions avec des exigences de service minimales, un m\u00e9canisme durable, une utilisation efficace de l&#8217;espace et une construction robuste. Gr\u00e2ce \u00e0 l&#8217;option d&#8217;alimentation automatique des [&hellip;]","og_url":"https:\/\/www.atechnicseng.com\/fr\/systeme-de-stockage-de-palettes\/","og_site_name":"A. Technics Engineering","article_modified_time":"2022-03-10T15:21:16+00:00","og_image":[{"url":"https:\/\/www.atechnicseng.com\/wp-content\/uploads\/2022\/02\/sistema-almacenamiento-palets.jpg","type":"","width":"","height":""}],"twitter_card":"summary_large_image","twitter_misc":{"Dur\u00e9e de lecture estim\u00e9e":"1 minute"},"schema":{"@context":"https:\/\/schema.org","@graph":[{"@type":"WebPage","@id":"https:\/\/www.atechnicseng.com\/fr\/systeme-de-stockage-de-palettes\/","url":"https:\/\/www.atechnicseng.com\/fr\/systeme-de-stockage-de-palettes\/","name":"Syst\u00e8me de stockage de palettes - A. Technics Engineering","isPartOf":{"@id":"https:\/\/www.atechnicseng.com\/fr\/#website"},"primaryImageOfPage":{"@id":"https:\/\/www.atechnicseng.com\/fr\/systeme-de-stockage-de-palettes\/#primaryimage"},"image":{"@id":"https:\/\/www.atechnicseng.com\/fr\/systeme-de-stockage-de-palettes\/#primaryimage"},"thumbnailUrl":"https:\/\/www.atechnicseng.com\/wp-content\/uploads\/2022\/02\/sistema-almacenamiento-palets.jpg","datePublished":"2022-02-07T15:44:14+00:00","dateModified":"2022-03-10T15:21:16+00:00","breadcrumb":{"@id":"https:\/\/www.atechnicseng.com\/fr\/systeme-de-stockage-de-palettes\/#breadcrumb"},"inLanguage":"fr-FR","potentialAction":[{"@type":"ReadAction","target":["https:\/\/www.atechnicseng.com\/fr\/systeme-de-stockage-de-palettes\/"]}]},{"@type":"ImageObject","inLanguage":"fr-FR","@id":"https:\/\/www.atechnicseng.com\/fr\/systeme-de-stockage-de-palettes\/#primaryimage","url":"https:\/\/www.atechnicseng.com\/wp-content\/uploads\/2022\/02\/sistema-almacenamiento-palets.jpg","contentUrl":"https:\/\/www.atechnicseng.com\/wp-content\/uploads\/2022\/02\/sistema-almacenamiento-palets.jpg"},{"@type":"BreadcrumbList","@id":"https:\/\/www.atechnicseng.com\/fr\/systeme-de-stockage-de-palettes\/#breadcrumb","itemListElement":[{"@type":"ListItem","position":1,"name":"Portada","item":"https:\/\/www.atechnicseng.com\/fr\/"},{"@type":"ListItem","position":2,"name":"Syst\u00e8me de stockage de palettes"}]},{"@type":"WebSite","@id":"https:\/\/www.atechnicseng.com\/fr\/#website","url":"https:\/\/www.atechnicseng.com\/fr\/","name":"A. Technics Engineering","description":"","potentialAction":[{"@type":"SearchAction","target":{"@type":"EntryPoint","urlTemplate":"https:\/\/www.atechnicseng.com\/fr\/?s={search_term_string}"},"query-input":{"@type":"PropertyValueSpecification","valueRequired":true,"valueName":"search_term_string"}}],"inLanguage":"fr-FR"}]}},"_links":{"self":[{"href":"https:\/\/www.atechnicseng.com\/fr\/wp-json\/wp\/v2\/pages\/5851","targetHints":{"allow":["GET"]}}],"collection":[{"href":"https:\/\/www.atechnicseng.com\/fr\/wp-json\/wp\/v2\/pages"}],"about":[{"href":"https:\/\/www.atechnicseng.com\/fr\/wp-json\/wp\/v2\/types\/page"}],"author":[{"embeddable":true,"href":"https:\/\/www.atechnicseng.com\/fr\/wp-json\/wp\/v2\/users\/1"}],"replies":[{"embeddable":true,"href":"https:\/\/www.atechnicseng.com\/fr\/wp-json\/wp\/v2\/comments?post=5851"}],"version-history":[{"count":4,"href":"https:\/\/www.atechnicseng.com\/fr\/wp-json\/wp\/v2\/pages\/5851\/revisions"}],"predecessor-version":[{"id":5861,"href":"https:\/\/www.atechnicseng.com\/fr\/wp-json\/wp\/v2\/pages\/5851\/revisions\/5861"}],"wp:attachment":[{"href":"https:\/\/www.atechnicseng.com\/fr\/wp-json\/wp\/v2\/media?parent=5851"}],"curies":[{"name":"wp","href":"https:\/\/api.w.org\/{rel}","templated":true}]}}