{"id":5866,"date":"2022-02-08T08:42:26","date_gmt":"2022-02-08T08:42:26","guid":{"rendered":"https:\/\/www.atechnicseng.com\/atls-automatic-truck-loader\/"},"modified":"2022-03-16T14:22:34","modified_gmt":"2022-03-16T14:22:34","slug":"atls-automatic-truck-loader","status":"publish","type":"page","link":"https:\/\/www.atechnicseng.com\/fr\/atls-automatic-truck-loader\/","title":{"rendered":"ATLS (Automatic Truck Loader System)"},"content":{"rendered":"\t\t<div data-elementor-type=\"wp-page\" data-elementor-id=\"5866\" class=\"elementor elementor-5866 elementor-2617\" data-elementor-post-type=\"page\">\n\t\t\t\t\t\t<section class=\"elementor-section elementor-top-section elementor-element elementor-element-afc4d78 elementor-section-full_width elementor-section-height-min-height elementor-section-stretched elementor-section-height-default elementor-section-items-middle\" data-id=\"afc4d78\" data-element_type=\"section\" data-e-type=\"section\" data-settings=\"{&quot;stretch_section&quot;:&quot;section-stretched&quot;,&quot;background_background&quot;:&quot;classic&quot;}\">\n\t\t\t\t\t\t\t<div class=\"elementor-background-overlay\"><\/div>\n\t\t\t\t\t\t\t<div class=\"elementor-container elementor-column-gap-default\">\n\t\t\t\t\t<div class=\"elementor-column elementor-col-100 elementor-top-column elementor-element elementor-element-34701db\" data-id=\"34701db\" data-element_type=\"column\" data-e-type=\"column\">\n\t\t\t<div class=\"elementor-widget-wrap elementor-element-populated\">\n\t\t\t\t\t\t<div class=\"elementor-element elementor-element-37398cc elementor-widget elementor-widget-heading\" data-id=\"37398cc\" data-element_type=\"widget\" data-e-type=\"widget\" data-widget_type=\"heading.default\">\n\t\t\t\t<div class=\"elementor-widget-container\">\n\t\t\t\t\t<h2 class=\"elementor-heading-title elementor-size-default\">ATLS (Automatic Truck Loader System)<\/h2>\t\t\t\t<\/div>\n\t\t\t\t<\/div>\n\t\t\t\t\t<\/div>\n\t\t<\/div>\n\t\t\t\t\t<\/div>\n\t\t<\/section>\n\t\t\t\t<section class=\"elementor-section elementor-top-section elementor-element elementor-element-d2a4e06 elementor-section-stretched elementor-section-boxed elementor-section-height-default elementor-section-height-default\" data-id=\"d2a4e06\" data-element_type=\"section\" data-e-type=\"section\" data-settings=\"{&quot;stretch_section&quot;:&quot;section-stretched&quot;}\">\n\t\t\t\t\t\t<div class=\"elementor-container elementor-column-gap-default\">\n\t\t\t\t\t<div class=\"elementor-column elementor-col-100 elementor-top-column elementor-element elementor-element-3cce7b7\" data-id=\"3cce7b7\" data-element_type=\"column\" data-e-type=\"column\">\n\t\t\t<div class=\"elementor-widget-wrap elementor-element-populated\">\n\t\t\t\t\t\t<div class=\"elementor-element elementor-element-cad1701 elementor-widget elementor-widget-heading\" data-id=\"cad1701\" data-element_type=\"widget\" data-e-type=\"widget\" data-widget_type=\"heading.default\">\n\t\t\t\t<div class=\"elementor-widget-container\">\n\t\t\t\t\t<h3 class=\"elementor-heading-title elementor-size-default\">Produits<\/h3>\t\t\t\t<\/div>\n\t\t\t\t<\/div>\n\t\t\t\t<div class=\"elementor-element elementor-element-480e4fc elementor-widget elementor-widget-heading\" data-id=\"480e4fc\" data-element_type=\"widget\" data-e-type=\"widget\" data-widget_type=\"heading.default\">\n\t\t\t\t<div class=\"elementor-widget-container\">\n\t\t\t\t\t<h2 class=\"elementor-heading-title elementor-size-default\">Chargement automatique avec cabine adapt\u00e9e<\/h2>\t\t\t\t<\/div>\n\t\t\t\t<\/div>\n\t\t\t\t<div class=\"elementor-element elementor-element-fd17573 elementor-widget elementor-widget-html\" data-id=\"fd17573\" data-element_type=\"widget\" data-e-type=\"widget\" data-widget_type=\"html.default\">\n\t\t\t\t<div class=\"elementor-widget-container\">\n\t\t\t\t\t<div class=\"post-detail-gallery-video-box position-relative\">\n                                    <a class=\"rounded-circle spinner\" href=\"https:\/\/www.youtube.com\/watch?v=N_tcEBFbjw4\" data-fancybox=\"\" title=\"\"><i class=\"flaticon-play\"><\/i><\/a>\n                                    <img decoding=\"async\" class=\"img-fluid w-100 brd-rd5\" src=\"https:\/\/www.atechnicseng.com\/wp-content\/uploads\/2022\/03\/ATLS_0001_aaaaaaaaaaaaatl.jpg\" alt=\"A. Technics Engineering\">\n                                <\/div>\t\t\t\t<\/div>\n\t\t\t\t<\/div>\n\t\t\t\t<div class=\"elementor-element elementor-element-2c5933e elementor-widget elementor-widget-text-editor\" data-id=\"2c5933e\" data-element_type=\"widget\" data-e-type=\"widget\" data-widget_type=\"text-editor.default\">\n\t\t\t\t<div class=\"elementor-widget-container\">\n\t\t\t\t\t\t\t\t\t<p>L&#8217;ATL avec une cabine adapt\u00e9e est con\u00e7u pour charger et d\u00e9charger un camion de mani\u00e8re autonome. La bo\u00eete est \u00e9quip\u00e9e de convoyeurs \u00e0 cha\u00eene le long de la bo\u00eete dans diff\u00e9rentes rang\u00e9es. D\u00e8s que le camion s&#8217;approche du quai, le m\u00e9canisme de transfert est automatiquement activ\u00e9 et la transmission est S\u00fbre, Douce et Stable.\u00a0 \u00a0 \u00a0 \u00a0 \u00a0 \u00a0 \u00a0 \u00a0 \u00a0 \u00a0 \u00a0 \u00a0 \u00a0 \u00a0 \u00a0 \u00a0 \u00a0 \u00a0 \u00a0 \u00a0 \u00a0 \u00a0 \u00a0 \u00a0 \u00a0 \u00a0 \u00a0 \u00a0 \u00a0 \u00a0 \u00a0 \u00a0 \u00a0 \u00a0 \u00a0 \u00a0 \u00a0 \u00a0 \u00a0 \u00a0 \u00a0 \u00a0 \u00a0 \u00a0 \u00a0 \u00a0 \u00a0 \u00a0 \u00a0 \u00a0 \u00a0 \u00a0 \u00a0 \u00a0 \u00a0 \u00a0 \u00a0 \u00a0 \u00a0 \u00a0 \u00a0 \u00a0 \u00a0 \u00a0 \u00a0 \u00a0 \u00a0 \u00a0 \u00a0 \u00a0 \u00a0 \u00a0 \u00a0 \u00a0 \u00a0 \u00a0 \u00a0 \u00a0 \u00a0 \u00a0 \u00a0 \u00a0 \u00a0 \u00a0 \u00a0 \u00a0 \u00a0 \u00a0 \u00a0 \u00a0 \u00a0 \u00a0 \u00a0 \u00a0 \u00a0 \u00a0 \u00a0 \u00a0 \u00a0 \u00a0 \u00a0 \u00a0Ce syst\u00e8me est utilis\u00e9 \u00e0 la fois pour le chargement et le d\u00e9chargement complets du camion, pouvant int\u00e9grer l&#8217;automatisation de la charge de la production au chargement automatique ou au stockage automatique et de celui-ci au chargement automatique du camion ou au processus inverse indistinctement. La charge peut \u00eatre pr\u00e9configur\u00e9e en fonction de son poids pour stabiliser la charge dans la benne du camion.<\/p>\t\t\t\t\t\t\t\t<\/div>\n\t\t\t\t<\/div>\n\t\t\t\t\t<\/div>\n\t\t<\/div>\n\t\t\t\t\t<\/div>\n\t\t<\/section>\n\t\t\t\t<section class=\"elementor-section elementor-top-section elementor-element elementor-element-3e57769 elementor-section-stretched elementor-section-boxed elementor-section-height-default elementor-section-height-default\" data-id=\"3e57769\" data-element_type=\"section\" data-e-type=\"section\" data-settings=\"{&quot;stretch_section&quot;:&quot;section-stretched&quot;,&quot;background_background&quot;:&quot;classic&quot;}\">\n\t\t\t\t\t\t<div class=\"elementor-container elementor-column-gap-default\">\n\t\t\t\t\t<div class=\"elementor-column elementor-col-100 elementor-top-column elementor-element elementor-element-eab54db\" data-id=\"eab54db\" data-element_type=\"column\" data-e-type=\"column\">\n\t\t\t<div class=\"elementor-widget-wrap elementor-element-populated\">\n\t\t\t\t\t\t<div class=\"elementor-element elementor-element-65b9d33 elementor-widget elementor-widget-heading\" data-id=\"65b9d33\" data-element_type=\"widget\" data-e-type=\"widget\" data-widget_type=\"heading.default\">\n\t\t\t\t<div class=\"elementor-widget-container\">\n\t\t\t\t\t<h3 class=\"elementor-heading-title elementor-size-default\">Produits<\/h3>\t\t\t\t<\/div>\n\t\t\t\t<\/div>\n\t\t\t\t<div class=\"elementor-element elementor-element-6419588 elementor-widget elementor-widget-heading\" data-id=\"6419588\" data-element_type=\"widget\" data-e-type=\"widget\" data-widget_type=\"heading.default\">\n\t\t\t\t<div class=\"elementor-widget-container\">\n\t\t\t\t\t<h2 class=\"elementor-heading-title elementor-size-default\">Syst\u00e8me de pr\u00e9chargement RGV pour camion adapt\u00e9<\/h2>\t\t\t\t<\/div>\n\t\t\t\t<\/div>\n\t\t\t\t<div class=\"elementor-element elementor-element-676171a elementor-widget elementor-widget-html\" data-id=\"676171a\" data-element_type=\"widget\" data-e-type=\"widget\" data-widget_type=\"html.default\">\n\t\t\t\t<div class=\"elementor-widget-container\">\n\t\t\t\t\t<div class=\"post-detail-gallery-video-box position-relative\">\n                                    <a class=\"rounded-circle spinner\" href=\"https:\/\/www.youtube.com\/watch?v=r1kuksraeRI\" data-fancybox=\"\" title=\"\"><i class=\"flaticon-play\"><\/i><\/a>\n                                    <img decoding=\"async\" class=\"img-fluid w-100 brd-rd5\" src=\"https:\/\/www.atechnicseng.com\/wp-content\/uploads\/2022\/03\/ATLS_0002_AAATL.jpg\" alt=\"A. Technics Engineering\">\n                                <\/div>\t\t\t\t<\/div>\n\t\t\t\t<\/div>\n\t\t\t\t<div class=\"elementor-element elementor-element-568d233 elementor-widget elementor-widget-text-editor\" data-id=\"568d233\" data-element_type=\"widget\" data-e-type=\"widget\" data-widget_type=\"text-editor.default\">\n\t\t\t\t<div class=\"elementor-widget-container\">\n\t\t\t\t\t\t\t\t\t<p>L&#8217;ATL avec caisse adapt\u00e9e est con\u00e7u pour le chargement et le d\u00e9chargement autonome d&#8217;un camion. La bo\u00eete est \u00e9quip\u00e9e de convoyeurs \u00e0 cha\u00eene le long de celle-ci dans diff\u00e9rentes rang\u00e9es. D\u00e8s que le camion s&#8217;approche du quai, le m\u00e9canisme de transfert est automatiquement activ\u00e9 et la transmission est S\u00fbre, Douce et Stable.\u00a0 \u00a0 \u00a0 \u00a0 \u00a0 \u00a0 \u00a0 \u00a0 \u00a0 \u00a0 \u00a0 \u00a0 \u00a0 \u00a0 \u00a0 \u00a0 \u00a0 \u00a0 \u00a0 \u00a0 \u00a0 \u00a0 \u00a0 \u00a0 \u00a0 \u00a0 \u00a0 \u00a0 \u00a0 \u00a0 \u00a0 \u00a0 \u00a0 \u00a0 \u00a0 \u00a0 \u00a0 \u00a0 \u00a0 \u00a0 \u00a0 \u00a0 \u00a0 \u00a0 \u00a0 \u00a0 \u00a0 \u00a0 \u00a0 \u00a0 \u00a0 \u00a0 \u00a0 \u00a0 \u00a0 \u00a0 \u00a0 \u00a0 \u00a0 \u00a0 \u00a0 \u00a0 \u00a0 \u00a0 \u00a0 \u00a0 \u00a0 \u00a0 \u00a0 \u00a0 \u00a0 \u00a0 \u00a0 \u00a0 \u00a0 \u00a0 \u00a0 \u00a0 \u00a0 \u00a0 \u00a0 \u00a0 \u00a0 \u00a0 \u00a0 \u00a0 \u00a0 \u00a0 \u00a0 \u00a0 \u00a0 \u00a0 \u00a0 \u00a0 \u00a0 \u00a0 \u00a0 \u00a0 \u00a0 Dans le mod\u00e8le de pr\u00e9-chargement, il y a une plateforme avant le chargement du camion, avec les dimensions de la caisse qui permet d&#8217;effectuer le processus de chargement beaucoup plus rapidement. La charge est pr\u00e9par\u00e9e dans certains convoyeurs avant le quai. Lorsque la caisse du camion est positionn\u00e9e pour le chargement\/d\u00e9chargement, cela se fait en quelques minutes, ce qui permet ensuite d&#8217;int\u00e9grer l&#8217;automatisation du chargement de la production au chargement automatique ou \u00e0 un entrep\u00f4t automatique et de l\u00e0 au chargement automatique du camion ou processus inverse indistinctement sans n\u00e9cessiter aucune intervention du personnel.\u00a0 \u00a0 \u00a0 \u00a0 \u00a0 \u00a0 \u00a0 \u00a0 \u00a0 \u00a0 \u00a0 \u00a0 \u00a0 \u00a0 \u00a0 \u00a0 \u00a0 \u00a0 \u00a0 \u00a0 \u00a0 \u00a0 \u00a0 \u00a0 \u00a0 \u00a0 \u00a0 \u00a0 \u00a0 \u00a0 \u00a0 \u00a0 \u00a0 \u00a0 \u00a0 \u00a0 \u00a0 \u00a0 \u00a0 \u00a0 \u00a0 \u00a0 \u00a0 \u00a0 \u00a0 \u00a0 \u00a0 \u00a0 \u00a0 \u00a0 \u00a0 \u00a0 \u00a0 \u00a0 \u00a0 \u00a0 \u00a0 \u00a0La charge peut \u00eatre pr\u00e9-configur\u00e9e en fonction de son poids pour stabiliser la charge dans la benne du camion<\/p>\t\t\t\t\t\t\t\t<\/div>\n\t\t\t\t<\/div>\n\t\t\t\t\t<\/div>\n\t\t<\/div>\n\t\t\t\t\t<\/div>\n\t\t<\/section>\n\t\t\t\t<section class=\"elementor-section elementor-top-section elementor-element elementor-element-b7deca3 elementor-section-stretched elementor-section-boxed elementor-section-height-default elementor-section-height-default\" data-id=\"b7deca3\" data-element_type=\"section\" data-e-type=\"section\" data-settings=\"{&quot;stretch_section&quot;:&quot;section-stretched&quot;}\">\n\t\t\t\t\t\t<div class=\"elementor-container elementor-column-gap-default\">\n\t\t\t\t\t<div class=\"elementor-column elementor-col-100 elementor-top-column elementor-element elementor-element-3235936\" data-id=\"3235936\" data-element_type=\"column\" data-e-type=\"column\">\n\t\t\t<div class=\"elementor-widget-wrap elementor-element-populated\">\n\t\t\t\t\t\t<div class=\"elementor-element elementor-element-6576032 elementor-widget elementor-widget-heading\" data-id=\"6576032\" data-element_type=\"widget\" data-e-type=\"widget\" data-widget_type=\"heading.default\">\n\t\t\t\t<div class=\"elementor-widget-container\">\n\t\t\t\t\t<h3 class=\"elementor-heading-title elementor-size-default\">Produits<\/h3>\t\t\t\t<\/div>\n\t\t\t\t<\/div>\n\t\t\t\t<div class=\"elementor-element elementor-element-b1e0c44 elementor-widget elementor-widget-heading\" data-id=\"b1e0c44\" data-element_type=\"widget\" data-e-type=\"widget\" data-widget_type=\"heading.default\">\n\t\t\t\t<div class=\"elementor-widget-container\">\n\t\t\t\t\t<h2 class=\"elementor-heading-title elementor-size-default\">Unit\u00e9 de levage de nivellement pour syst\u00e8me de chargement automatique<\/h2>\t\t\t\t<\/div>\n\t\t\t\t<\/div>\n\t\t\t\t<div class=\"elementor-element elementor-element-2e10c8c elementor-widget elementor-widget-text-editor\" data-id=\"2e10c8c\" data-element_type=\"widget\" data-e-type=\"widget\" data-widget_type=\"text-editor.default\">\n\t\t\t\t<div class=\"elementor-widget-container\">\n\t\t\t\t\t\t\t\t\t<p>L&#8217;unit\u00e9 de nivellement d&#8217;\u00e9l\u00e9vation con\u00e7ue et brevet\u00e9e pr\u00e9sente un certain nombre d&#8217;avantages par rapport aux autres unit\u00e9s sur le march\u00e9. L&#8217;unit\u00e9 de nivellement permet le r\u00e9glage automatique de l&#8217;alignement de la bo\u00eete au ressort par des moyens m\u00e9caniques, \u00e9tant r\u00e9glable sur diff\u00e9rents types de bo\u00eetes. La conception de l&#8217;unit\u00e9 de nivellement rend l&#8217;impact de la charge ou de la pression des pneus ind\u00e9pendant du r\u00e9glage de l&#8217;\u00e9l\u00e9vation n\u00e9cessaire \u00e0 l&#8217;engagement correct de la benne avec le quai.<\/p>\t\t\t\t\t\t\t\t<\/div>\n\t\t\t\t<\/div>\n\t\t\t\t<div class=\"elementor-element elementor-element-f03821e elementor-widget elementor-widget-html\" data-id=\"f03821e\" data-element_type=\"widget\" data-e-type=\"widget\" data-widget_type=\"html.default\">\n\t\t\t\t<div class=\"elementor-widget-container\">\n\t\t\t\t\t<div class=\"post-detail-gallery-video-box position-relative\">\n                                    <a class=\"rounded-circle spinner\" href=\"https:\/\/www.youtube.com\/watch?v=6fvtTKsNfMk\" data-fancybox=\"\" title=\"\"><i class=\"flaticon-play\"><\/i><\/a>\n                                    <img decoding=\"async\" class=\"img-fluid w-100 brd-rd5\" src=\"https:\/\/www.atechnicseng.com\/wp-content\/uploads\/2022\/03\/ATLS_0000_atlaaa.jpg\" alt=\"A. Technics Engineering\">\n                                <\/div>\t\t\t\t<\/div>\n\t\t\t\t<\/div>\n\t\t\t\t\t<\/div>\n\t\t<\/div>\n\t\t\t\t\t<\/div>\n\t\t<\/section>\n\t\t\t\t<section class=\"elementor-section elementor-top-section elementor-element elementor-element-4def930 elementor-section-stretched elementor-section-boxed elementor-section-height-default elementor-section-height-default\" data-id=\"4def930\" data-element_type=\"section\" data-e-type=\"section\" data-settings=\"{&quot;stretch_section&quot;:&quot;section-stretched&quot;,&quot;background_background&quot;:&quot;classic&quot;}\">\n\t\t\t\t\t\t<div class=\"elementor-container elementor-column-gap-default\">\n\t\t\t\t\t<div class=\"elementor-column elementor-col-100 elementor-top-column elementor-element elementor-element-2c860b2\" data-id=\"2c860b2\" data-element_type=\"column\" data-e-type=\"column\">\n\t\t\t<div class=\"elementor-widget-wrap elementor-element-populated\">\n\t\t\t\t\t\t<div class=\"elementor-element elementor-element-e336b81 elementor-widget elementor-widget-heading\" data-id=\"e336b81\" data-element_type=\"widget\" data-e-type=\"widget\" data-widget_type=\"heading.default\">\n\t\t\t\t<div class=\"elementor-widget-container\">\n\t\t\t\t\t<h3 class=\"elementor-heading-title elementor-size-default\">Produits<\/h3>\t\t\t\t<\/div>\n\t\t\t\t<\/div>\n\t\t\t\t<div class=\"elementor-element elementor-element-649591b elementor-widget elementor-widget-heading\" data-id=\"649591b\" data-element_type=\"widget\" data-e-type=\"widget\" data-widget_type=\"heading.default\">\n\t\t\t\t<div class=\"elementor-widget-container\">\n\t\t\t\t\t<h2 class=\"elementor-heading-title elementor-size-default\">ATL \u00e0 chargement direct<\/h2>\t\t\t\t<\/div>\n\t\t\t\t<\/div>\n\t\t\t\t<div class=\"elementor-element elementor-element-de8dd78 elementor-widget elementor-widget-text-editor\" data-id=\"de8dd78\" data-element_type=\"widget\" data-e-type=\"widget\" data-widget_type=\"text-editor.default\">\n\t\t\t\t<div class=\"elementor-widget-container\">\n\t\t\t\t\t\t\t\t\t<p>L&#8217;ATL sans adaptation de benne est une conception \u00e9prouv\u00e9e avec une vari\u00e9t\u00e9 de clients avec un grand succ\u00e8s. Contrairement aux syst\u00e8mes automatiques o\u00f9 la benne du camion doit \u00eatre adapt\u00e9e, l&#8217;ATLS \u00e0 chargement direct permet de pr\u00e9-configurer le chargement sur une plateforme pr\u00e9alable sur le quai. Ce chargement se fait automatiquement au moyen de convoyeurs, pouvant int\u00e9grer cette charge depuis la zone de production, depuis l&#8217;entrep\u00f4t ou directement depuis un chariot \u00e9l\u00e9vateur.<\/p>\t\t\t\t\t\t\t\t<\/div>\n\t\t\t\t<\/div>\n\t\t\t\t<div class=\"elementor-element elementor-element-dafa0bb elementor-widget elementor-widget-html\" data-id=\"dafa0bb\" data-element_type=\"widget\" data-e-type=\"widget\" data-widget_type=\"html.default\">\n\t\t\t\t<div class=\"elementor-widget-container\">\n\t\t\t\t\t<div class=\"post-detail-gallery-video-box position-relative\">\n                                    <a class=\"rounded-circle spinner\" href=\"https:\/\/www.youtube.com\/watch?v=Ue53yW9OpmU\" data-fancybox=\"\" title=\"\"><i class=\"flaticon-play\"><\/i><\/a>\n                                    <img decoding=\"async\" class=\"img-fluid w-100 brd-rd5\" src=\"https:\/\/www.atechnicseng.com\/wp-content\/uploads\/2022\/03\/Sin-titulo-1.png\" alt=\"A. Technics Engineering\">\n                                <\/div>\t\t\t\t<\/div>\n\t\t\t\t<\/div>\n\t\t\t\t\t<\/div>\n\t\t<\/div>\n\t\t\t\t\t<\/div>\n\t\t<\/section>\n\t\t\t\t<\/div>\n\t\t","protected":false},"excerpt":{"rendered":"<p>ATLS (Automatic Truck Loader System) Produits Chargement automatique avec cabine adapt\u00e9e L&#8217;ATL avec une cabine adapt\u00e9e est con\u00e7u pour charger et d\u00e9charger un camion de mani\u00e8re autonome. La bo\u00eete est \u00e9quip\u00e9e de convoyeurs \u00e0 cha\u00eene le long de la bo\u00eete dans diff\u00e9rentes rang\u00e9es. D\u00e8s que le camion s&#8217;approche du quai, [&hellip;]<\/p>\n","protected":false},"author":1,"featured_media":0,"parent":0,"menu_order":0,"comment_status":"closed","ping_status":"closed","template":"","meta":{"_joinchat":[],"footnotes":""},"class_list":["post-5866","page","type-page","status-publish","hentry"],"yoast_head":"<!-- This site is optimized with the Yoast SEO plugin v27.3 - https:\/\/yoast.com\/product\/yoast-seo-wordpress\/ -->\n<title>ATLS (Automatic Truck Loader System) - A. Technics Engineering<\/title>\n<meta name=\"robots\" content=\"index, follow, max-snippet:-1, max-image-preview:large, max-video-preview:-1\" \/>\n<link rel=\"canonical\" href=\"https:\/\/www.atechnicseng.com\/fr\/atls-automatic-truck-loader\/\" \/>\n<meta property=\"og:locale\" content=\"fr_FR\" \/>\n<meta property=\"og:type\" content=\"article\" \/>\n<meta property=\"og:title\" content=\"ATLS (Automatic Truck Loader System) - A. Technics Engineering\" \/>\n<meta property=\"og:description\" content=\"ATLS (Automatic Truck Loader System) Produits Chargement automatique avec cabine adapt\u00e9e L&#8217;ATL avec une cabine adapt\u00e9e est con\u00e7u pour charger et d\u00e9charger un camion de mani\u00e8re autonome. La bo\u00eete est \u00e9quip\u00e9e de convoyeurs \u00e0 cha\u00eene le long de la bo\u00eete dans diff\u00e9rentes rang\u00e9es. D\u00e8s que le camion s&#8217;approche du quai, [&hellip;]\" \/>\n<meta property=\"og:url\" content=\"https:\/\/www.atechnicseng.com\/fr\/atls-automatic-truck-loader\/\" \/>\n<meta property=\"og:site_name\" content=\"A. Technics Engineering\" \/>\n<meta property=\"article:modified_time\" content=\"2022-03-16T14:22:34+00:00\" \/>\n<meta property=\"og:image\" content=\"https:\/\/www.atechnicseng.com\/wp-content\/uploads\/2022\/03\/ATLS_0001_aaaaaaaaaaaaatl.jpg\" \/>\n<meta name=\"twitter:card\" content=\"summary_large_image\" \/>\n<meta name=\"twitter:label1\" content=\"Dur\u00e9e de lecture estim\u00e9e\" \/>\n\t<meta name=\"twitter:data1\" content=\"5 minutes\" \/>\n<script type=\"application\/ld+json\" class=\"yoast-schema-graph\">{\"@context\":\"https:\\\/\\\/schema.org\",\"@graph\":[{\"@type\":\"WebPage\",\"@id\":\"https:\\\/\\\/www.atechnicseng.com\\\/fr\\\/atls-automatic-truck-loader\\\/\",\"url\":\"https:\\\/\\\/www.atechnicseng.com\\\/fr\\\/atls-automatic-truck-loader\\\/\",\"name\":\"ATLS (Automatic Truck Loader System) - A. Technics Engineering\",\"isPartOf\":{\"@id\":\"https:\\\/\\\/www.atechnicseng.com\\\/fr\\\/#website\"},\"primaryImageOfPage\":{\"@id\":\"https:\\\/\\\/www.atechnicseng.com\\\/fr\\\/atls-automatic-truck-loader\\\/#primaryimage\"},\"image\":{\"@id\":\"https:\\\/\\\/www.atechnicseng.com\\\/fr\\\/atls-automatic-truck-loader\\\/#primaryimage\"},\"thumbnailUrl\":\"https:\\\/\\\/www.atechnicseng.com\\\/wp-content\\\/uploads\\\/2022\\\/03\\\/ATLS_0001_aaaaaaaaaaaaatl.jpg\",\"datePublished\":\"2022-02-08T08:42:26+00:00\",\"dateModified\":\"2022-03-16T14:22:34+00:00\",\"breadcrumb\":{\"@id\":\"https:\\\/\\\/www.atechnicseng.com\\\/fr\\\/atls-automatic-truck-loader\\\/#breadcrumb\"},\"inLanguage\":\"fr-FR\",\"potentialAction\":[{\"@type\":\"ReadAction\",\"target\":[\"https:\\\/\\\/www.atechnicseng.com\\\/fr\\\/atls-automatic-truck-loader\\\/\"]}]},{\"@type\":\"ImageObject\",\"inLanguage\":\"fr-FR\",\"@id\":\"https:\\\/\\\/www.atechnicseng.com\\\/fr\\\/atls-automatic-truck-loader\\\/#primaryimage\",\"url\":\"https:\\\/\\\/www.atechnicseng.com\\\/wp-content\\\/uploads\\\/2022\\\/03\\\/ATLS_0001_aaaaaaaaaaaaatl.jpg\",\"contentUrl\":\"https:\\\/\\\/www.atechnicseng.com\\\/wp-content\\\/uploads\\\/2022\\\/03\\\/ATLS_0001_aaaaaaaaaaaaatl.jpg\"},{\"@type\":\"BreadcrumbList\",\"@id\":\"https:\\\/\\\/www.atechnicseng.com\\\/fr\\\/atls-automatic-truck-loader\\\/#breadcrumb\",\"itemListElement\":[{\"@type\":\"ListItem\",\"position\":1,\"name\":\"Portada\",\"item\":\"https:\\\/\\\/www.atechnicseng.com\\\/fr\\\/\"},{\"@type\":\"ListItem\",\"position\":2,\"name\":\"ATLS (Automatic Truck Loader System)\"}]},{\"@type\":\"WebSite\",\"@id\":\"https:\\\/\\\/www.atechnicseng.com\\\/fr\\\/#website\",\"url\":\"https:\\\/\\\/www.atechnicseng.com\\\/fr\\\/\",\"name\":\"A. Technics Engineering\",\"description\":\"\",\"potentialAction\":[{\"@type\":\"SearchAction\",\"target\":{\"@type\":\"EntryPoint\",\"urlTemplate\":\"https:\\\/\\\/www.atechnicseng.com\\\/fr\\\/?s={search_term_string}\"},\"query-input\":{\"@type\":\"PropertyValueSpecification\",\"valueRequired\":true,\"valueName\":\"search_term_string\"}}],\"inLanguage\":\"fr-FR\"}]}<\/script>\n<!-- \/ Yoast SEO plugin. -->","yoast_head_json":{"title":"ATLS (Automatic Truck Loader System) - A. Technics Engineering","robots":{"index":"index","follow":"follow","max-snippet":"max-snippet:-1","max-image-preview":"max-image-preview:large","max-video-preview":"max-video-preview:-1"},"canonical":"https:\/\/www.atechnicseng.com\/fr\/atls-automatic-truck-loader\/","og_locale":"fr_FR","og_type":"article","og_title":"ATLS (Automatic Truck Loader System) - A. Technics Engineering","og_description":"ATLS (Automatic Truck Loader System) Produits Chargement automatique avec cabine adapt\u00e9e L&#8217;ATL avec une cabine adapt\u00e9e est con\u00e7u pour charger et d\u00e9charger un camion de mani\u00e8re autonome. La bo\u00eete est \u00e9quip\u00e9e de convoyeurs \u00e0 cha\u00eene le long de la bo\u00eete dans diff\u00e9rentes rang\u00e9es. D\u00e8s que le camion s&#8217;approche du quai, [&hellip;]","og_url":"https:\/\/www.atechnicseng.com\/fr\/atls-automatic-truck-loader\/","og_site_name":"A. Technics Engineering","article_modified_time":"2022-03-16T14:22:34+00:00","og_image":[{"url":"https:\/\/www.atechnicseng.com\/wp-content\/uploads\/2022\/03\/ATLS_0001_aaaaaaaaaaaaatl.jpg","type":"","width":"","height":""}],"twitter_card":"summary_large_image","twitter_misc":{"Dur\u00e9e de lecture estim\u00e9e":"5 minutes"},"schema":{"@context":"https:\/\/schema.org","@graph":[{"@type":"WebPage","@id":"https:\/\/www.atechnicseng.com\/fr\/atls-automatic-truck-loader\/","url":"https:\/\/www.atechnicseng.com\/fr\/atls-automatic-truck-loader\/","name":"ATLS (Automatic Truck Loader System) - A. Technics Engineering","isPartOf":{"@id":"https:\/\/www.atechnicseng.com\/fr\/#website"},"primaryImageOfPage":{"@id":"https:\/\/www.atechnicseng.com\/fr\/atls-automatic-truck-loader\/#primaryimage"},"image":{"@id":"https:\/\/www.atechnicseng.com\/fr\/atls-automatic-truck-loader\/#primaryimage"},"thumbnailUrl":"https:\/\/www.atechnicseng.com\/wp-content\/uploads\/2022\/03\/ATLS_0001_aaaaaaaaaaaaatl.jpg","datePublished":"2022-02-08T08:42:26+00:00","dateModified":"2022-03-16T14:22:34+00:00","breadcrumb":{"@id":"https:\/\/www.atechnicseng.com\/fr\/atls-automatic-truck-loader\/#breadcrumb"},"inLanguage":"fr-FR","potentialAction":[{"@type":"ReadAction","target":["https:\/\/www.atechnicseng.com\/fr\/atls-automatic-truck-loader\/"]}]},{"@type":"ImageObject","inLanguage":"fr-FR","@id":"https:\/\/www.atechnicseng.com\/fr\/atls-automatic-truck-loader\/#primaryimage","url":"https:\/\/www.atechnicseng.com\/wp-content\/uploads\/2022\/03\/ATLS_0001_aaaaaaaaaaaaatl.jpg","contentUrl":"https:\/\/www.atechnicseng.com\/wp-content\/uploads\/2022\/03\/ATLS_0001_aaaaaaaaaaaaatl.jpg"},{"@type":"BreadcrumbList","@id":"https:\/\/www.atechnicseng.com\/fr\/atls-automatic-truck-loader\/#breadcrumb","itemListElement":[{"@type":"ListItem","position":1,"name":"Portada","item":"https:\/\/www.atechnicseng.com\/fr\/"},{"@type":"ListItem","position":2,"name":"ATLS (Automatic Truck Loader System)"}]},{"@type":"WebSite","@id":"https:\/\/www.atechnicseng.com\/fr\/#website","url":"https:\/\/www.atechnicseng.com\/fr\/","name":"A. Technics Engineering","description":"","potentialAction":[{"@type":"SearchAction","target":{"@type":"EntryPoint","urlTemplate":"https:\/\/www.atechnicseng.com\/fr\/?s={search_term_string}"},"query-input":{"@type":"PropertyValueSpecification","valueRequired":true,"valueName":"search_term_string"}}],"inLanguage":"fr-FR"}]}},"_links":{"self":[{"href":"https:\/\/www.atechnicseng.com\/fr\/wp-json\/wp\/v2\/pages\/5866","targetHints":{"allow":["GET"]}}],"collection":[{"href":"https:\/\/www.atechnicseng.com\/fr\/wp-json\/wp\/v2\/pages"}],"about":[{"href":"https:\/\/www.atechnicseng.com\/fr\/wp-json\/wp\/v2\/types\/page"}],"author":[{"embeddable":true,"href":"https:\/\/www.atechnicseng.com\/fr\/wp-json\/wp\/v2\/users\/1"}],"replies":[{"embeddable":true,"href":"https:\/\/www.atechnicseng.com\/fr\/wp-json\/wp\/v2\/comments?post=5866"}],"version-history":[{"count":22,"href":"https:\/\/www.atechnicseng.com\/fr\/wp-json\/wp\/v2\/pages\/5866\/revisions"}],"predecessor-version":[{"id":7557,"href":"https:\/\/www.atechnicseng.com\/fr\/wp-json\/wp\/v2\/pages\/5866\/revisions\/7557"}],"wp:attachment":[{"href":"https:\/\/www.atechnicseng.com\/fr\/wp-json\/wp\/v2\/media?parent=5866"}],"curies":[{"name":"wp","href":"https:\/\/api.w.org\/{rel}","templated":true}]}}