{"id":5907,"date":"2022-01-11T11:11:56","date_gmt":"2022-01-11T11:11:56","guid":{"rendered":"https:\/\/www.atechnicseng.com\/carga-descarga-automatica-de-camiones\/"},"modified":"2022-03-10T15:44:58","modified_gmt":"2022-03-10T15:44:58","slug":"chargement-dechargement-automatique-des-camions","status":"publish","type":"page","link":"https:\/\/www.atechnicseng.com\/fr\/chargement-dechargement-automatique-des-camions\/","title":{"rendered":"Chargement\/d\u00e9chargement automatique des camions"},"content":{"rendered":"\t\t<div data-elementor-type=\"wp-page\" data-elementor-id=\"5907\" class=\"elementor elementor-5907 elementor-1976\" data-elementor-post-type=\"page\">\n\t\t\t\t\t\t<section class=\"elementor-section elementor-top-section elementor-element elementor-element-4a39862 elementor-section-full_width elementor-section-height-min-height elementor-section-stretched elementor-section-height-default elementor-section-items-middle\" data-id=\"4a39862\" data-element_type=\"section\" data-e-type=\"section\" data-settings=\"{&quot;stretch_section&quot;:&quot;section-stretched&quot;,&quot;background_background&quot;:&quot;classic&quot;}\">\n\t\t\t\t\t\t\t<div class=\"elementor-background-overlay\"><\/div>\n\t\t\t\t\t\t\t<div class=\"elementor-container elementor-column-gap-default\">\n\t\t\t\t\t<div class=\"elementor-column elementor-col-100 elementor-top-column elementor-element elementor-element-5a8cec0\" data-id=\"5a8cec0\" data-element_type=\"column\" data-e-type=\"column\">\n\t\t\t<div class=\"elementor-widget-wrap elementor-element-populated\">\n\t\t\t\t\t\t<div class=\"elementor-element elementor-element-d1132c6 elementor-widget elementor-widget-heading\" data-id=\"d1132c6\" data-element_type=\"widget\" data-e-type=\"widget\" data-widget_type=\"heading.default\">\n\t\t\t\t<div class=\"elementor-widget-container\">\n\t\t\t\t\t<h2 class=\"elementor-heading-title elementor-size-default\">Chargement\/d\u00e9chargement automatique des camions<\/h2>\t\t\t\t<\/div>\n\t\t\t\t<\/div>\n\t\t\t\t\t<\/div>\n\t\t<\/div>\n\t\t\t\t\t<\/div>\n\t\t<\/section>\n\t\t\t\t<section class=\"elementor-section elementor-top-section elementor-element elementor-element-8bd1c92 elementor-section-stretched elementor-section-boxed elementor-section-height-default elementor-section-height-default\" data-id=\"8bd1c92\" data-element_type=\"section\" data-e-type=\"section\" data-settings=\"{&quot;stretch_section&quot;:&quot;section-stretched&quot;}\">\n\t\t\t\t\t\t<div class=\"elementor-container elementor-column-gap-default\">\n\t\t\t\t\t<div class=\"elementor-column elementor-col-100 elementor-top-column elementor-element elementor-element-5cda72d\" data-id=\"5cda72d\" data-element_type=\"column\" data-e-type=\"column\">\n\t\t\t<div class=\"elementor-widget-wrap elementor-element-populated\">\n\t\t\t\t\t\t<div class=\"elementor-element elementor-element-5038242 elementor-widget elementor-widget-heading\" data-id=\"5038242\" data-element_type=\"widget\" data-e-type=\"widget\" data-widget_type=\"heading.default\">\n\t\t\t\t<div class=\"elementor-widget-container\">\n\t\t\t\t\t<h3 class=\"elementor-heading-title elementor-size-default\">Solutions<\/h3>\t\t\t\t<\/div>\n\t\t\t\t<\/div>\n\t\t\t\t<div class=\"elementor-element elementor-element-abc4b88 elementor-widget elementor-widget-heading\" data-id=\"abc4b88\" data-element_type=\"widget\" data-e-type=\"widget\" data-widget_type=\"heading.default\">\n\t\t\t\t<div class=\"elementor-widget-container\">\n\t\t\t\t\t<h2 class=\"elementor-heading-title elementor-size-default\">Chargement\/d\u00e9chargement automatique des camions<\/h2>\t\t\t\t<\/div>\n\t\t\t\t<\/div>\n\t\t\t\t<div class=\"elementor-element elementor-element-f756701 elementor-widget elementor-widget-spacer\" data-id=\"f756701\" data-element_type=\"widget\" data-e-type=\"widget\" data-widget_type=\"spacer.default\">\n\t\t\t\t<div class=\"elementor-widget-container\">\n\t\t\t\t\t\t\t<div class=\"elementor-spacer\">\n\t\t\t<div class=\"elementor-spacer-inner\"><\/div>\n\t\t<\/div>\n\t\t\t\t\t\t<\/div>\n\t\t\t\t<\/div>\n\t\t\t\t<div class=\"elementor-element elementor-element-fab2acb elementor-widget elementor-widget-video\" data-id=\"fab2acb\" data-element_type=\"widget\" data-e-type=\"widget\" data-settings=\"{&quot;youtube_url&quot;:&quot;https:\\\/\\\/www.youtube.com\\\/watch?v=1NeEL9OR924&quot;,&quot;video_type&quot;:&quot;youtube&quot;,&quot;controls&quot;:&quot;yes&quot;}\" data-widget_type=\"video.default\">\n\t\t\t\t<div class=\"elementor-widget-container\">\n\t\t\t\t\t\t\t<div class=\"elementor-wrapper elementor-open-inline\">\n\t\t\t<div class=\"elementor-video\"><\/div>\t\t<\/div>\n\t\t\t\t\t\t<\/div>\n\t\t\t\t<\/div>\n\t\t\t\t\t<\/div>\n\t\t<\/div>\n\t\t\t\t\t<\/div>\n\t\t<\/section>\n\t\t\t\t<section class=\"elementor-section elementor-top-section elementor-element elementor-element-f8ce6c1 elementor-section-stretched elementor-section-boxed elementor-section-height-default elementor-section-height-default\" data-id=\"f8ce6c1\" data-element_type=\"section\" data-e-type=\"section\" data-settings=\"{&quot;stretch_section&quot;:&quot;section-stretched&quot;}\">\n\t\t\t\t\t\t<div class=\"elementor-container elementor-column-gap-default\">\n\t\t\t\t\t<div class=\"elementor-column elementor-col-100 elementor-top-column elementor-element elementor-element-2446a49\" data-id=\"2446a49\" data-element_type=\"column\" data-e-type=\"column\">\n\t\t\t<div class=\"elementor-widget-wrap elementor-element-populated\">\n\t\t\t\t\t\t<div class=\"elementor-element elementor-element-648f9e6 elementor-widget elementor-widget-text-editor\" data-id=\"648f9e6\" data-element_type=\"widget\" data-e-type=\"widget\" data-widget_type=\"text-editor.default\">\n\t\t\t\t<div class=\"elementor-widget-container\">\n\t\t\t\t\t\t\t\t\t<p>Les ATLS (Automatic Truck Loading Systems) sont des syst\u00e8mes automatiques pour charger et d\u00e9charger des camions en quelques minutes. Ils sont la solution id\u00e9ale par laquelle les palettes sont ins\u00e9r\u00e9es et retir\u00e9es des camions de mani\u00e8re robotis\u00e9e et avec une intervention minimale des op\u00e9rateurs.<\/p>\t\t\t\t\t\t\t\t<\/div>\n\t\t\t\t<\/div>\n\t\t\t\t<div class=\"elementor-element elementor-element-15ab5bc elementor-widget elementor-widget-text-editor\" data-id=\"15ab5bc\" data-element_type=\"widget\" data-e-type=\"widget\" data-widget_type=\"text-editor.default\">\n\t\t\t\t<div class=\"elementor-widget-container\">\n\t\t\t\t\t\t\t\t\t<p>Les avantages d&#8217;ATLS sont nombreux:<\/p>\t\t\t\t\t\t\t\t<\/div>\n\t\t\t\t<\/div>\n\t\t\t\t<div class=\"elementor-element elementor-element-b68b8ff elementor-icon-list--layout-traditional elementor-list-item-link-full_width elementor-widget elementor-widget-icon-list\" data-id=\"b68b8ff\" data-element_type=\"widget\" data-e-type=\"widget\" data-widget_type=\"icon-list.default\">\n\t\t\t\t<div class=\"elementor-widget-container\">\n\t\t\t\t\t\t\t<ul class=\"elementor-icon-list-items\">\n\t\t\t\t\t\t\t<li class=\"elementor-icon-list-item\">\n\t\t\t\t\t\t\t\t\t\t\t<span class=\"elementor-icon-list-icon\">\n\t\t\t\t\t\t\t<i aria-hidden=\"true\" class=\"fas fa-check\"><\/i>\t\t\t\t\t\t<\/span>\n\t\t\t\t\t\t\t\t\t\t<span class=\"elementor-icon-list-text\">Une productivit\u00e9 plus \u00e9lev\u00e9e<\/span>\n\t\t\t\t\t\t\t\t\t<\/li>\n\t\t\t\t\t\t\t\t<li class=\"elementor-icon-list-item\">\n\t\t\t\t\t\t\t\t\t\t\t<span class=\"elementor-icon-list-icon\">\n\t\t\t\t\t\t\t<i aria-hidden=\"true\" class=\"fas fa-check\"><\/i>\t\t\t\t\t\t<\/span>\n\t\t\t\t\t\t\t\t\t\t<span class=\"elementor-icon-list-text\">Protection des marchandises<\/span>\n\t\t\t\t\t\t\t\t\t<\/li>\n\t\t\t\t\t\t\t\t<li class=\"elementor-icon-list-item\">\n\t\t\t\t\t\t\t\t\t\t\t<span class=\"elementor-icon-list-icon\">\n\t\t\t\t\t\t\t<i aria-hidden=\"true\" class=\"fas fa-check\"><\/i>\t\t\t\t\t\t<\/span>\n\t\t\t\t\t\t\t\t\t\t<span class=\"elementor-icon-list-text\">Utilisation de la surface<\/span>\n\t\t\t\t\t\t\t\t\t<\/li>\n\t\t\t\t\t\t\t\t<li class=\"elementor-icon-list-item\">\n\t\t\t\t\t\t\t\t\t\t\t<span class=\"elementor-icon-list-icon\">\n\t\t\t\t\t\t\t<i aria-hidden=\"true\" class=\"fas fa-check\"><\/i>\t\t\t\t\t\t<\/span>\n\t\t\t\t\t\t\t\t\t\t<span class=\"elementor-icon-list-text\">S\u00e9curit\u00e9 de l'op\u00e9rateur<\/span>\n\t\t\t\t\t\t\t\t\t<\/li>\n\t\t\t\t\t\t\t\t<li class=\"elementor-icon-list-item\">\n\t\t\t\t\t\t\t\t\t\t\t<span class=\"elementor-icon-list-icon\">\n\t\t\t\t\t\t\t<i aria-hidden=\"true\" class=\"fas fa-check\"><\/i>\t\t\t\t\t\t<\/span>\n\t\t\t\t\t\t\t\t\t\t<span class=\"elementor-icon-list-text\">Optimisation de la main-d'\u0153uvre<\/span>\n\t\t\t\t\t\t\t\t\t<\/li>\n\t\t\t\t\t\t\t\t<li class=\"elementor-icon-list-item\">\n\t\t\t\t\t\t\t\t\t\t\t<span class=\"elementor-icon-list-icon\">\n\t\t\t\t\t\t\t<i aria-hidden=\"true\" class=\"fas fa-check\"><\/i>\t\t\t\t\t\t<\/span>\n\t\t\t\t\t\t\t\t\t\t<span class=\"elementor-icon-list-text\">Diminution des co\u00fbts d'exploitation<\/span>\n\t\t\t\t\t\t\t\t\t<\/li>\n\t\t\t\t\t\t\t\t<li class=\"elementor-icon-list-item\">\n\t\t\t\t\t\t\t\t\t\t\t<span class=\"elementor-icon-list-icon\">\n\t\t\t\t\t\t\t<i aria-hidden=\"true\" class=\"fas fa-check\"><\/i>\t\t\t\t\t\t<\/span>\n\t\t\t\t\t\t\t\t\t\t<span class=\"elementor-icon-list-text\">Retour sur investissement (ROI) rapide<\/span>\n\t\t\t\t\t\t\t\t\t<\/li>\n\t\t\t\t\t\t<\/ul>\n\t\t\t\t\t\t<\/div>\n\t\t\t\t<\/div>\n\t\t\t\t\t<\/div>\n\t\t<\/div>\n\t\t\t\t\t<\/div>\n\t\t<\/section>\n\t\t\t\t<\/div>\n\t\t","protected":false},"excerpt":{"rendered":"<p>Chargement\/d\u00e9chargement automatique des camions Solutions Chargement\/d\u00e9chargement automatique des camions https:\/\/www.youtube.com\/watch?v=1NeEL9OR924 Les ATLS (Automatic Truck Loading Systems) sont des syst\u00e8mes automatiques pour charger et d\u00e9charger des camions en quelques minutes. Ils sont la solution id\u00e9ale par laquelle les palettes sont ins\u00e9r\u00e9es et retir\u00e9es des camions de mani\u00e8re robotis\u00e9e et avec une [&hellip;]<\/p>\n","protected":false},"author":1,"featured_media":0,"parent":0,"menu_order":0,"comment_status":"closed","ping_status":"closed","template":"","meta":{"_joinchat":[],"footnotes":""},"class_list":["post-5907","page","type-page","status-publish","hentry"],"yoast_head":"<!-- This site is optimized with the Yoast SEO plugin v27.3 - https:\/\/yoast.com\/product\/yoast-seo-wordpress\/ -->\n<title>Chargement\/d\u00e9chargement automatique des camions - A. Technics Engineering<\/title>\n<meta name=\"robots\" content=\"index, follow, max-snippet:-1, max-image-preview:large, max-video-preview:-1\" \/>\n<link rel=\"canonical\" href=\"https:\/\/www.atechnicseng.com\/fr\/chargement-dechargement-automatique-des-camions\/\" \/>\n<meta property=\"og:locale\" content=\"fr_FR\" \/>\n<meta property=\"og:type\" content=\"article\" \/>\n<meta property=\"og:title\" content=\"Chargement\/d\u00e9chargement automatique des camions - A. Technics Engineering\" \/>\n<meta property=\"og:description\" content=\"Chargement\/d\u00e9chargement automatique des camions Solutions Chargement\/d\u00e9chargement automatique des camions https:\/\/www.youtube.com\/watch?v=1NeEL9OR924 Les ATLS (Automatic Truck Loading Systems) sont des syst\u00e8mes automatiques pour charger et d\u00e9charger des camions en quelques minutes. Ils sont la solution id\u00e9ale par laquelle les palettes sont ins\u00e9r\u00e9es et retir\u00e9es des camions de mani\u00e8re robotis\u00e9e et avec une [&hellip;]\" \/>\n<meta property=\"og:url\" content=\"https:\/\/www.atechnicseng.com\/fr\/chargement-dechargement-automatique-des-camions\/\" \/>\n<meta property=\"og:site_name\" content=\"A. Technics Engineering\" \/>\n<meta property=\"article:modified_time\" content=\"2022-03-10T15:44:58+00:00\" \/>\n<meta name=\"twitter:card\" content=\"summary_large_image\" \/>\n<meta name=\"twitter:label1\" content=\"Dur\u00e9e de lecture estim\u00e9e\" \/>\n\t<meta name=\"twitter:data1\" content=\"1 minute\" \/>\n<script type=\"application\/ld+json\" class=\"yoast-schema-graph\">{\"@context\":\"https:\\\/\\\/schema.org\",\"@graph\":[{\"@type\":\"WebPage\",\"@id\":\"https:\\\/\\\/www.atechnicseng.com\\\/fr\\\/chargement-dechargement-automatique-des-camions\\\/\",\"url\":\"https:\\\/\\\/www.atechnicseng.com\\\/fr\\\/chargement-dechargement-automatique-des-camions\\\/\",\"name\":\"Chargement\\\/d\u00e9chargement automatique des camions - A. Technics Engineering\",\"isPartOf\":{\"@id\":\"https:\\\/\\\/www.atechnicseng.com\\\/fr\\\/#website\"},\"datePublished\":\"2022-01-11T11:11:56+00:00\",\"dateModified\":\"2022-03-10T15:44:58+00:00\",\"breadcrumb\":{\"@id\":\"https:\\\/\\\/www.atechnicseng.com\\\/fr\\\/chargement-dechargement-automatique-des-camions\\\/#breadcrumb\"},\"inLanguage\":\"fr-FR\",\"potentialAction\":[{\"@type\":\"ReadAction\",\"target\":[\"https:\\\/\\\/www.atechnicseng.com\\\/fr\\\/chargement-dechargement-automatique-des-camions\\\/\"]}]},{\"@type\":\"BreadcrumbList\",\"@id\":\"https:\\\/\\\/www.atechnicseng.com\\\/fr\\\/chargement-dechargement-automatique-des-camions\\\/#breadcrumb\",\"itemListElement\":[{\"@type\":\"ListItem\",\"position\":1,\"name\":\"Portada\",\"item\":\"https:\\\/\\\/www.atechnicseng.com\\\/fr\\\/\"},{\"@type\":\"ListItem\",\"position\":2,\"name\":\"Chargement\\\/d\u00e9chargement automatique des camions\"}]},{\"@type\":\"WebSite\",\"@id\":\"https:\\\/\\\/www.atechnicseng.com\\\/fr\\\/#website\",\"url\":\"https:\\\/\\\/www.atechnicseng.com\\\/fr\\\/\",\"name\":\"A. Technics Engineering\",\"description\":\"\",\"potentialAction\":[{\"@type\":\"SearchAction\",\"target\":{\"@type\":\"EntryPoint\",\"urlTemplate\":\"https:\\\/\\\/www.atechnicseng.com\\\/fr\\\/?s={search_term_string}\"},\"query-input\":{\"@type\":\"PropertyValueSpecification\",\"valueRequired\":true,\"valueName\":\"search_term_string\"}}],\"inLanguage\":\"fr-FR\"}]}<\/script>\n<!-- \/ Yoast SEO plugin. -->","yoast_head_json":{"title":"Chargement\/d\u00e9chargement automatique des camions - A. Technics Engineering","robots":{"index":"index","follow":"follow","max-snippet":"max-snippet:-1","max-image-preview":"max-image-preview:large","max-video-preview":"max-video-preview:-1"},"canonical":"https:\/\/www.atechnicseng.com\/fr\/chargement-dechargement-automatique-des-camions\/","og_locale":"fr_FR","og_type":"article","og_title":"Chargement\/d\u00e9chargement automatique des camions - A. Technics Engineering","og_description":"Chargement\/d\u00e9chargement automatique des camions Solutions Chargement\/d\u00e9chargement automatique des camions https:\/\/www.youtube.com\/watch?v=1NeEL9OR924 Les ATLS (Automatic Truck Loading Systems) sont des syst\u00e8mes automatiques pour charger et d\u00e9charger des camions en quelques minutes. Ils sont la solution id\u00e9ale par laquelle les palettes sont ins\u00e9r\u00e9es et retir\u00e9es des camions de mani\u00e8re robotis\u00e9e et avec une [&hellip;]","og_url":"https:\/\/www.atechnicseng.com\/fr\/chargement-dechargement-automatique-des-camions\/","og_site_name":"A. Technics Engineering","article_modified_time":"2022-03-10T15:44:58+00:00","twitter_card":"summary_large_image","twitter_misc":{"Dur\u00e9e de lecture estim\u00e9e":"1 minute"},"schema":{"@context":"https:\/\/schema.org","@graph":[{"@type":"WebPage","@id":"https:\/\/www.atechnicseng.com\/fr\/chargement-dechargement-automatique-des-camions\/","url":"https:\/\/www.atechnicseng.com\/fr\/chargement-dechargement-automatique-des-camions\/","name":"Chargement\/d\u00e9chargement automatique des camions - A. Technics Engineering","isPartOf":{"@id":"https:\/\/www.atechnicseng.com\/fr\/#website"},"datePublished":"2022-01-11T11:11:56+00:00","dateModified":"2022-03-10T15:44:58+00:00","breadcrumb":{"@id":"https:\/\/www.atechnicseng.com\/fr\/chargement-dechargement-automatique-des-camions\/#breadcrumb"},"inLanguage":"fr-FR","potentialAction":[{"@type":"ReadAction","target":["https:\/\/www.atechnicseng.com\/fr\/chargement-dechargement-automatique-des-camions\/"]}]},{"@type":"BreadcrumbList","@id":"https:\/\/www.atechnicseng.com\/fr\/chargement-dechargement-automatique-des-camions\/#breadcrumb","itemListElement":[{"@type":"ListItem","position":1,"name":"Portada","item":"https:\/\/www.atechnicseng.com\/fr\/"},{"@type":"ListItem","position":2,"name":"Chargement\/d\u00e9chargement automatique des camions"}]},{"@type":"WebSite","@id":"https:\/\/www.atechnicseng.com\/fr\/#website","url":"https:\/\/www.atechnicseng.com\/fr\/","name":"A. Technics Engineering","description":"","potentialAction":[{"@type":"SearchAction","target":{"@type":"EntryPoint","urlTemplate":"https:\/\/www.atechnicseng.com\/fr\/?s={search_term_string}"},"query-input":{"@type":"PropertyValueSpecification","valueRequired":true,"valueName":"search_term_string"}}],"inLanguage":"fr-FR"}]}},"_links":{"self":[{"href":"https:\/\/www.atechnicseng.com\/fr\/wp-json\/wp\/v2\/pages\/5907","targetHints":{"allow":["GET"]}}],"collection":[{"href":"https:\/\/www.atechnicseng.com\/fr\/wp-json\/wp\/v2\/pages"}],"about":[{"href":"https:\/\/www.atechnicseng.com\/fr\/wp-json\/wp\/v2\/types\/page"}],"author":[{"embeddable":true,"href":"https:\/\/www.atechnicseng.com\/fr\/wp-json\/wp\/v2\/users\/1"}],"replies":[{"embeddable":true,"href":"https:\/\/www.atechnicseng.com\/fr\/wp-json\/wp\/v2\/comments?post=5907"}],"version-history":[{"count":4,"href":"https:\/\/www.atechnicseng.com\/fr\/wp-json\/wp\/v2\/pages\/5907\/revisions"}],"predecessor-version":[{"id":5915,"href":"https:\/\/www.atechnicseng.com\/fr\/wp-json\/wp\/v2\/pages\/5907\/revisions\/5915"}],"wp:attachment":[{"href":"https:\/\/www.atechnicseng.com\/fr\/wp-json\/wp\/v2\/media?parent=5907"}],"curies":[{"name":"wp","href":"https:\/\/api.w.org\/{rel}","templated":true}]}}