{"id":6078,"date":"2022-02-16T15:54:55","date_gmt":"2022-02-16T15:54:55","guid":{"rendered":"https:\/\/www.atechnicseng.com\/aviso-legal\/"},"modified":"2022-03-10T16:42:15","modified_gmt":"2022-03-10T16:42:15","slug":"avis-juridique","status":"publish","type":"page","link":"https:\/\/www.atechnicseng.com\/fr\/avis-juridique\/","title":{"rendered":"Avis juridique"},"content":{"rendered":"\t\t<div data-elementor-type=\"wp-page\" data-elementor-id=\"6078\" class=\"elementor elementor-6078 elementor-3927\" data-elementor-post-type=\"page\">\n\t\t\t\t\t\t<section class=\"elementor-section elementor-top-section elementor-element elementor-element-da41067 elementor-section-full_width elementor-section-height-min-height elementor-section-stretched elementor-section-height-default elementor-section-items-middle\" data-id=\"da41067\" data-element_type=\"section\" data-e-type=\"section\" data-settings=\"{&quot;stretch_section&quot;:&quot;section-stretched&quot;,&quot;background_background&quot;:&quot;classic&quot;}\">\n\t\t\t\t\t\t\t<div class=\"elementor-background-overlay\"><\/div>\n\t\t\t\t\t\t\t<div class=\"elementor-container elementor-column-gap-default\">\n\t\t\t\t\t<div class=\"elementor-column elementor-col-100 elementor-top-column elementor-element elementor-element-7596740\" data-id=\"7596740\" data-element_type=\"column\" data-e-type=\"column\">\n\t\t\t<div class=\"elementor-widget-wrap elementor-element-populated\">\n\t\t\t\t\t\t<div class=\"elementor-element elementor-element-7554a5b elementor-widget elementor-widget-heading\" data-id=\"7554a5b\" data-element_type=\"widget\" data-e-type=\"widget\" data-widget_type=\"heading.default\">\n\t\t\t\t<div class=\"elementor-widget-container\">\n\t\t\t\t\t<h2 class=\"elementor-heading-title elementor-size-default\">Avis juridique<\/h2>\t\t\t\t<\/div>\n\t\t\t\t<\/div>\n\t\t\t\t\t<\/div>\n\t\t<\/div>\n\t\t\t\t\t<\/div>\n\t\t<\/section>\n\t\t\t\t<section class=\"elementor-section elementor-top-section elementor-element elementor-element-7c5cf48 elementor-section-boxed elementor-section-height-default elementor-section-height-default\" data-id=\"7c5cf48\" data-element_type=\"section\" data-e-type=\"section\">\n\t\t\t\t\t\t<div class=\"elementor-container elementor-column-gap-default\">\n\t\t\t\t\t<div class=\"elementor-column elementor-col-100 elementor-top-column elementor-element elementor-element-df34927\" data-id=\"df34927\" data-element_type=\"column\" data-e-type=\"column\">\n\t\t\t<div class=\"elementor-widget-wrap elementor-element-populated\">\n\t\t\t\t\t\t<div class=\"elementor-element elementor-element-18116b0 elementor-widget elementor-widget-text-editor\" data-id=\"18116b0\" data-element_type=\"widget\" data-e-type=\"widget\" data-widget_type=\"text-editor.default\">\n\t\t\t\t<div class=\"elementor-widget-container\">\n\t\t\t\t\t\t\t\t\t<p>Raison sociale: Alfa Technics Engineering, SLU<\/p><p>Nom commercial: A.Technics Engineering<\/p><p>Si\u00e9ge social: Avda. Corts Catalanes 5-7, 08173- Sant Cugat del Vall\u00e9s-Bcn<\/p><p>CIF \/ NIF: B67827162<\/p><p>T\u00e9l\u00e9phone: 931 91 15 73<\/p><p>E-mail: <a href=\"mailto:info@atechnicseng.com\">info@atechnicseng.com<\/a><\/p><p><strong>OBJET<\/strong><\/p><p>Le fournisseur, responsable du site Web, met \u00e0 la disposition des utilisateurs ce document avec lequel il entend se conformer aux obligations \u00e9nonc\u00e9es dans la loi 34\/2002 sur les services de la soci\u00e9t\u00e9 de l\u2019information et le commerce \u00e9lectronique (LSSI-CE), ainsi que d\u2019informer tous les utilisateurs du site les conditions d\u2019utilisation du site.<\/p><p>Toute personne acc\u00e9dant \u00e0 ce site Web assume le r\u00f4le d\u2019utilisateur, s\u2019engageant \u00e0 respecter et \u00e0 respecter scrupuleusement les dispositions \u00e9nonc\u00e9es dans les pr\u00e9sentes, ainsi que toute autre disposition l\u00e9gale \u00e9ventuellement applicable.<\/p><p>Le fournisseur se r\u00e9serve le droit de modifier tout type d\u2019informations pouvant figurer sur le site, sans obligation de pr\u00e9venir ou d\u2019informer les utilisateurs de ces obligations, \u00e9tant entendu qu\u2019il suffit que la publication sur le site Web du fournisseur soit effective.<\/p><p><strong>RESPONSABILITE<\/strong><\/p><p>Le fournisseur est d\u00e9gag\u00e9 de toute responsabilit\u00e9 r\u00e9sultant des informations publi\u00e9es sur son site web, \u00e0 condition que ces informations aient \u00e9t\u00e9 manipul\u00e9es ou introduites par un tiers.<\/p><p>Le site Web du fournisseur peut utiliser des cookies (petits fichiers d\u2019informations que le serveur envoie \u00e0 l\u2019ordinateur de la personne acc\u00e9dant \u00e0 la page) pour s\u2019acquitter de certaines fonctions jug\u00e9es essentielles pour le bon fonctionnement et la bonne visualisation du site. Les cookies utilis\u00e9s sur le site Web sont, en tout \u00e9tat de cause, de nature temporaire dans le seul but de rendre leur transmission ult\u00e9rieure plus efficaces et disparaissent \u00e0 la fin de la session de l\u2019utilisateur. Les cookies ne seront en aucun cas utilis\u00e9s pour collecter des informations personnelles, voir la politique des cookies.<\/p><p>\u00c0 partir du site Web du client, il est possible de rediriger vers des sites Web tiers. \u00c9tant donn\u00e9 que le fournisseur ne peut pas toujours contr\u00f4ler le contenu introduit par des tiers sur leurs sites Web, il n\u2019assume aucune responsabilit\u00e9 pour ce contenu. En tout \u00e9tat de cause, le fournisseur d\u00e9clare qu\u2019il proc\u00e9dera au retrait imm\u00e9diat de tout contenu susceptible de contrevenir \u00e0 la l\u00e9gislation nationale ou internationale, \u00e0 la morale ou \u00e0 l\u2019ordre public, au retrait imm\u00e9diat de la redirection vers ledit site Web, en informant le autorit\u00e9s comp\u00e9tentes le contenu en question.<\/p><p>Le fournisseur n\u2019est pas responsable des informations et du contenu stock\u00e9, \u00e0 titre d\u2019exemple, mais pas exclusivement, de forums, chats, g\u00e9n\u00e9rateurs de blogs, commentaires, r\u00e9seaux sociaux ou tout autre moyen permettant \u00e0 des tiers de publier des contenus de mani\u00e8re ind\u00e9pendante dans le site. site du fournisseur. Cependant, et conform\u00e9ment aux dispositions de l\u2019art. 11 et 16 de la LSSI-CE, le fournisseur est mis \u00e0 la disposition de tous les utilisateurs, autorit\u00e9s et forces de s\u00e9curit\u00e9, et collabore activement au retrait ou au blocage de tout contenu qui pourrait affecter ou contrevenir \u00e0 la l\u00e9gislation. les droits nationaux ou internationaux de tiers ou la moralit\u00e9 et l\u2019ordre public. Si l\u2019utilisateur estime que le contenu du site Web contient un contenu susceptible d\u2019\u00eatre concern\u00e9 par cette classification, veuillez en informer imm\u00e9diatement l\u2019administrateur du site Web.<\/p><p>Ce site Web a \u00e9t\u00e9 examin\u00e9 et test\u00e9 pour fonctionner correctement. En principe, le bon fonctionnement peut \u00eatre garanti 365 jours par an et 24 heures par jour. Toutefois, le fournisseur n\u2019exclut pas la possibilit\u00e9 de certaines erreurs de programmation ou de causes de force majeure, de catastrophes naturelles, de gr\u00e8ves ou de circonstances similaires rendant impossible l\u2019acc\u00e8s au site Web.<\/p><p><strong>PROTECTION DES DONNEES PERSONNELLES<\/strong><\/p><p>Le fournisseur est profond\u00e9ment attach\u00e9 au respect de la r\u00e9glementation espagnole en mati\u00e8re de protection des donn\u00e9es \u00e0 caract\u00e8re personnel et garantit le plein respect des obligations de la loi organique n \u00b0 3\/2018 du 5 d\u00e9cembre sur la protection des donn\u00e9es \u00e0 caract\u00e8re personnel et la garantie de la confidentialit\u00e9. droits num\u00e9riques, ainsi que la mise en \u0153uvre des mesures de s\u00e9curit\u00e9 pr\u00e9vues par le R\u00c8GLEMENT (UE) 2016\/679 DU PARLEMENT EUROP\u00c9EN ET DU CONSEIL du 27 avril 2016 relatif \u00e0 la protection des personnes physiques \u00e0 l\u2019\u00e9gard des donn\u00e9es personnelles et la libre circulation de ces donn\u00e9es (RGPD). Le fournisseur met \u00e0 la disposition des utilisateurs la politique de confidentialit\u00e9 de l\u2019entit\u00e9, qui en informe les utilisateurs, conform\u00e9ment aux articles 13 et 14 de la RGPD, en ce qui concerne le droit \u00e0 l\u2019information des personnes int\u00e9ress\u00e9es.<\/p><p><strong>PROPRI\u00c9T\u00c9 INTELLECTUELLE ET INDUSTRIELLE<\/strong><\/p><p>Le site Web, y compris, sans toutefois s\u2019y limiter, sa programmation, son \u00e9dition, sa compilation et d\u2019autres \u00e9l\u00e9ments n\u00e9cessaires \u00e0 son fonctionnement, les dessins, logos, textes et \/ ou graphiques sont la propri\u00e9t\u00e9 du fournisseur ou, le cas \u00e9ch\u00e9ant, sont soumis \u00e0 une licence ou \u00e0 une autorisation expresse. Une partie des auteurs. Tous les contenus du site sont d\u00fbment prot\u00e9g\u00e9s par les r\u00e8gles de la propri\u00e9t\u00e9 intellectuelle et industrielle, ainsi que dans les registres publics correspondants.<\/p><p>Quelle que soit leur destination, la reproduction totale ou partielle, l\u2019utilisation, l\u2019exploitation, la distribution et la commercialisation n\u00e9cessitent, dans tous les cas, une autorisation \u00e9crite pr\u00e9alable du fournisseur. Toute utilisation non pr\u00e9alablement autoris\u00e9e par le fournisseur sera consid\u00e9r\u00e9e comme une violation grave des droits de propri\u00e9t\u00e9 intellectuelle ou industrielle de l\u2019auteur.<\/p><p>Les dessins, logos, textes et \/ ou graphiques ext\u00e9rieurs au fournisseur et susceptibles d\u2019appara\u00eetre sur le site appartiennent \u00e0 leurs propri\u00e9taires respectifs, qui sont eux-m\u00eames responsables de la controverse qui pourrait na\u00eetre \u00e0 leur sujet. En tout \u00e9tat de cause, le fournisseur en a l\u2019autorisation expresse et pr\u00e9alable.<\/p><p>Le fournisseur reconna\u00eet les droits de la propri\u00e9t\u00e9 industrielle et intellectuelle en faveur de ses propri\u00e9taires, sans que leur existence ou leur pr\u00e9sence sur le site Web ne soit entach\u00e9e par l\u2019existence de droits ou de la responsabilit\u00e9 du fournisseur sur ceux-ci, ni par l\u2019aval, le parrainage ou la recommandation de la partie. du m\u00eame.<\/p><p>Pour faire tout type d\u2019observations concernant d\u2019\u00e9ventuelles violations des droits de propri\u00e9t\u00e9 intellectuelle ou industrielle, ainsi que sur le contenu du site Web, vous pouvez le faire via le courrier \u00e9lectronique suivant.<\/p><p><strong>DROIT APPLICABLE ET JURIDICTION<\/strong><\/p><p>Pour la r\u00e9solution de tous les litiges ou probl\u00e8mes li\u00e9s \u00e0 ce site Web ou aux activit\u00e9s qui y sont d\u00e9velopp\u00e9es, la l\u00e9gislation espagnole s\u2019applique, \u00e0 laquelle les parties se soumettent express\u00e9ment, \u00e9tant comp\u00e9tente pour r\u00e9gler tous les diff\u00e9rends pouvant survenir ou non. li\u00e9es \u00e0 son utilisation par les cours et tribunaux de Barcelone.<\/p>\t\t\t\t\t\t\t\t<\/div>\n\t\t\t\t<\/div>\n\t\t\t\t\t<\/div>\n\t\t<\/div>\n\t\t\t\t\t<\/div>\n\t\t<\/section>\n\t\t\t\t<\/div>\n\t\t","protected":false},"excerpt":{"rendered":"<p>Avis juridique Raison sociale: Alfa Technics Engineering, SLU Nom commercial: A.Technics Engineering Si\u00e9ge social: Avda. Corts Catalanes 5-7, 08173- Sant Cugat del Vall\u00e9s-Bcn CIF \/ NIF: B67827162 T\u00e9l\u00e9phone: 931 91 15 73 E-mail: info@atechnicseng.com OBJET Le fournisseur, responsable du site Web, met \u00e0 la disposition des utilisateurs ce document avec [&hellip;]<\/p>\n","protected":false},"author":1,"featured_media":0,"parent":0,"menu_order":0,"comment_status":"closed","ping_status":"closed","template":"","meta":{"_joinchat":[],"footnotes":""},"class_list":["post-6078","page","type-page","status-publish","hentry"],"yoast_head":"<!-- This site is optimized with the Yoast SEO plugin v27.3 - https:\/\/yoast.com\/product\/yoast-seo-wordpress\/ -->\n<title>Avis juridique - A. Technics Engineering<\/title>\n<meta name=\"robots\" content=\"index, follow, max-snippet:-1, max-image-preview:large, max-video-preview:-1\" \/>\n<link rel=\"canonical\" href=\"https:\/\/www.atechnicseng.com\/fr\/avis-juridique\/\" \/>\n<meta property=\"og:locale\" content=\"fr_FR\" \/>\n<meta property=\"og:type\" content=\"article\" \/>\n<meta property=\"og:title\" content=\"Avis juridique - A. Technics Engineering\" \/>\n<meta property=\"og:description\" content=\"Avis juridique Raison sociale: Alfa Technics Engineering, SLU Nom commercial: A.Technics Engineering Si\u00e9ge social: Avda. Corts Catalanes 5-7, 08173- Sant Cugat del Vall\u00e9s-Bcn CIF \/ NIF: B67827162 T\u00e9l\u00e9phone: 931 91 15 73 E-mail: info@atechnicseng.com OBJET Le fournisseur, responsable du site Web, met \u00e0 la disposition des utilisateurs ce document avec [&hellip;]\" \/>\n<meta property=\"og:url\" content=\"https:\/\/www.atechnicseng.com\/fr\/avis-juridique\/\" \/>\n<meta property=\"og:site_name\" content=\"A. Technics Engineering\" \/>\n<meta property=\"article:modified_time\" content=\"2022-03-10T16:42:15+00:00\" \/>\n<meta name=\"twitter:card\" content=\"summary_large_image\" \/>\n<meta name=\"twitter:label1\" content=\"Dur\u00e9e de lecture estim\u00e9e\" \/>\n\t<meta name=\"twitter:data1\" content=\"6 minutes\" \/>\n<script type=\"application\/ld+json\" class=\"yoast-schema-graph\">{\"@context\":\"https:\\\/\\\/schema.org\",\"@graph\":[{\"@type\":\"WebPage\",\"@id\":\"https:\\\/\\\/www.atechnicseng.com\\\/fr\\\/avis-juridique\\\/\",\"url\":\"https:\\\/\\\/www.atechnicseng.com\\\/fr\\\/avis-juridique\\\/\",\"name\":\"Avis juridique - A. Technics Engineering\",\"isPartOf\":{\"@id\":\"https:\\\/\\\/www.atechnicseng.com\\\/fr\\\/#website\"},\"datePublished\":\"2022-02-16T15:54:55+00:00\",\"dateModified\":\"2022-03-10T16:42:15+00:00\",\"breadcrumb\":{\"@id\":\"https:\\\/\\\/www.atechnicseng.com\\\/fr\\\/avis-juridique\\\/#breadcrumb\"},\"inLanguage\":\"fr-FR\",\"potentialAction\":[{\"@type\":\"ReadAction\",\"target\":[\"https:\\\/\\\/www.atechnicseng.com\\\/fr\\\/avis-juridique\\\/\"]}]},{\"@type\":\"BreadcrumbList\",\"@id\":\"https:\\\/\\\/www.atechnicseng.com\\\/fr\\\/avis-juridique\\\/#breadcrumb\",\"itemListElement\":[{\"@type\":\"ListItem\",\"position\":1,\"name\":\"Portada\",\"item\":\"https:\\\/\\\/www.atechnicseng.com\\\/fr\\\/\"},{\"@type\":\"ListItem\",\"position\":2,\"name\":\"Avis juridique\"}]},{\"@type\":\"WebSite\",\"@id\":\"https:\\\/\\\/www.atechnicseng.com\\\/fr\\\/#website\",\"url\":\"https:\\\/\\\/www.atechnicseng.com\\\/fr\\\/\",\"name\":\"A. Technics Engineering\",\"description\":\"\",\"potentialAction\":[{\"@type\":\"SearchAction\",\"target\":{\"@type\":\"EntryPoint\",\"urlTemplate\":\"https:\\\/\\\/www.atechnicseng.com\\\/fr\\\/?s={search_term_string}\"},\"query-input\":{\"@type\":\"PropertyValueSpecification\",\"valueRequired\":true,\"valueName\":\"search_term_string\"}}],\"inLanguage\":\"fr-FR\"}]}<\/script>\n<!-- \/ Yoast SEO plugin. -->","yoast_head_json":{"title":"Avis juridique - A. Technics Engineering","robots":{"index":"index","follow":"follow","max-snippet":"max-snippet:-1","max-image-preview":"max-image-preview:large","max-video-preview":"max-video-preview:-1"},"canonical":"https:\/\/www.atechnicseng.com\/fr\/avis-juridique\/","og_locale":"fr_FR","og_type":"article","og_title":"Avis juridique - A. Technics Engineering","og_description":"Avis juridique Raison sociale: Alfa Technics Engineering, SLU Nom commercial: A.Technics Engineering Si\u00e9ge social: Avda. Corts Catalanes 5-7, 08173- Sant Cugat del Vall\u00e9s-Bcn CIF \/ NIF: B67827162 T\u00e9l\u00e9phone: 931 91 15 73 E-mail: info@atechnicseng.com OBJET Le fournisseur, responsable du site Web, met \u00e0 la disposition des utilisateurs ce document avec [&hellip;]","og_url":"https:\/\/www.atechnicseng.com\/fr\/avis-juridique\/","og_site_name":"A. Technics Engineering","article_modified_time":"2022-03-10T16:42:15+00:00","twitter_card":"summary_large_image","twitter_misc":{"Dur\u00e9e de lecture estim\u00e9e":"6 minutes"},"schema":{"@context":"https:\/\/schema.org","@graph":[{"@type":"WebPage","@id":"https:\/\/www.atechnicseng.com\/fr\/avis-juridique\/","url":"https:\/\/www.atechnicseng.com\/fr\/avis-juridique\/","name":"Avis juridique - A. Technics Engineering","isPartOf":{"@id":"https:\/\/www.atechnicseng.com\/fr\/#website"},"datePublished":"2022-02-16T15:54:55+00:00","dateModified":"2022-03-10T16:42:15+00:00","breadcrumb":{"@id":"https:\/\/www.atechnicseng.com\/fr\/avis-juridique\/#breadcrumb"},"inLanguage":"fr-FR","potentialAction":[{"@type":"ReadAction","target":["https:\/\/www.atechnicseng.com\/fr\/avis-juridique\/"]}]},{"@type":"BreadcrumbList","@id":"https:\/\/www.atechnicseng.com\/fr\/avis-juridique\/#breadcrumb","itemListElement":[{"@type":"ListItem","position":1,"name":"Portada","item":"https:\/\/www.atechnicseng.com\/fr\/"},{"@type":"ListItem","position":2,"name":"Avis juridique"}]},{"@type":"WebSite","@id":"https:\/\/www.atechnicseng.com\/fr\/#website","url":"https:\/\/www.atechnicseng.com\/fr\/","name":"A. Technics Engineering","description":"","potentialAction":[{"@type":"SearchAction","target":{"@type":"EntryPoint","urlTemplate":"https:\/\/www.atechnicseng.com\/fr\/?s={search_term_string}"},"query-input":{"@type":"PropertyValueSpecification","valueRequired":true,"valueName":"search_term_string"}}],"inLanguage":"fr-FR"}]}},"_links":{"self":[{"href":"https:\/\/www.atechnicseng.com\/fr\/wp-json\/wp\/v2\/pages\/6078","targetHints":{"allow":["GET"]}}],"collection":[{"href":"https:\/\/www.atechnicseng.com\/fr\/wp-json\/wp\/v2\/pages"}],"about":[{"href":"https:\/\/www.atechnicseng.com\/fr\/wp-json\/wp\/v2\/types\/page"}],"author":[{"embeddable":true,"href":"https:\/\/www.atechnicseng.com\/fr\/wp-json\/wp\/v2\/users\/1"}],"replies":[{"embeddable":true,"href":"https:\/\/www.atechnicseng.com\/fr\/wp-json\/wp\/v2\/comments?post=6078"}],"version-history":[{"count":4,"href":"https:\/\/www.atechnicseng.com\/fr\/wp-json\/wp\/v2\/pages\/6078\/revisions"}],"predecessor-version":[{"id":6092,"href":"https:\/\/www.atechnicseng.com\/fr\/wp-json\/wp\/v2\/pages\/6078\/revisions\/6092"}],"wp:attachment":[{"href":"https:\/\/www.atechnicseng.com\/fr\/wp-json\/wp\/v2\/media?parent=6078"}],"curies":[{"name":"wp","href":"https:\/\/api.w.org\/{rel}","templated":true}]}}