{"id":6080,"date":"2022-02-16T16:23:14","date_gmt":"2022-02-16T16:23:14","guid":{"rendered":"https:\/\/www.atechnicseng.com\/mapa-del-sitio\/"},"modified":"2022-03-10T16:42:47","modified_gmt":"2022-03-10T16:42:47","slug":"plan-du-site","status":"publish","type":"page","link":"https:\/\/www.atechnicseng.com\/fr\/plan-du-site\/","title":{"rendered":"Plan du site"},"content":{"rendered":"\t\t<div data-elementor-type=\"wp-page\" data-elementor-id=\"6080\" class=\"elementor elementor-6080 elementor-3973\" data-elementor-post-type=\"page\">\n\t\t\t\t\t\t<section class=\"elementor-section elementor-top-section elementor-element elementor-element-098d347 elementor-section-full_width elementor-section-height-min-height elementor-section-stretched elementor-section-height-default elementor-section-items-middle\" data-id=\"098d347\" data-element_type=\"section\" data-e-type=\"section\" data-settings=\"{&quot;stretch_section&quot;:&quot;section-stretched&quot;,&quot;background_background&quot;:&quot;classic&quot;}\">\n\t\t\t\t\t\t\t<div class=\"elementor-background-overlay\"><\/div>\n\t\t\t\t\t\t\t<div class=\"elementor-container elementor-column-gap-default\">\n\t\t\t\t\t<div class=\"elementor-column elementor-col-100 elementor-top-column elementor-element elementor-element-f45f29f\" data-id=\"f45f29f\" data-element_type=\"column\" data-e-type=\"column\">\n\t\t\t<div class=\"elementor-widget-wrap elementor-element-populated\">\n\t\t\t\t\t\t<div class=\"elementor-element elementor-element-2fe749a elementor-widget elementor-widget-heading\" data-id=\"2fe749a\" data-element_type=\"widget\" data-e-type=\"widget\" data-widget_type=\"heading.default\">\n\t\t\t\t<div class=\"elementor-widget-container\">\n\t\t\t\t\t<h2 class=\"elementor-heading-title elementor-size-default\">Plan du site<\/h2>\t\t\t\t<\/div>\n\t\t\t\t<\/div>\n\t\t\t\t\t<\/div>\n\t\t<\/div>\n\t\t\t\t\t<\/div>\n\t\t<\/section>\n\t\t\t\t<section class=\"elementor-section elementor-top-section elementor-element elementor-element-78a4b54 elementor-section-boxed elementor-section-height-default elementor-section-height-default\" data-id=\"78a4b54\" data-element_type=\"section\" data-e-type=\"section\">\n\t\t\t\t\t\t<div class=\"elementor-container elementor-column-gap-default\">\n\t\t\t\t\t<div class=\"elementor-column elementor-col-100 elementor-top-column elementor-element elementor-element-00ca04a\" data-id=\"00ca04a\" data-element_type=\"column\" data-e-type=\"column\">\n\t\t\t<div class=\"elementor-widget-wrap elementor-element-populated\">\n\t\t\t\t\t\t<div class=\"elementor-element elementor-element-8e3f11e elementor-widget elementor-widget-html\" data-id=\"8e3f11e\" data-element_type=\"widget\" data-e-type=\"widget\" data-widget_type=\"html.default\">\n\t\t\t\t<div class=\"elementor-widget-container\">\n\t\t\t\t\t<div class=\"wsp-container\"><h2 class=\"wsp-pages-title\">Pages<\/h2>\n<ul class=\"wsp-pages-list\">\n<li class=\"page_item page-item-5754\"><a href=\"https:\/\/www.atechnicseng.com\/fr\/a-propos-de-nous\/\">\u00c0 propos de nous<\/a><\/li>\n<li class=\"page_item page-item-5866\"><a href=\"https:\/\/www.atechnicseng.com\/fr\/atls-automatic-truck-loader\/\">ATLS (Automatic Truck Loader System)<\/a><\/li>\n<li class=\"page_item page-item-5902\"><a href=\"https:\/\/www.atechnicseng.com\/fr\/automatisation-de-la-ligne\/\">Automatisation de la ligne<\/a><\/li>\n<li class=\"page_item page-item-6078\"><a href=\"https:\/\/www.atechnicseng.com\/fr\/avis-juridique\/\">Avis juridique<\/a><\/li>\n<li class=\"page_item page-item-5907\"><a href=\"https:\/\/www.atechnicseng.com\/fr\/chargement-dechargement-automatique-des-camions\/\">Chargement\/d\u00e9chargement automatique des camions<\/a><\/li>\n<li class=\"page_item page-item-5935\"><a href=\"https:\/\/www.atechnicseng.com\/fr\/contact\/\">Contact<\/a><\/li>\n<li class=\"page_item page-item-5911\"><a href=\"https:\/\/www.atechnicseng.com\/fr\/convoyeurs-a-rouleaux-convoyeurs-24v\/\">Convoyeurs \u00e0 rouleaux \/ Convoyeurs 24v<\/a><\/li>\n<li class=\"page_item page-item-5763 page_item_has_children\"><a href=\"https:\/\/www.atechnicseng.com\/fr\/convoyeurs-et-chaines-a-rouleaux\/\">Convoyeurs et cha\u00eenes \u00e0 rouleaux<\/a>\n<ul class='children'>\n\t<li class=\"page_item page-item-5949\"><a href=\"https:\/\/www.atechnicseng.com\/fr\/convoyeurs-et-chaines-a-rouleaux\/convoyeur-a-bande-avec-entrainement-final\/\">Convoyeur \u00e0 bande avec entra\u00eenement final<\/a><\/li>\n\t<li class=\"page_item page-item-6067\"><a href=\"https:\/\/www.atechnicseng.com\/fr\/convoyeurs-et-chaines-a-rouleaux\/convoyeur-a-bande-avec-rouleau-24v\/\">Convoyeur \u00e0 bande avec rouleau (24V)<\/a><\/li>\n\t<li class=\"page_item page-item-6050\"><a href=\"https:\/\/www.atechnicseng.com\/fr\/convoyeurs-et-chaines-a-rouleaux\/hayon-24v\/\">Hayon (24V)<\/a><\/li>\n\t<li class=\"page_item page-item-6051\"><a href=\"https:\/\/www.atechnicseng.com\/fr\/convoyeurs-et-chaines-a-rouleaux\/hayon-a-bande\/\">Hayon \u00e0 bande<\/a><\/li>\n\t<li class=\"page_item page-item-6029\"><a href=\"https:\/\/www.atechnicseng.com\/fr\/convoyeurs-et-chaines-a-rouleaux\/module-convoyeur-courbe-24v\/\">Module convoyeur courbe 24V<\/a><\/li>\n\t<li class=\"page_item page-item-6030\"><a href=\"https:\/\/www.atechnicseng.com\/fr\/convoyeurs-et-chaines-a-rouleaux\/module-convoyeur-lineaire\/\">Module convoyeur lin\u00e9aire<\/a><\/li>\n\t<li class=\"page_item page-item-6049\"><a href=\"https:\/\/www.atechnicseng.com\/fr\/convoyeurs-et-chaines-a-rouleaux\/module-convoyeur-lineaire-24v\/\">Module convoyeur lin\u00e9aire 24V<\/a><\/li>\n\t<li class=\"page_item page-item-6027\"><a href=\"https:\/\/www.atechnicseng.com\/fr\/convoyeurs-et-chaines-a-rouleaux\/module-courbe-a-bande-90o\/\">Module courbe \u00e0 bande 90\u00ba<\/a><\/li>\n\t<li class=\"page_item page-item-5976\"><a href=\"https:\/\/www.atechnicseng.com\/fr\/convoyeurs-et-chaines-a-rouleaux\/module-dalignement\/\">Module d&#8217;alignement<\/a><\/li>\n\t<li class=\"page_item page-item-5950\"><a href=\"https:\/\/www.atechnicseng.com\/fr\/convoyeurs-et-chaines-a-rouleaux\/module-dalignement-24v\/\">Module d&#8217;alignement 24V<\/a><\/li>\n\t<li class=\"page_item page-item-6003\"><a href=\"https:\/\/www.atechnicseng.com\/fr\/convoyeurs-et-chaines-a-rouleaux\/module-dunification-30o-45o\/\">Module d&#8217;unification 30\u00ba\/45\u00ba<\/a><\/li>\n\t<li class=\"page_item page-item-6004\"><a href=\"https:\/\/www.atechnicseng.com\/fr\/convoyeurs-et-chaines-a-rouleaux\/module-dunification-30o-45o-24v\/\">Module d&#8217;unification 30\u00ba\/45\u00ba (24V)<\/a><\/li>\n\t<li class=\"page_item page-item-5977\"><a href=\"https:\/\/www.atechnicseng.com\/fr\/convoyeurs-et-chaines-a-rouleaux\/module-de-centrage\/\">Module de centrage<\/a><\/li>\n\t<li class=\"page_item page-item-5978\"><a href=\"https:\/\/www.atechnicseng.com\/fr\/convoyeurs-et-chaines-a-rouleaux\/module-de-centrage-24v\/\">Module de centrage 24V<\/a><\/li>\n\t<li class=\"page_item page-item-5946\"><a href=\"https:\/\/www.atechnicseng.com\/fr\/convoyeurs-et-chaines-a-rouleaux\/module-de-centrage-de-bande\/\">Module de centrage de bande<\/a><\/li>\n\t<li class=\"page_item page-item-5947\"><a href=\"https:\/\/www.atechnicseng.com\/fr\/convoyeurs-et-chaines-a-rouleaux\/module-de-col-de-cygne-a-bande\/\">Module de col de cygne \u00e0 bande<\/a><\/li>\n\t<li class=\"page_item page-item-5979\"><a href=\"https:\/\/www.atechnicseng.com\/fr\/convoyeurs-et-chaines-a-rouleaux\/module-de-deviation-30o-45o-24v\/\">Module de d\u00e9viation 30\u00ba\/45\u00ba (24V)<\/a><\/li>\n\t<li class=\"page_item page-item-6068\"><a href=\"https:\/\/www.atechnicseng.com\/fr\/convoyeurs-et-chaines-a-rouleaux\/cc-modulo-de-desvio-45o-24v\/\">Module de d\u00e9viation CC -45\u00ba (24V)<\/a><\/li>\n\t<li class=\"page_item page-item-5980\"><a href=\"https:\/\/www.atechnicseng.com\/fr\/convoyeurs-et-chaines-a-rouleaux\/module-de-recirculation\/\">Module de recirculation<\/a><\/li>\n\t<li class=\"page_item page-item-6001\"><a href=\"https:\/\/www.atechnicseng.com\/fr\/convoyeurs-et-chaines-a-rouleaux\/module-de-recirculation-24v\/\">Module de recirculation 24V<\/a><\/li>\n\t<li class=\"page_item page-item-6002\"><a href=\"https:\/\/www.atechnicseng.com\/fr\/convoyeurs-et-chaines-a-rouleaux\/module-de-transfert-90%e2%81%b0-24v\/\">Module de transfert 90\u2070 (24V)<\/a><\/li>\n\t<li class=\"page_item page-item-6028\"><a href=\"https:\/\/www.atechnicseng.com\/fr\/convoyeurs-et-chaines-a-rouleaux\/module-table-tournante-24v\/\">Module table tournante 24V<\/a><\/li>\n\t<li class=\"page_item page-item-5948\"><a href=\"https:\/\/www.atechnicseng.com\/fr\/convoyeurs-et-chaines-a-rouleaux\/modules-verticaux-rouleau-et-bande\/\">Modules verticaux &#8211; Rouleau et Bande<\/a><\/li>\n<\/ul>\n<\/li>\n<li class=\"page_item page-item-289672\"><a href=\"https:\/\/www.atechnicseng.com\/fr\/declaration-daccessibilite\/\">D\u00e9claration d&#8217;accessibilit\u00e9<\/a><\/li>\n<li class=\"page_item page-item-34860\"><a href=\"https:\/\/www.atechnicseng.com\/fr\/elevateur-motion-up-twin\/\">\u00c9l\u00e9vateur &#8220;Motion Up Twin&#8221;<\/a><\/li>\n<li class=\"page_item page-item-5781 page_item_has_children\"><a href=\"https:\/\/www.atechnicseng.com\/fr\/elevateurs\/\">\u00c9l\u00e9vateurs<\/a>\n<ul class='children'>\n\t<li class=\"page_item page-item-5788\"><a href=\"https:\/\/www.atechnicseng.com\/fr\/elevateurs\/elevateur-a-godets\/\">\u00c9l\u00e9vateur \u00e0 godets<\/a><\/li>\n\t<li class=\"page_item page-item-5789\"><a href=\"https:\/\/www.atechnicseng.com\/fr\/elevateurs\/elevateur-pneumatique\/\">\u00c9l\u00e9vateur pneumatique<\/a><\/li>\n\t<li class=\"page_item page-item-5782\"><a href=\"https:\/\/www.atechnicseng.com\/fr\/elevateurs\/elevateurs-a-ciseaux\/\">\u00c9l\u00e9vateurs \u00e0 ciseaux<\/a><\/li>\n\t<li class=\"page_item page-item-5790\"><a href=\"https:\/\/www.atechnicseng.com\/fr\/elevateurs\/unite-de-levage-motorisee\/\">Unit\u00e9 de levage motoris\u00e9e<\/a><\/li>\n<\/ul>\n<\/li>\n<li class=\"page_item page-item-5739\"><a href=\"https:\/\/www.atechnicseng.com\/fr\/\">Home<\/a><\/li>\n<li class=\"page_item page-item-6079\"><a href=\"https:\/\/www.atechnicseng.com\/fr\/imprimante-de-liege\/\">Imprimante de li\u00e8ge<\/a><\/li>\n<li class=\"page_item page-item-5892\"><a href=\"https:\/\/www.atechnicseng.com\/fr\/intralogistique-cle-en-main\/\">Intralogistique cl\u00e9 en main<\/a><\/li>\n<li class=\"page_item page-item-22131\"><a href=\"https:\/\/www.atechnicseng.com\/fr\/palettisation-finale-de-ligne\/\">Palettisation finale de ligne<\/a><\/li>\n<li class=\"page_item page-item-5933\"><a href=\"https:\/\/www.atechnicseng.com\/fr\/pieces-de-rechange\/\">Pi\u00e8ces de rechange<\/a><\/li>\n<li class=\"page_item page-item-6080\"><a href=\"https:\/\/www.atechnicseng.com\/fr\/plan-du-site\/\">Plan du site<\/a><\/li>\n<li class=\"page_item page-item-6082\"><a href=\"https:\/\/www.atechnicseng.com\/fr\/politique-de-confidentialite\/\">Politique de confidentialit\u00e9<\/a><\/li>\n<li class=\"page_item page-item-6081\"><a href=\"https:\/\/www.atechnicseng.com\/fr\/politique-de-cookies\/\">Politique de cookies<\/a><\/li>\n<li class=\"page_item page-item-5920\"><a href=\"https:\/\/www.atechnicseng.com\/fr\/production-de-lingettes-humides\/\">Production de lingettes humides<\/a><\/li>\n<li class=\"page_item page-item-6083\"><a href=\"https:\/\/www.atechnicseng.com\/fr\/projets\/\">Projets<\/a><\/li>\n<li class=\"page_item page-item-5850\"><a href=\"https:\/\/www.atechnicseng.com\/fr\/robot-cartesien\/\">Robot cart\u00e9sien<\/a><\/li>\n<li class=\"page_item page-item-5897\"><a href=\"https:\/\/www.atechnicseng.com\/fr\/robotiques\/\">Robotiques<\/a><\/li>\n<li class=\"page_item page-item-5921\"><a href=\"https:\/\/www.atechnicseng.com\/fr\/service-et-maintenance-preventive\/\">Service et maintenance pr\u00e9ventive<\/a><\/li>\n<li class=\"page_item page-item-5851\"><a href=\"https:\/\/www.atechnicseng.com\/fr\/systeme-de-stockage-de-palettes\/\">Syst\u00e8me de stockage de palettes<\/a><\/li>\n<li class=\"page_item page-item-5814 page_item_has_children\"><a href=\"https:\/\/www.atechnicseng.com\/fr\/systemes-de-rotation\/\">Syst\u00e8mes de rotation<\/a>\n<ul class='children'>\n\t<li class=\"page_item page-item-5816\"><a href=\"https:\/\/www.atechnicseng.com\/fr\/systemes-de-rotation\/unite-de-rotation\/\">Unit\u00e9 de rotation<\/a><\/li>\n\t<li class=\"page_item page-item-5815\"><a href=\"https:\/\/www.atechnicseng.com\/fr\/systemes-de-rotation\/unite-de-rotation-inverse\/\">Unit\u00e9 de rotation inverse<\/a><\/li>\n\t<li class=\"page_item page-item-5817\"><a href=\"https:\/\/www.atechnicseng.com\/fr\/systemes-de-rotation\/unite-de-rotation-laterale\/\">Unit\u00e9 de rotation lat\u00e9rale<\/a><\/li>\n<\/ul>\n<\/li>\n<li class=\"page_item page-item-5858\"><a href=\"https:\/\/www.atechnicseng.com\/fr\/transport-de-vibrations\/\">Transport de vibrations<\/a><\/li>\n<li class=\"page_item page-item-5885\"><a href=\"https:\/\/www.atechnicseng.com\/fr\/unite-dalignement-pneumatique\/\">Unit\u00e9 d&#8217;alignement pneumatique<\/a><\/li>\n<li class=\"page_item page-item-5886\"><a href=\"https:\/\/www.atechnicseng.com\/fr\/unite-de-centrage-pneumatique\/\">Unit\u00e9 de centrage pneumatique<\/a><\/li>\n<li class=\"page_item page-item-5771\"><a href=\"https:\/\/www.atechnicseng.com\/fr\/unite-de-controle-de-palette\/\">Unit\u00e9 de contr\u00f4le de palette<\/a><\/li>\n<li class=\"page_item page-item-5772\"><a href=\"https:\/\/www.atechnicseng.com\/fr\/unite-de-controle-de-poids\/\">Unit\u00e9 de contr\u00f4le de poids<\/a><\/li>\n<\/ul>\n<\/div>\t\t\t\t<\/div>\n\t\t\t\t<\/div>\n\t\t\t\t\t<\/div>\n\t\t<\/div>\n\t\t\t\t\t<\/div>\n\t\t<\/section>\n\t\t\t\t<\/div>\n\t\t","protected":false},"excerpt":{"rendered":"<p>Plan du site<\/p>\n","protected":false},"author":1,"featured_media":0,"parent":0,"menu_order":0,"comment_status":"closed","ping_status":"closed","template":"","meta":{"_joinchat":[],"footnotes":""},"class_list":["post-6080","page","type-page","status-publish","hentry"],"yoast_head":"<!-- This site is optimized with the Yoast SEO plugin v27.3 - https:\/\/yoast.com\/product\/yoast-seo-wordpress\/ -->\n<title>Plan du site - A. Technics Engineering<\/title>\n<meta name=\"robots\" content=\"index, follow, max-snippet:-1, max-image-preview:large, max-video-preview:-1\" \/>\n<link rel=\"canonical\" href=\"https:\/\/www.atechnicseng.com\/fr\/plan-du-site\/\" \/>\n<meta property=\"og:locale\" content=\"fr_FR\" \/>\n<meta property=\"og:type\" content=\"article\" \/>\n<meta property=\"og:title\" content=\"Plan du site - A. Technics Engineering\" \/>\n<meta property=\"og:description\" content=\"Plan du site\" \/>\n<meta property=\"og:url\" content=\"https:\/\/www.atechnicseng.com\/fr\/plan-du-site\/\" \/>\n<meta property=\"og:site_name\" content=\"A. Technics Engineering\" \/>\n<meta property=\"article:modified_time\" content=\"2022-03-10T16:42:47+00:00\" \/>\n<meta name=\"twitter:card\" content=\"summary_large_image\" \/>\n<meta name=\"twitter:label1\" content=\"Dur\u00e9e de lecture estim\u00e9e\" \/>\n\t<meta name=\"twitter:data1\" content=\"1 minute\" \/>\n<script type=\"application\/ld+json\" class=\"yoast-schema-graph\">{\"@context\":\"https:\\\/\\\/schema.org\",\"@graph\":[{\"@type\":\"WebPage\",\"@id\":\"https:\\\/\\\/www.atechnicseng.com\\\/fr\\\/plan-du-site\\\/\",\"url\":\"https:\\\/\\\/www.atechnicseng.com\\\/fr\\\/plan-du-site\\\/\",\"name\":\"Plan du site - A. Technics Engineering\",\"isPartOf\":{\"@id\":\"https:\\\/\\\/www.atechnicseng.com\\\/fr\\\/#website\"},\"datePublished\":\"2022-02-16T16:23:14+00:00\",\"dateModified\":\"2022-03-10T16:42:47+00:00\",\"breadcrumb\":{\"@id\":\"https:\\\/\\\/www.atechnicseng.com\\\/fr\\\/plan-du-site\\\/#breadcrumb\"},\"inLanguage\":\"fr-FR\",\"potentialAction\":[{\"@type\":\"ReadAction\",\"target\":[\"https:\\\/\\\/www.atechnicseng.com\\\/fr\\\/plan-du-site\\\/\"]}]},{\"@type\":\"BreadcrumbList\",\"@id\":\"https:\\\/\\\/www.atechnicseng.com\\\/fr\\\/plan-du-site\\\/#breadcrumb\",\"itemListElement\":[{\"@type\":\"ListItem\",\"position\":1,\"name\":\"Portada\",\"item\":\"https:\\\/\\\/www.atechnicseng.com\\\/fr\\\/\"},{\"@type\":\"ListItem\",\"position\":2,\"name\":\"Plan du site\"}]},{\"@type\":\"WebSite\",\"@id\":\"https:\\\/\\\/www.atechnicseng.com\\\/fr\\\/#website\",\"url\":\"https:\\\/\\\/www.atechnicseng.com\\\/fr\\\/\",\"name\":\"A. Technics Engineering\",\"description\":\"\",\"potentialAction\":[{\"@type\":\"SearchAction\",\"target\":{\"@type\":\"EntryPoint\",\"urlTemplate\":\"https:\\\/\\\/www.atechnicseng.com\\\/fr\\\/?s={search_term_string}\"},\"query-input\":{\"@type\":\"PropertyValueSpecification\",\"valueRequired\":true,\"valueName\":\"search_term_string\"}}],\"inLanguage\":\"fr-FR\"}]}<\/script>\n<!-- \/ Yoast SEO plugin. -->","yoast_head_json":{"title":"Plan du site - A. Technics Engineering","robots":{"index":"index","follow":"follow","max-snippet":"max-snippet:-1","max-image-preview":"max-image-preview:large","max-video-preview":"max-video-preview:-1"},"canonical":"https:\/\/www.atechnicseng.com\/fr\/plan-du-site\/","og_locale":"fr_FR","og_type":"article","og_title":"Plan du site - A. Technics Engineering","og_description":"Plan du site","og_url":"https:\/\/www.atechnicseng.com\/fr\/plan-du-site\/","og_site_name":"A. Technics Engineering","article_modified_time":"2022-03-10T16:42:47+00:00","twitter_card":"summary_large_image","twitter_misc":{"Dur\u00e9e de lecture estim\u00e9e":"1 minute"},"schema":{"@context":"https:\/\/schema.org","@graph":[{"@type":"WebPage","@id":"https:\/\/www.atechnicseng.com\/fr\/plan-du-site\/","url":"https:\/\/www.atechnicseng.com\/fr\/plan-du-site\/","name":"Plan du site - A. Technics Engineering","isPartOf":{"@id":"https:\/\/www.atechnicseng.com\/fr\/#website"},"datePublished":"2022-02-16T16:23:14+00:00","dateModified":"2022-03-10T16:42:47+00:00","breadcrumb":{"@id":"https:\/\/www.atechnicseng.com\/fr\/plan-du-site\/#breadcrumb"},"inLanguage":"fr-FR","potentialAction":[{"@type":"ReadAction","target":["https:\/\/www.atechnicseng.com\/fr\/plan-du-site\/"]}]},{"@type":"BreadcrumbList","@id":"https:\/\/www.atechnicseng.com\/fr\/plan-du-site\/#breadcrumb","itemListElement":[{"@type":"ListItem","position":1,"name":"Portada","item":"https:\/\/www.atechnicseng.com\/fr\/"},{"@type":"ListItem","position":2,"name":"Plan du site"}]},{"@type":"WebSite","@id":"https:\/\/www.atechnicseng.com\/fr\/#website","url":"https:\/\/www.atechnicseng.com\/fr\/","name":"A. Technics Engineering","description":"","potentialAction":[{"@type":"SearchAction","target":{"@type":"EntryPoint","urlTemplate":"https:\/\/www.atechnicseng.com\/fr\/?s={search_term_string}"},"query-input":{"@type":"PropertyValueSpecification","valueRequired":true,"valueName":"search_term_string"}}],"inLanguage":"fr-FR"}]}},"_links":{"self":[{"href":"https:\/\/www.atechnicseng.com\/fr\/wp-json\/wp\/v2\/pages\/6080","targetHints":{"allow":["GET"]}}],"collection":[{"href":"https:\/\/www.atechnicseng.com\/fr\/wp-json\/wp\/v2\/pages"}],"about":[{"href":"https:\/\/www.atechnicseng.com\/fr\/wp-json\/wp\/v2\/types\/page"}],"author":[{"embeddable":true,"href":"https:\/\/www.atechnicseng.com\/fr\/wp-json\/wp\/v2\/users\/1"}],"replies":[{"embeddable":true,"href":"https:\/\/www.atechnicseng.com\/fr\/wp-json\/wp\/v2\/comments?post=6080"}],"version-history":[{"count":4,"href":"https:\/\/www.atechnicseng.com\/fr\/wp-json\/wp\/v2\/pages\/6080\/revisions"}],"predecessor-version":[{"id":6098,"href":"https:\/\/www.atechnicseng.com\/fr\/wp-json\/wp\/v2\/pages\/6080\/revisions\/6098"}],"wp:attachment":[{"href":"https:\/\/www.atechnicseng.com\/fr\/wp-json\/wp\/v2\/media?parent=6080"}],"curies":[{"name":"wp","href":"https:\/\/api.w.org\/{rel}","templated":true}]}}