{"id":22466,"date":"2022-02-07T11:36:28","date_gmt":"2022-02-07T11:36:28","guid":{"rendered":"https:\/\/www.atechnicseng.com\/unidad-de-control-de-peso\/"},"modified":"2022-04-21T14:04:45","modified_gmt":"2022-04-21T14:04:45","slug":"unita-di-controllo-pesi","status":"publish","type":"page","link":"https:\/\/www.atechnicseng.com\/it\/unita-di-controllo-pesi\/","title":{"rendered":"Unit\u00e0 di controllo pesi"},"content":{"rendered":"\t\t<div data-elementor-type=\"wp-page\" data-elementor-id=\"22466\" class=\"elementor elementor-22466 elementor-2542\" data-elementor-post-type=\"page\">\n\t\t\t\t\t\t<section class=\"elementor-section elementor-top-section elementor-element elementor-element-222f55b elementor-section-full_width elementor-section-height-min-height elementor-section-stretched elementor-section-height-default elementor-section-items-middle\" data-id=\"222f55b\" data-element_type=\"section\" data-e-type=\"section\" data-settings=\"{&quot;stretch_section&quot;:&quot;section-stretched&quot;,&quot;background_background&quot;:&quot;classic&quot;}\">\n\t\t\t\t\t\t\t<div class=\"elementor-background-overlay\"><\/div>\n\t\t\t\t\t\t\t<div class=\"elementor-container elementor-column-gap-default\">\n\t\t\t\t\t<div class=\"elementor-column elementor-col-100 elementor-top-column elementor-element elementor-element-8f71cef\" data-id=\"8f71cef\" data-element_type=\"column\" data-e-type=\"column\">\n\t\t\t<div class=\"elementor-widget-wrap elementor-element-populated\">\n\t\t\t\t\t\t<div class=\"elementor-element elementor-element-7627dd8 elementor-widget elementor-widget-heading\" data-id=\"7627dd8\" data-element_type=\"widget\" data-e-type=\"widget\" data-widget_type=\"heading.default\">\n\t\t\t\t<div class=\"elementor-widget-container\">\n\t\t\t\t\t<h2 class=\"elementor-heading-title elementor-size-default\">Unit\u00e0 di controllo pesi<\/h2>\t\t\t\t<\/div>\n\t\t\t\t<\/div>\n\t\t\t\t\t<\/div>\n\t\t<\/div>\n\t\t\t\t\t<\/div>\n\t\t<\/section>\n\t\t\t\t<section class=\"elementor-section elementor-top-section elementor-element elementor-element-47f9656 elementor-section-stretched elementor-section-boxed elementor-section-height-default elementor-section-height-default\" data-id=\"47f9656\" data-element_type=\"section\" data-e-type=\"section\" data-settings=\"{&quot;stretch_section&quot;:&quot;section-stretched&quot;}\">\n\t\t\t\t\t\t<div class=\"elementor-container elementor-column-gap-default\">\n\t\t\t\t\t<div class=\"elementor-column elementor-col-50 elementor-top-column elementor-element elementor-element-3d0c4a6\" data-id=\"3d0c4a6\" data-element_type=\"column\" data-e-type=\"column\">\n\t\t\t<div class=\"elementor-widget-wrap elementor-element-populated\">\n\t\t\t\t\t\t<div class=\"elementor-element elementor-element-6408d37 elementor-widget elementor-widget-image\" data-id=\"6408d37\" data-element_type=\"widget\" data-e-type=\"widget\" data-widget_type=\"image.default\">\n\t\t\t\t<div class=\"elementor-widget-container\">\n\t\t\t\t\t\t\t\t\t\t\t\t\t\t\t<img fetchpriority=\"high\" decoding=\"async\" width=\"850\" height=\"638\" src=\"https:\/\/www.atechnicseng.com\/wp-content\/uploads\/2022\/02\/unidad-de-control-de-peso.jpg\" class=\"attachment-large size-large wp-image-22316\" alt=\"\" srcset=\"https:\/\/www.atechnicseng.com\/wp-content\/uploads\/2022\/02\/unidad-de-control-de-peso.jpg 850w, https:\/\/www.atechnicseng.com\/wp-content\/uploads\/2022\/02\/unidad-de-control-de-peso-300x225.jpg 300w, https:\/\/www.atechnicseng.com\/wp-content\/uploads\/2022\/02\/unidad-de-control-de-peso-768x576.jpg 768w, https:\/\/www.atechnicseng.com\/wp-content\/uploads\/2022\/02\/unidad-de-control-de-peso-600x450.jpg 600w\" sizes=\"(max-width: 850px) 100vw, 850px\" \/>\t\t\t\t\t\t\t\t\t\t\t\t\t\t\t<\/div>\n\t\t\t\t<\/div>\n\t\t\t\t\t<\/div>\n\t\t<\/div>\n\t\t\t\t<div class=\"elementor-column elementor-col-50 elementor-top-column elementor-element elementor-element-c7edbd5\" data-id=\"c7edbd5\" data-element_type=\"column\" data-e-type=\"column\">\n\t\t\t<div class=\"elementor-widget-wrap elementor-element-populated\">\n\t\t\t\t\t\t<div class=\"elementor-element elementor-element-0bd46db elementor-widget elementor-widget-heading\" data-id=\"0bd46db\" data-element_type=\"widget\" data-e-type=\"widget\" data-widget_type=\"heading.default\">\n\t\t\t\t<div class=\"elementor-widget-container\">\n\t\t\t\t\t<h3 class=\"elementor-heading-title elementor-size-default\">Prodotti<\/h3>\t\t\t\t<\/div>\n\t\t\t\t<\/div>\n\t\t\t\t<div class=\"elementor-element elementor-element-4762ec8 elementor-widget elementor-widget-heading\" data-id=\"4762ec8\" data-element_type=\"widget\" data-e-type=\"widget\" data-widget_type=\"heading.default\">\n\t\t\t\t<div class=\"elementor-widget-container\">\n\t\t\t\t\t<h2 class=\"elementor-heading-title elementor-size-default\">Unit\u00e0 di controllo pesi<\/h2>\t\t\t\t<\/div>\n\t\t\t\t<\/div>\n\t\t\t\t<div class=\"elementor-element elementor-element-e225d3c elementor-widget elementor-widget-text-editor\" data-id=\"e225d3c\" data-element_type=\"widget\" data-e-type=\"widget\" data-widget_type=\"text-editor.default\">\n\t\t\t\t<div class=\"elementor-widget-container\">\n\t\t\t\t\t\t\t\t\t<p>Unit\u00e0 di pesatura che controlla i prodotti in modo statico. Il meccanismo di spostamento si trova sotto il rullo, il trasportatore si ferma e il sistema di pesatura viene sollevato dal pistone. La cella di carico raccoglie, controlla il prodotto e porta il prodotto lungo la linea dopo aver registrato il valore nel sistema.<\/p>\t\t\t\t\t\t\t\t<\/div>\n\t\t\t\t<\/div>\n\t\t\t\t\t<\/div>\n\t\t<\/div>\n\t\t\t\t\t<\/div>\n\t\t<\/section>\n\t\t\t\t<\/div>\n\t\t","protected":false},"excerpt":{"rendered":"<p>Unit\u00e0 di controllo pesi Prodotti Unit\u00e0 di controllo pesi Unit\u00e0 di pesatura che controlla i prodotti in modo statico. Il meccanismo di spostamento si trova sotto il rullo, il trasportatore si ferma e il sistema di pesatura viene sollevato dal pistone. La cella di carico raccoglie, controlla il prodotto e [&hellip;]<\/p>\n","protected":false},"author":1,"featured_media":0,"parent":0,"menu_order":0,"comment_status":"closed","ping_status":"closed","template":"","meta":{"_joinchat":[],"footnotes":""},"class_list":["post-22466","page","type-page","status-publish","hentry"],"yoast_head":"<!-- This site is optimized with the Yoast SEO plugin v27.3 - https:\/\/yoast.com\/product\/yoast-seo-wordpress\/ -->\n<title>Unit\u00e0 di controllo pesi - A. Technics Engineering<\/title>\n<meta name=\"robots\" content=\"index, follow, max-snippet:-1, max-image-preview:large, max-video-preview:-1\" \/>\n<link rel=\"canonical\" href=\"https:\/\/www.atechnicseng.com\/it\/unita-di-controllo-pesi\/\" \/>\n<meta property=\"og:locale\" content=\"it_IT\" \/>\n<meta property=\"og:type\" content=\"article\" \/>\n<meta property=\"og:title\" content=\"Unit\u00e0 di controllo pesi - A. Technics Engineering\" \/>\n<meta property=\"og:description\" content=\"Unit\u00e0 di controllo pesi Prodotti Unit\u00e0 di controllo pesi Unit\u00e0 di pesatura che controlla i prodotti in modo statico. Il meccanismo di spostamento si trova sotto il rullo, il trasportatore si ferma e il sistema di pesatura viene sollevato dal pistone. La cella di carico raccoglie, controlla il prodotto e [&hellip;]\" \/>\n<meta property=\"og:url\" content=\"https:\/\/www.atechnicseng.com\/it\/unita-di-controllo-pesi\/\" \/>\n<meta property=\"og:site_name\" content=\"A. Technics Engineering\" \/>\n<meta property=\"article:modified_time\" content=\"2022-04-21T14:04:45+00:00\" \/>\n<meta property=\"og:image\" content=\"https:\/\/www.atechnicseng.com\/wp-content\/uploads\/2022\/02\/unidad-de-control-de-peso.jpg\" \/>\n<meta name=\"twitter:card\" content=\"summary_large_image\" \/>\n<meta name=\"twitter:label1\" content=\"Tempo di lettura stimato\" \/>\n\t<meta name=\"twitter:data1\" content=\"1 minuto\" \/>\n<script type=\"application\/ld+json\" class=\"yoast-schema-graph\">{\"@context\":\"https:\\\/\\\/schema.org\",\"@graph\":[{\"@type\":\"WebPage\",\"@id\":\"https:\\\/\\\/www.atechnicseng.com\\\/it\\\/unita-di-controllo-pesi\\\/\",\"url\":\"https:\\\/\\\/www.atechnicseng.com\\\/it\\\/unita-di-controllo-pesi\\\/\",\"name\":\"Unit\u00e0 di controllo pesi - A. Technics Engineering\",\"isPartOf\":{\"@id\":\"https:\\\/\\\/www.atechnicseng.com\\\/it\\\/#website\"},\"primaryImageOfPage\":{\"@id\":\"https:\\\/\\\/www.atechnicseng.com\\\/it\\\/unita-di-controllo-pesi\\\/#primaryimage\"},\"image\":{\"@id\":\"https:\\\/\\\/www.atechnicseng.com\\\/it\\\/unita-di-controllo-pesi\\\/#primaryimage\"},\"thumbnailUrl\":\"https:\\\/\\\/www.atechnicseng.com\\\/wp-content\\\/uploads\\\/2022\\\/02\\\/unidad-de-control-de-peso.jpg\",\"datePublished\":\"2022-02-07T11:36:28+00:00\",\"dateModified\":\"2022-04-21T14:04:45+00:00\",\"breadcrumb\":{\"@id\":\"https:\\\/\\\/www.atechnicseng.com\\\/it\\\/unita-di-controllo-pesi\\\/#breadcrumb\"},\"inLanguage\":\"it-IT\",\"potentialAction\":[{\"@type\":\"ReadAction\",\"target\":[\"https:\\\/\\\/www.atechnicseng.com\\\/it\\\/unita-di-controllo-pesi\\\/\"]}]},{\"@type\":\"ImageObject\",\"inLanguage\":\"it-IT\",\"@id\":\"https:\\\/\\\/www.atechnicseng.com\\\/it\\\/unita-di-controllo-pesi\\\/#primaryimage\",\"url\":\"https:\\\/\\\/www.atechnicseng.com\\\/wp-content\\\/uploads\\\/2022\\\/02\\\/unidad-de-control-de-peso.jpg\",\"contentUrl\":\"https:\\\/\\\/www.atechnicseng.com\\\/wp-content\\\/uploads\\\/2022\\\/02\\\/unidad-de-control-de-peso.jpg\"},{\"@type\":\"BreadcrumbList\",\"@id\":\"https:\\\/\\\/www.atechnicseng.com\\\/it\\\/unita-di-controllo-pesi\\\/#breadcrumb\",\"itemListElement\":[{\"@type\":\"ListItem\",\"position\":1,\"name\":\"Portada\",\"item\":\"https:\\\/\\\/www.atechnicseng.com\\\/it\\\/\"},{\"@type\":\"ListItem\",\"position\":2,\"name\":\"Unit\u00e0 di controllo pesi\"}]},{\"@type\":\"WebSite\",\"@id\":\"https:\\\/\\\/www.atechnicseng.com\\\/it\\\/#website\",\"url\":\"https:\\\/\\\/www.atechnicseng.com\\\/it\\\/\",\"name\":\"A. Technics Engineering\",\"description\":\"\",\"potentialAction\":[{\"@type\":\"SearchAction\",\"target\":{\"@type\":\"EntryPoint\",\"urlTemplate\":\"https:\\\/\\\/www.atechnicseng.com\\\/it\\\/?s={search_term_string}\"},\"query-input\":{\"@type\":\"PropertyValueSpecification\",\"valueRequired\":true,\"valueName\":\"search_term_string\"}}],\"inLanguage\":\"it-IT\"}]}<\/script>\n<!-- \/ Yoast SEO plugin. -->","yoast_head_json":{"title":"Unit\u00e0 di controllo pesi - A. Technics Engineering","robots":{"index":"index","follow":"follow","max-snippet":"max-snippet:-1","max-image-preview":"max-image-preview:large","max-video-preview":"max-video-preview:-1"},"canonical":"https:\/\/www.atechnicseng.com\/it\/unita-di-controllo-pesi\/","og_locale":"it_IT","og_type":"article","og_title":"Unit\u00e0 di controllo pesi - A. Technics Engineering","og_description":"Unit\u00e0 di controllo pesi Prodotti Unit\u00e0 di controllo pesi Unit\u00e0 di pesatura che controlla i prodotti in modo statico. Il meccanismo di spostamento si trova sotto il rullo, il trasportatore si ferma e il sistema di pesatura viene sollevato dal pistone. La cella di carico raccoglie, controlla il prodotto e [&hellip;]","og_url":"https:\/\/www.atechnicseng.com\/it\/unita-di-controllo-pesi\/","og_site_name":"A. Technics Engineering","article_modified_time":"2022-04-21T14:04:45+00:00","og_image":[{"url":"https:\/\/www.atechnicseng.com\/wp-content\/uploads\/2022\/02\/unidad-de-control-de-peso.jpg","type":"","width":"","height":""}],"twitter_card":"summary_large_image","twitter_misc":{"Tempo di lettura stimato":"1 minuto"},"schema":{"@context":"https:\/\/schema.org","@graph":[{"@type":"WebPage","@id":"https:\/\/www.atechnicseng.com\/it\/unita-di-controllo-pesi\/","url":"https:\/\/www.atechnicseng.com\/it\/unita-di-controllo-pesi\/","name":"Unit\u00e0 di controllo pesi - A. Technics Engineering","isPartOf":{"@id":"https:\/\/www.atechnicseng.com\/it\/#website"},"primaryImageOfPage":{"@id":"https:\/\/www.atechnicseng.com\/it\/unita-di-controllo-pesi\/#primaryimage"},"image":{"@id":"https:\/\/www.atechnicseng.com\/it\/unita-di-controllo-pesi\/#primaryimage"},"thumbnailUrl":"https:\/\/www.atechnicseng.com\/wp-content\/uploads\/2022\/02\/unidad-de-control-de-peso.jpg","datePublished":"2022-02-07T11:36:28+00:00","dateModified":"2022-04-21T14:04:45+00:00","breadcrumb":{"@id":"https:\/\/www.atechnicseng.com\/it\/unita-di-controllo-pesi\/#breadcrumb"},"inLanguage":"it-IT","potentialAction":[{"@type":"ReadAction","target":["https:\/\/www.atechnicseng.com\/it\/unita-di-controllo-pesi\/"]}]},{"@type":"ImageObject","inLanguage":"it-IT","@id":"https:\/\/www.atechnicseng.com\/it\/unita-di-controllo-pesi\/#primaryimage","url":"https:\/\/www.atechnicseng.com\/wp-content\/uploads\/2022\/02\/unidad-de-control-de-peso.jpg","contentUrl":"https:\/\/www.atechnicseng.com\/wp-content\/uploads\/2022\/02\/unidad-de-control-de-peso.jpg"},{"@type":"BreadcrumbList","@id":"https:\/\/www.atechnicseng.com\/it\/unita-di-controllo-pesi\/#breadcrumb","itemListElement":[{"@type":"ListItem","position":1,"name":"Portada","item":"https:\/\/www.atechnicseng.com\/it\/"},{"@type":"ListItem","position":2,"name":"Unit\u00e0 di controllo pesi"}]},{"@type":"WebSite","@id":"https:\/\/www.atechnicseng.com\/it\/#website","url":"https:\/\/www.atechnicseng.com\/it\/","name":"A. Technics Engineering","description":"","potentialAction":[{"@type":"SearchAction","target":{"@type":"EntryPoint","urlTemplate":"https:\/\/www.atechnicseng.com\/it\/?s={search_term_string}"},"query-input":{"@type":"PropertyValueSpecification","valueRequired":true,"valueName":"search_term_string"}}],"inLanguage":"it-IT"}]}},"_links":{"self":[{"href":"https:\/\/www.atechnicseng.com\/it\/wp-json\/wp\/v2\/pages\/22466","targetHints":{"allow":["GET"]}}],"collection":[{"href":"https:\/\/www.atechnicseng.com\/it\/wp-json\/wp\/v2\/pages"}],"about":[{"href":"https:\/\/www.atechnicseng.com\/it\/wp-json\/wp\/v2\/types\/page"}],"author":[{"embeddable":true,"href":"https:\/\/www.atechnicseng.com\/it\/wp-json\/wp\/v2\/users\/1"}],"replies":[{"embeddable":true,"href":"https:\/\/www.atechnicseng.com\/it\/wp-json\/wp\/v2\/comments?post=22466"}],"version-history":[{"count":8,"href":"https:\/\/www.atechnicseng.com\/it\/wp-json\/wp\/v2\/pages\/22466\/revisions"}],"predecessor-version":[{"id":23228,"href":"https:\/\/www.atechnicseng.com\/it\/wp-json\/wp\/v2\/pages\/22466\/revisions\/23228"}],"wp:attachment":[{"href":"https:\/\/www.atechnicseng.com\/it\/wp-json\/wp\/v2\/media?parent=22466"}],"curies":[{"name":"wp","href":"https:\/\/api.w.org\/{rel}","templated":true}]}}