{"id":22581,"date":"2022-02-08T08:42:26","date_gmt":"2022-02-08T08:42:26","guid":{"rendered":"https:\/\/www.atechnicseng.com\/atls-automatic-truck-loader\/"},"modified":"2022-04-20T14:35:30","modified_gmt":"2022-04-20T14:35:30","slug":"atls-sistema-automatico-del-caricatore-del-camion","status":"publish","type":"page","link":"https:\/\/www.atechnicseng.com\/it\/atls-sistema-automatico-del-caricatore-del-camion\/","title":{"rendered":"ATLS (Sistema Automatico del Caricatore del Camion)"},"content":{"rendered":"\t\t<div data-elementor-type=\"wp-page\" data-elementor-id=\"22581\" class=\"elementor elementor-22581 elementor-2617\" data-elementor-post-type=\"page\">\n\t\t\t\t\t\t<section class=\"elementor-section elementor-top-section elementor-element elementor-element-afc4d78 elementor-section-full_width elementor-section-height-min-height elementor-section-stretched elementor-section-height-default elementor-section-items-middle\" data-id=\"afc4d78\" data-element_type=\"section\" data-e-type=\"section\" data-settings=\"{&quot;stretch_section&quot;:&quot;section-stretched&quot;,&quot;background_background&quot;:&quot;classic&quot;}\">\n\t\t\t\t\t\t\t<div class=\"elementor-background-overlay\"><\/div>\n\t\t\t\t\t\t\t<div class=\"elementor-container elementor-column-gap-default\">\n\t\t\t\t\t<div class=\"elementor-column elementor-col-100 elementor-top-column elementor-element elementor-element-34701db\" data-id=\"34701db\" data-element_type=\"column\" data-e-type=\"column\">\n\t\t\t<div class=\"elementor-widget-wrap elementor-element-populated\">\n\t\t\t\t\t\t<div class=\"elementor-element elementor-element-37398cc elementor-widget elementor-widget-heading\" data-id=\"37398cc\" data-element_type=\"widget\" data-e-type=\"widget\" data-widget_type=\"heading.default\">\n\t\t\t\t<div class=\"elementor-widget-container\">\n\t\t\t\t\t<h2 class=\"elementor-heading-title elementor-size-default\">ATLS (Sistema Automatico del Caricatore del Camion)<\/h2>\t\t\t\t<\/div>\n\t\t\t\t<\/div>\n\t\t\t\t\t<\/div>\n\t\t<\/div>\n\t\t\t\t\t<\/div>\n\t\t<\/section>\n\t\t\t\t<section class=\"elementor-section elementor-top-section elementor-element elementor-element-d2a4e06 elementor-section-stretched elementor-section-boxed elementor-section-height-default elementor-section-height-default\" data-id=\"d2a4e06\" data-element_type=\"section\" data-e-type=\"section\" data-settings=\"{&quot;stretch_section&quot;:&quot;section-stretched&quot;}\">\n\t\t\t\t\t\t<div class=\"elementor-container elementor-column-gap-default\">\n\t\t\t\t\t<div class=\"elementor-column elementor-col-100 elementor-top-column elementor-element elementor-element-3cce7b7\" data-id=\"3cce7b7\" data-element_type=\"column\" data-e-type=\"column\">\n\t\t\t<div class=\"elementor-widget-wrap elementor-element-populated\">\n\t\t\t\t\t\t<div class=\"elementor-element elementor-element-cad1701 elementor-widget elementor-widget-heading\" data-id=\"cad1701\" data-element_type=\"widget\" data-e-type=\"widget\" data-widget_type=\"heading.default\">\n\t\t\t\t<div class=\"elementor-widget-container\">\n\t\t\t\t\t<h3 class=\"elementor-heading-title elementor-size-default\">Prodotti<\/h3>\t\t\t\t<\/div>\n\t\t\t\t<\/div>\n\t\t\t\t<div class=\"elementor-element elementor-element-480e4fc elementor-widget elementor-widget-heading\" data-id=\"480e4fc\" data-element_type=\"widget\" data-e-type=\"widget\" data-widget_type=\"heading.default\">\n\t\t\t\t<div class=\"elementor-widget-container\">\n\t\t\t\t\t<h2 class=\"elementor-heading-title elementor-size-default\">Carico automatico con cabina adattata<\/h2>\t\t\t\t<\/div>\n\t\t\t\t<\/div>\n\t\t\t\t<div class=\"elementor-element elementor-element-fd17573 elementor-widget elementor-widget-html\" data-id=\"fd17573\" data-element_type=\"widget\" data-e-type=\"widget\" data-widget_type=\"html.default\">\n\t\t\t\t<div class=\"elementor-widget-container\">\n\t\t\t\t\t<div class=\"post-detail-gallery-video-box position-relative\">\n                                    <a class=\"rounded-circle spinner\" href=\"https:\/\/www.youtube.com\/watch?v=N_tcEBFbjw4\" data-fancybox=\"\" title=\"\"><i class=\"flaticon-play\"><\/i><\/a>\n                                    <img decoding=\"async\" class=\"img-fluid w-100 brd-rd5\" src=\"https:\/\/www.atechnicseng.com\/wp-content\/uploads\/2022\/03\/ATLS_0001_aaaaaaaaaaaaatl.jpg\" alt=\"A. Technics Engineering\">\n                                <\/div>\t\t\t\t<\/div>\n\t\t\t\t<\/div>\n\t\t\t\t<div class=\"elementor-element elementor-element-2c5933e elementor-widget elementor-widget-text-editor\" data-id=\"2c5933e\" data-element_type=\"widget\" data-e-type=\"widget\" data-widget_type=\"text-editor.default\">\n\t\t\t\t<div class=\"elementor-widget-container\">\n\t\t\t\t\t\t\t\t\t<p>L&#8217;ATL con cabina adattata \u00e8 progettato per caricare e scaricare autonomamente un camion. La scatola \u00e8 dotata di trasportatori a catena lungo la scatola in diverse file. Non appena il camion si avvicina alla banchina, il meccanismo di trasferimento viene attivato automaticamente e la trasmissione \u00e8 sicura, liscia e stabile.\u00a0 \u00a0 \u00a0 \u00a0 \u00a0 \u00a0 \u00a0 \u00a0 \u00a0 \u00a0 \u00a0 \u00a0 \u00a0 \u00a0 \u00a0 \u00a0 \u00a0 \u00a0 \u00a0 \u00a0 \u00a0 \u00a0 \u00a0 \u00a0 \u00a0 \u00a0 \u00a0 \u00a0 \u00a0 \u00a0 \u00a0 \u00a0 \u00a0 \u00a0 \u00a0 \u00a0 \u00a0 \u00a0 \u00a0 \u00a0 \u00a0 \u00a0 \u00a0 \u00a0 \u00a0 \u00a0 \u00a0 \u00a0 \u00a0 \u00a0 \u00a0 \u00a0 \u00a0 \u00a0 \u00a0 \u00a0 \u00a0 \u00a0 \u00a0 \u00a0 \u00a0 \u00a0 \u00a0 \u00a0 \u00a0 \u00a0 \u00a0 \u00a0 \u00a0 \u00a0 \u00a0 \u00a0 \u00a0 \u00a0 \u00a0 \u00a0 \u00a0 \u00a0 \u00a0 \u00a0 \u00a0 \u00a0 \u00a0 \u00a0 \u00a0 \u00a0 \u00a0 \u00a0 \u00a0 \u00a0 \u00a0 \u00a0 \u00a0 \u00a0 \u00a0 \u00a0 \u00a0 \u00a0 \u00a0 Questo sistema \u00e8 utilizzato sia per il carico e lo scarico completo del camion, essendo in grado di integrare l&#8217;automazione del carico dalla produzione al carico automatico o allo stoccaggio automatico e da questo al caricamento automatico del camion o al processo inverso indistintamente. Il carico pu\u00f2 essere preconfigurato in base al suo peso per stabilizzare il carico nel pianale del camion.<\/p>\t\t\t\t\t\t\t\t<\/div>\n\t\t\t\t<\/div>\n\t\t\t\t\t<\/div>\n\t\t<\/div>\n\t\t\t\t\t<\/div>\n\t\t<\/section>\n\t\t\t\t<section class=\"elementor-section elementor-top-section elementor-element elementor-element-3e57769 elementor-section-stretched elementor-section-boxed elementor-section-height-default elementor-section-height-default\" data-id=\"3e57769\" data-element_type=\"section\" data-e-type=\"section\" data-settings=\"{&quot;stretch_section&quot;:&quot;section-stretched&quot;,&quot;background_background&quot;:&quot;classic&quot;}\">\n\t\t\t\t\t\t<div class=\"elementor-container elementor-column-gap-default\">\n\t\t\t\t\t<div class=\"elementor-column elementor-col-100 elementor-top-column elementor-element elementor-element-eab54db\" data-id=\"eab54db\" data-element_type=\"column\" data-e-type=\"column\">\n\t\t\t<div class=\"elementor-widget-wrap elementor-element-populated\">\n\t\t\t\t\t\t<div class=\"elementor-element elementor-element-65b9d33 elementor-widget elementor-widget-heading\" data-id=\"65b9d33\" data-element_type=\"widget\" data-e-type=\"widget\" data-widget_type=\"heading.default\">\n\t\t\t\t<div class=\"elementor-widget-container\">\n\t\t\t\t\t<h3 class=\"elementor-heading-title elementor-size-default\">Prodotti<\/h3>\t\t\t\t<\/div>\n\t\t\t\t<\/div>\n\t\t\t\t<div class=\"elementor-element elementor-element-6419588 elementor-widget elementor-widget-heading\" data-id=\"6419588\" data-element_type=\"widget\" data-e-type=\"widget\" data-widget_type=\"heading.default\">\n\t\t\t\t<div class=\"elementor-widget-container\">\n\t\t\t\t\t<h2 class=\"elementor-heading-title elementor-size-default\">Sistema di precarico RGV per autocarro adattato<\/h2>\t\t\t\t<\/div>\n\t\t\t\t<\/div>\n\t\t\t\t<div class=\"elementor-element elementor-element-676171a elementor-widget elementor-widget-html\" data-id=\"676171a\" data-element_type=\"widget\" data-e-type=\"widget\" data-widget_type=\"html.default\">\n\t\t\t\t<div class=\"elementor-widget-container\">\n\t\t\t\t\t<div class=\"post-detail-gallery-video-box position-relative\">\n                                    <a class=\"rounded-circle spinner\" href=\"https:\/\/www.youtube.com\/watch?v=r1kuksraeRI\" data-fancybox=\"\" title=\"\"><i class=\"flaticon-play\"><\/i><\/a>\n                                    <img decoding=\"async\" class=\"img-fluid w-100 brd-rd5\" src=\"https:\/\/www.atechnicseng.com\/wp-content\/uploads\/2022\/03\/ATLS_0002_AAATL.jpg\" alt=\"A. Technics Engineering\">\n                                <\/div>\t\t\t\t<\/div>\n\t\t\t\t<\/div>\n\t\t\t\t<div class=\"elementor-element elementor-element-568d233 elementor-widget elementor-widget-text-editor\" data-id=\"568d233\" data-element_type=\"widget\" data-e-type=\"widget\" data-widget_type=\"text-editor.default\">\n\t\t\t\t<div class=\"elementor-widget-container\">\n\t\t\t\t\t\t\t\t\t<p>L&#8217;ATL con cassone adattato \u00e8 progettato per il carico e lo scarico autonomi di un camion. La scatola \u00e8 dotata di trasportatori a catena lungo di essa in diverse file. Non appena il camion si avvicina alla banchina, il meccanismo di trasferimento viene attivato automaticamente e la trasmissione \u00e8 sicura, liscia e stabile. <br \/>Nel modello di precarico, c&#8217;\u00e8 una piattaforma prima di caricare il camion, con le dimensioni della scatola che consente di eseguire il processo di carico molto pi\u00f9 velocemente. Il carico viene preparato in alcuni trasportatori prima della banchina. Quando la scatola del camion \u00e8 posizionata per il carico\/ scarico, \u00e8 fatto in pochi minuti, consentendo in seguito di integrare l&#8217;automazione del carico dalla produzione al carico automatico o ad un magazzino automatico e da l\u00ec al caricamento automatico del camion o al processo inverso indistintamente. Senza l&#8217;intervento del personale. Il carico pu\u00f2 essere preconfigurato in base al suo peso per stabilizzare il carico nel pianale del camion.<\/p>\t\t\t\t\t\t\t\t<\/div>\n\t\t\t\t<\/div>\n\t\t\t\t\t<\/div>\n\t\t<\/div>\n\t\t\t\t\t<\/div>\n\t\t<\/section>\n\t\t\t\t<section class=\"elementor-section elementor-top-section elementor-element elementor-element-b7deca3 elementor-section-stretched elementor-section-boxed elementor-section-height-default elementor-section-height-default\" data-id=\"b7deca3\" data-element_type=\"section\" data-e-type=\"section\" data-settings=\"{&quot;stretch_section&quot;:&quot;section-stretched&quot;}\">\n\t\t\t\t\t\t<div class=\"elementor-container elementor-column-gap-default\">\n\t\t\t\t\t<div class=\"elementor-column elementor-col-100 elementor-top-column elementor-element elementor-element-3235936\" data-id=\"3235936\" data-element_type=\"column\" data-e-type=\"column\">\n\t\t\t<div class=\"elementor-widget-wrap elementor-element-populated\">\n\t\t\t\t\t\t<div class=\"elementor-element elementor-element-6576032 elementor-widget elementor-widget-heading\" data-id=\"6576032\" data-element_type=\"widget\" data-e-type=\"widget\" data-widget_type=\"heading.default\">\n\t\t\t\t<div class=\"elementor-widget-container\">\n\t\t\t\t\t<h3 class=\"elementor-heading-title elementor-size-default\">Prodotti<\/h3>\t\t\t\t<\/div>\n\t\t\t\t<\/div>\n\t\t\t\t<div class=\"elementor-element elementor-element-b1e0c44 elementor-widget elementor-widget-heading\" data-id=\"b1e0c44\" data-element_type=\"widget\" data-e-type=\"widget\" data-widget_type=\"heading.default\">\n\t\t\t\t<div class=\"elementor-widget-container\">\n\t\t\t\t\t<h2 class=\"elementor-heading-title elementor-size-default\">Unit\u00e0 di sollevamento livellante per sistema di carico automatico<\/h2>\t\t\t\t<\/div>\n\t\t\t\t<\/div>\n\t\t\t\t<div class=\"elementor-element elementor-element-2e10c8c elementor-widget elementor-widget-text-editor\" data-id=\"2e10c8c\" data-element_type=\"widget\" data-e-type=\"widget\" data-widget_type=\"text-editor.default\">\n\t\t\t\t<div class=\"elementor-widget-container\">\n\t\t\t\t\t\t\t\t\t<p>L&#8217;unit\u00e0 di livellamento elevazione progettata e brevettata porta una serie di vantaggi rispetto ad altre unit\u00e0 sul mercato. L&#8217;unit\u00e0 di livellamento consente la regolazione automatica dell&#8217;allineamento della scatola alla molla con mezzi meccanici, essendo regolabile su diversi tipi di scatole. Il design dell&#8217;unit\u00e0 di livellamento rende l&#8217;impatto del carico o della pressione dei pneumatici indipendente dalla regolazione dell&#8217;elevazione necessaria per il corretto inserimento dal letto alla banchina.<\/p>\t\t\t\t\t\t\t\t<\/div>\n\t\t\t\t<\/div>\n\t\t\t\t<div class=\"elementor-element elementor-element-f03821e elementor-widget elementor-widget-html\" data-id=\"f03821e\" data-element_type=\"widget\" data-e-type=\"widget\" data-widget_type=\"html.default\">\n\t\t\t\t<div class=\"elementor-widget-container\">\n\t\t\t\t\t<div class=\"post-detail-gallery-video-box position-relative\">\n                                    <a class=\"rounded-circle spinner\" href=\"https:\/\/www.youtube.com\/watch?v=6fvtTKsNfMk\" data-fancybox=\"\" title=\"\"><i class=\"flaticon-play\"><\/i><\/a>\n                                    <img decoding=\"async\" class=\"img-fluid w-100 brd-rd5\" src=\"https:\/\/www.atechnicseng.com\/wp-content\/uploads\/2022\/03\/ATLS_0000_atlaaa.jpg\" alt=\"A. Technics Engineering\">\n                                <\/div>\t\t\t\t<\/div>\n\t\t\t\t<\/div>\n\t\t\t\t\t<\/div>\n\t\t<\/div>\n\t\t\t\t\t<\/div>\n\t\t<\/section>\n\t\t\t\t<section class=\"elementor-section elementor-top-section elementor-element elementor-element-4def930 elementor-section-stretched elementor-section-boxed elementor-section-height-default elementor-section-height-default\" data-id=\"4def930\" data-element_type=\"section\" data-e-type=\"section\" data-settings=\"{&quot;stretch_section&quot;:&quot;section-stretched&quot;,&quot;background_background&quot;:&quot;classic&quot;}\">\n\t\t\t\t\t\t<div class=\"elementor-container elementor-column-gap-default\">\n\t\t\t\t\t<div class=\"elementor-column elementor-col-100 elementor-top-column elementor-element elementor-element-2c860b2\" data-id=\"2c860b2\" data-element_type=\"column\" data-e-type=\"column\">\n\t\t\t<div class=\"elementor-widget-wrap elementor-element-populated\">\n\t\t\t\t\t\t<div class=\"elementor-element elementor-element-e336b81 elementor-widget elementor-widget-heading\" data-id=\"e336b81\" data-element_type=\"widget\" data-e-type=\"widget\" data-widget_type=\"heading.default\">\n\t\t\t\t<div class=\"elementor-widget-container\">\n\t\t\t\t\t<h3 class=\"elementor-heading-title elementor-size-default\">Prodotti<\/h3>\t\t\t\t<\/div>\n\t\t\t\t<\/div>\n\t\t\t\t<div class=\"elementor-element elementor-element-649591b elementor-widget elementor-widget-heading\" data-id=\"649591b\" data-element_type=\"widget\" data-e-type=\"widget\" data-widget_type=\"heading.default\">\n\t\t\t\t<div class=\"elementor-widget-container\">\n\t\t\t\t\t<h2 class=\"elementor-heading-title elementor-size-default\">ATL a carico diretto<\/h2>\t\t\t\t<\/div>\n\t\t\t\t<\/div>\n\t\t\t\t<div class=\"elementor-element elementor-element-de8dd78 elementor-widget elementor-widget-text-editor\" data-id=\"de8dd78\" data-element_type=\"widget\" data-e-type=\"widget\" data-widget_type=\"text-editor.default\">\n\t\t\t\t<div class=\"elementor-widget-container\">\n\t\t\t\t\t\t\t\t\t<p>L&#8217;ATL senza adattamento del case \u00e8 un design collaudato con una variet\u00e0 di clienti con grande successo. A differenza dei sistemi automatici in cui il corpo del camion deve essere adattato, il carico diretto ATLS consente di pre-configurare il carico su una piattaforma precedente sulla banchina. Questo carico viene effettuato automaticamente tramite trasportatori, potendo integrare questo carico dalla zona di produzione, dal magazzino o direttamente da un carrello elevatore. <br \/>Una volta che il camion accede alla banchina e il meccanismo lo ancora ad essa, il sistema rileva l&#8217;altezza e l&#8217;allineamento, regolandosi automaticamente in modo che il carico entri in modo fluido e sicuro senza interferire con i limiti di carico. <br \/>Come se fosse un vassoio, il carico entra lungo la scatola. Una volta all&#8217;interno, un sistema di ancoraggio blocca il carico e lascia uscire il vassoio di carico, lasciando il carico ben posizionato all&#8217;interno del carico. Il carico pu\u00f2 essere preconfigurato in base al suo peso per stabilizzare il carico nel pianale del camion.<\/p>\t\t\t\t\t\t\t\t<\/div>\n\t\t\t\t<\/div>\n\t\t\t\t<div class=\"elementor-element elementor-element-dafa0bb elementor-widget elementor-widget-html\" data-id=\"dafa0bb\" data-element_type=\"widget\" data-e-type=\"widget\" data-widget_type=\"html.default\">\n\t\t\t\t<div class=\"elementor-widget-container\">\n\t\t\t\t\t<div class=\"post-detail-gallery-video-box position-relative\">\n                                    <a class=\"rounded-circle spinner\" href=\"https:\/\/www.youtube.com\/watch?v=Ue53yW9OpmU\" data-fancybox=\"\" title=\"\"><i class=\"flaticon-play\"><\/i><\/a>\n                                    <img decoding=\"async\" class=\"img-fluid w-100 brd-rd5\" src=\"https:\/\/www.atechnicseng.com\/wp-content\/uploads\/2022\/03\/Sin-titulo-1.png\" alt=\"A. Technics Engineering\">\n                                <\/div>\t\t\t\t<\/div>\n\t\t\t\t<\/div>\n\t\t\t\t\t<\/div>\n\t\t<\/div>\n\t\t\t\t\t<\/div>\n\t\t<\/section>\n\t\t\t\t<\/div>\n\t\t","protected":false},"excerpt":{"rendered":"<p>ATLS (Sistema Automatico del Caricatore del Camion) Prodotti Carico automatico con cabina adattata L&#8217;ATL con cabina adattata \u00e8 progettato per caricare e scaricare autonomamente un camion. La scatola \u00e8 dotata di trasportatori a catena lungo la scatola in diverse file. Non appena il camion si avvicina alla banchina, il meccanismo [&hellip;]<\/p>\n","protected":false},"author":1,"featured_media":0,"parent":0,"menu_order":0,"comment_status":"closed","ping_status":"closed","template":"","meta":{"_joinchat":[],"footnotes":""},"class_list":["post-22581","page","type-page","status-publish","hentry"],"yoast_head":"<!-- This site is optimized with the Yoast SEO plugin v27.3 - https:\/\/yoast.com\/product\/yoast-seo-wordpress\/ -->\n<title>ATLS (Sistema Automatico del Caricatore del Camion) - A. Technics Engineering<\/title>\n<meta name=\"robots\" content=\"index, follow, max-snippet:-1, max-image-preview:large, max-video-preview:-1\" \/>\n<link rel=\"canonical\" href=\"https:\/\/www.atechnicseng.com\/it\/atls-sistema-automatico-del-caricatore-del-camion\/\" \/>\n<meta property=\"og:locale\" content=\"it_IT\" \/>\n<meta property=\"og:type\" content=\"article\" \/>\n<meta property=\"og:title\" content=\"ATLS (Sistema Automatico del Caricatore del Camion) - A. Technics Engineering\" \/>\n<meta property=\"og:description\" content=\"ATLS (Sistema Automatico del Caricatore del Camion) Prodotti Carico automatico con cabina adattata L&#8217;ATL con cabina adattata \u00e8 progettato per caricare e scaricare autonomamente un camion. La scatola \u00e8 dotata di trasportatori a catena lungo la scatola in diverse file. Non appena il camion si avvicina alla banchina, il meccanismo [&hellip;]\" \/>\n<meta property=\"og:url\" content=\"https:\/\/www.atechnicseng.com\/it\/atls-sistema-automatico-del-caricatore-del-camion\/\" \/>\n<meta property=\"og:site_name\" content=\"A. Technics Engineering\" \/>\n<meta property=\"article:modified_time\" content=\"2022-04-20T14:35:30+00:00\" \/>\n<meta property=\"og:image\" content=\"https:\/\/www.atechnicseng.com\/wp-content\/uploads\/2022\/03\/ATLS_0001_aaaaaaaaaaaaatl.jpg\" \/>\n<meta name=\"twitter:card\" content=\"summary_large_image\" \/>\n<meta name=\"twitter:label1\" content=\"Tempo di lettura stimato\" \/>\n\t<meta name=\"twitter:data1\" content=\"5 minuti\" \/>\n<script type=\"application\/ld+json\" class=\"yoast-schema-graph\">{\"@context\":\"https:\\\/\\\/schema.org\",\"@graph\":[{\"@type\":\"WebPage\",\"@id\":\"https:\\\/\\\/www.atechnicseng.com\\\/it\\\/atls-sistema-automatico-del-caricatore-del-camion\\\/\",\"url\":\"https:\\\/\\\/www.atechnicseng.com\\\/it\\\/atls-sistema-automatico-del-caricatore-del-camion\\\/\",\"name\":\"ATLS (Sistema Automatico del Caricatore del Camion) - A. Technics Engineering\",\"isPartOf\":{\"@id\":\"https:\\\/\\\/www.atechnicseng.com\\\/it\\\/#website\"},\"primaryImageOfPage\":{\"@id\":\"https:\\\/\\\/www.atechnicseng.com\\\/it\\\/atls-sistema-automatico-del-caricatore-del-camion\\\/#primaryimage\"},\"image\":{\"@id\":\"https:\\\/\\\/www.atechnicseng.com\\\/it\\\/atls-sistema-automatico-del-caricatore-del-camion\\\/#primaryimage\"},\"thumbnailUrl\":\"https:\\\/\\\/www.atechnicseng.com\\\/wp-content\\\/uploads\\\/2022\\\/03\\\/ATLS_0001_aaaaaaaaaaaaatl.jpg\",\"datePublished\":\"2022-02-08T08:42:26+00:00\",\"dateModified\":\"2022-04-20T14:35:30+00:00\",\"breadcrumb\":{\"@id\":\"https:\\\/\\\/www.atechnicseng.com\\\/it\\\/atls-sistema-automatico-del-caricatore-del-camion\\\/#breadcrumb\"},\"inLanguage\":\"it-IT\",\"potentialAction\":[{\"@type\":\"ReadAction\",\"target\":[\"https:\\\/\\\/www.atechnicseng.com\\\/it\\\/atls-sistema-automatico-del-caricatore-del-camion\\\/\"]}]},{\"@type\":\"ImageObject\",\"inLanguage\":\"it-IT\",\"@id\":\"https:\\\/\\\/www.atechnicseng.com\\\/it\\\/atls-sistema-automatico-del-caricatore-del-camion\\\/#primaryimage\",\"url\":\"https:\\\/\\\/www.atechnicseng.com\\\/wp-content\\\/uploads\\\/2022\\\/03\\\/ATLS_0001_aaaaaaaaaaaaatl.jpg\",\"contentUrl\":\"https:\\\/\\\/www.atechnicseng.com\\\/wp-content\\\/uploads\\\/2022\\\/03\\\/ATLS_0001_aaaaaaaaaaaaatl.jpg\"},{\"@type\":\"BreadcrumbList\",\"@id\":\"https:\\\/\\\/www.atechnicseng.com\\\/it\\\/atls-sistema-automatico-del-caricatore-del-camion\\\/#breadcrumb\",\"itemListElement\":[{\"@type\":\"ListItem\",\"position\":1,\"name\":\"Portada\",\"item\":\"https:\\\/\\\/www.atechnicseng.com\\\/it\\\/\"},{\"@type\":\"ListItem\",\"position\":2,\"name\":\"ATLS (Sistema Automatico del Caricatore del Camion)\"}]},{\"@type\":\"WebSite\",\"@id\":\"https:\\\/\\\/www.atechnicseng.com\\\/it\\\/#website\",\"url\":\"https:\\\/\\\/www.atechnicseng.com\\\/it\\\/\",\"name\":\"A. Technics Engineering\",\"description\":\"\",\"potentialAction\":[{\"@type\":\"SearchAction\",\"target\":{\"@type\":\"EntryPoint\",\"urlTemplate\":\"https:\\\/\\\/www.atechnicseng.com\\\/it\\\/?s={search_term_string}\"},\"query-input\":{\"@type\":\"PropertyValueSpecification\",\"valueRequired\":true,\"valueName\":\"search_term_string\"}}],\"inLanguage\":\"it-IT\"}]}<\/script>\n<!-- \/ Yoast SEO plugin. -->","yoast_head_json":{"title":"ATLS (Sistema Automatico del Caricatore del Camion) - A. Technics Engineering","robots":{"index":"index","follow":"follow","max-snippet":"max-snippet:-1","max-image-preview":"max-image-preview:large","max-video-preview":"max-video-preview:-1"},"canonical":"https:\/\/www.atechnicseng.com\/it\/atls-sistema-automatico-del-caricatore-del-camion\/","og_locale":"it_IT","og_type":"article","og_title":"ATLS (Sistema Automatico del Caricatore del Camion) - A. Technics Engineering","og_description":"ATLS (Sistema Automatico del Caricatore del Camion) Prodotti Carico automatico con cabina adattata L&#8217;ATL con cabina adattata \u00e8 progettato per caricare e scaricare autonomamente un camion. La scatola \u00e8 dotata di trasportatori a catena lungo la scatola in diverse file. Non appena il camion si avvicina alla banchina, il meccanismo [&hellip;]","og_url":"https:\/\/www.atechnicseng.com\/it\/atls-sistema-automatico-del-caricatore-del-camion\/","og_site_name":"A. Technics Engineering","article_modified_time":"2022-04-20T14:35:30+00:00","og_image":[{"url":"https:\/\/www.atechnicseng.com\/wp-content\/uploads\/2022\/03\/ATLS_0001_aaaaaaaaaaaaatl.jpg","type":"","width":"","height":""}],"twitter_card":"summary_large_image","twitter_misc":{"Tempo di lettura stimato":"5 minuti"},"schema":{"@context":"https:\/\/schema.org","@graph":[{"@type":"WebPage","@id":"https:\/\/www.atechnicseng.com\/it\/atls-sistema-automatico-del-caricatore-del-camion\/","url":"https:\/\/www.atechnicseng.com\/it\/atls-sistema-automatico-del-caricatore-del-camion\/","name":"ATLS (Sistema Automatico del Caricatore del Camion) - A. Technics Engineering","isPartOf":{"@id":"https:\/\/www.atechnicseng.com\/it\/#website"},"primaryImageOfPage":{"@id":"https:\/\/www.atechnicseng.com\/it\/atls-sistema-automatico-del-caricatore-del-camion\/#primaryimage"},"image":{"@id":"https:\/\/www.atechnicseng.com\/it\/atls-sistema-automatico-del-caricatore-del-camion\/#primaryimage"},"thumbnailUrl":"https:\/\/www.atechnicseng.com\/wp-content\/uploads\/2022\/03\/ATLS_0001_aaaaaaaaaaaaatl.jpg","datePublished":"2022-02-08T08:42:26+00:00","dateModified":"2022-04-20T14:35:30+00:00","breadcrumb":{"@id":"https:\/\/www.atechnicseng.com\/it\/atls-sistema-automatico-del-caricatore-del-camion\/#breadcrumb"},"inLanguage":"it-IT","potentialAction":[{"@type":"ReadAction","target":["https:\/\/www.atechnicseng.com\/it\/atls-sistema-automatico-del-caricatore-del-camion\/"]}]},{"@type":"ImageObject","inLanguage":"it-IT","@id":"https:\/\/www.atechnicseng.com\/it\/atls-sistema-automatico-del-caricatore-del-camion\/#primaryimage","url":"https:\/\/www.atechnicseng.com\/wp-content\/uploads\/2022\/03\/ATLS_0001_aaaaaaaaaaaaatl.jpg","contentUrl":"https:\/\/www.atechnicseng.com\/wp-content\/uploads\/2022\/03\/ATLS_0001_aaaaaaaaaaaaatl.jpg"},{"@type":"BreadcrumbList","@id":"https:\/\/www.atechnicseng.com\/it\/atls-sistema-automatico-del-caricatore-del-camion\/#breadcrumb","itemListElement":[{"@type":"ListItem","position":1,"name":"Portada","item":"https:\/\/www.atechnicseng.com\/it\/"},{"@type":"ListItem","position":2,"name":"ATLS (Sistema Automatico del Caricatore del Camion)"}]},{"@type":"WebSite","@id":"https:\/\/www.atechnicseng.com\/it\/#website","url":"https:\/\/www.atechnicseng.com\/it\/","name":"A. Technics Engineering","description":"","potentialAction":[{"@type":"SearchAction","target":{"@type":"EntryPoint","urlTemplate":"https:\/\/www.atechnicseng.com\/it\/?s={search_term_string}"},"query-input":{"@type":"PropertyValueSpecification","valueRequired":true,"valueName":"search_term_string"}}],"inLanguage":"it-IT"}]}},"_links":{"self":[{"href":"https:\/\/www.atechnicseng.com\/it\/wp-json\/wp\/v2\/pages\/22581","targetHints":{"allow":["GET"]}}],"collection":[{"href":"https:\/\/www.atechnicseng.com\/it\/wp-json\/wp\/v2\/pages"}],"about":[{"href":"https:\/\/www.atechnicseng.com\/it\/wp-json\/wp\/v2\/types\/page"}],"author":[{"embeddable":true,"href":"https:\/\/www.atechnicseng.com\/it\/wp-json\/wp\/v2\/users\/1"}],"replies":[{"embeddable":true,"href":"https:\/\/www.atechnicseng.com\/it\/wp-json\/wp\/v2\/comments?post=22581"}],"version-history":[{"count":13,"href":"https:\/\/www.atechnicseng.com\/it\/wp-json\/wp\/v2\/pages\/22581\/revisions"}],"predecessor-version":[{"id":22596,"href":"https:\/\/www.atechnicseng.com\/it\/wp-json\/wp\/v2\/pages\/22581\/revisions\/22596"}],"wp:attachment":[{"href":"https:\/\/www.atechnicseng.com\/it\/wp-json\/wp\/v2\/media?parent=22581"}],"curies":[{"name":"wp","href":"https:\/\/api.w.org\/{rel}","templated":true}]}}