{"id":22674,"date":"2022-02-16T16:19:18","date_gmt":"2022-02-16T15:19:18","guid":{"rendered":"https:\/\/www.atechnicseng.com\/politica-de-cookies\/"},"modified":"2022-04-20T15:26:18","modified_gmt":"2022-04-20T15:26:18","slug":"cookies-policy","status":"publish","type":"page","link":"https:\/\/www.atechnicseng.com\/it\/cookies-policy\/","title":{"rendered":"Cookies policy"},"content":{"rendered":"\t\t<div data-elementor-type=\"wp-page\" data-elementor-id=\"22674\" class=\"elementor elementor-22674 elementor-3946\" data-elementor-post-type=\"page\">\n\t\t\t\t\t\t<section class=\"elementor-section elementor-top-section elementor-element elementor-element-da41067 elementor-section-full_width elementor-section-height-min-height elementor-section-stretched elementor-section-height-default elementor-section-items-middle\" data-id=\"da41067\" data-element_type=\"section\" data-e-type=\"section\" data-settings=\"{&quot;stretch_section&quot;:&quot;section-stretched&quot;,&quot;background_background&quot;:&quot;classic&quot;}\">\n\t\t\t\t\t\t\t<div class=\"elementor-background-overlay\"><\/div>\n\t\t\t\t\t\t\t<div class=\"elementor-container elementor-column-gap-default\">\n\t\t\t\t\t<div class=\"elementor-column elementor-col-100 elementor-top-column elementor-element elementor-element-7596740\" data-id=\"7596740\" data-element_type=\"column\" data-e-type=\"column\">\n\t\t\t<div class=\"elementor-widget-wrap elementor-element-populated\">\n\t\t\t\t\t\t<div class=\"elementor-element elementor-element-7554a5b elementor-widget elementor-widget-heading\" data-id=\"7554a5b\" data-element_type=\"widget\" data-e-type=\"widget\" data-widget_type=\"heading.default\">\n\t\t\t\t<div class=\"elementor-widget-container\">\n\t\t\t\t\t<h2 class=\"elementor-heading-title elementor-size-default\">Cookies Policy<\/h2>\t\t\t\t<\/div>\n\t\t\t\t<\/div>\n\t\t\t\t\t<\/div>\n\t\t<\/div>\n\t\t\t\t\t<\/div>\n\t\t<\/section>\n\t\t\t\t<section class=\"elementor-section elementor-top-section elementor-element elementor-element-7c5cf48 elementor-section-boxed elementor-section-height-default elementor-section-height-default\" data-id=\"7c5cf48\" data-element_type=\"section\" data-e-type=\"section\">\n\t\t\t\t\t\t<div class=\"elementor-container elementor-column-gap-default\">\n\t\t\t\t\t<div class=\"elementor-column elementor-col-100 elementor-top-column elementor-element elementor-element-df34927\" data-id=\"df34927\" data-element_type=\"column\" data-e-type=\"column\">\n\t\t\t<div class=\"elementor-widget-wrap elementor-element-populated\">\n\t\t\t\t\t\t<div class=\"elementor-element elementor-element-18116b0 elementor-widget elementor-widget-text-editor\" data-id=\"18116b0\" data-element_type=\"widget\" data-e-type=\"widget\" data-widget_type=\"text-editor.default\">\n\t\t\t\t<div class=\"elementor-widget-container\">\n\t\t\t\t\t\t\t\t\t<p>Ai sensi dell\u2019articolo 22.2 della Legge 34\/2002, dell\u201911 luglio sui Servizi della Societ\u00e0 dell\u2019Informazione e del Commercio Elettronico, questo sito web La informa, in questa sezione, sulla politica di raccolta e trattamento dei cookie.<br \/><br \/><strong>COSA SONO I COOKIE?<\/strong><br \/><br \/>Un cookie \u00e8 un file che viene scaricato sul Suo computer quando accede ad alcuni siti web. Tra le varie cose, i cookie permettono a un sito web di memorizzare e recuperare informazioni sulle abitudini di navigazione di un utente o dei Suoi dispositivi e, in base alle informazioni contenute e al modo in cui utilizzano i dispositivi, si possono utilizzare per riconoscerli.<br \/><br \/><strong>QUALI COOKIE VENGONO UTILIZZATI SU QUESTO SITO WEB?<\/strong><br \/><br \/>Questo sito web utilizza i seguenti cookie:<br \/><br \/>Cookie di analisi: quelli che sono trattati da noi o da terzi, ci permettono di quantificare il numero di utenti e, di conseguenza, realizzare la misurazione e l\u2019analisi statistica dell\u2019uso che fanno gli utenti del servizio offerto.\u00a0 Per fare questo, analizziamo la navigazione sul nostro sito web, al fine di migliorare l&#8217;offerta di prodotti o servizi che offriamo.<br \/><br \/>Cookie tecnici: sono quelli che consentono all&#8217;utente di navigare attraverso l\u2019area riservata e utilizzare le diverse funzioni come, ad esempio, realizzare il processo d\u2019acquisto di un articolo.<br \/><br \/>Cookie di personalizzazione: consentono all\u2019utente di accedere al servizio con alcune caratteristiche generali predefinite in base a una serie di criteri nel terminale dell\u2019utente quali, ad esempio, la lingua o il tipo di browser utilizzato dall\u2019utente per connettersi. Servizio.<br \/><br \/>Cookie pubblicitari: sono quelli che, trattati da questo sito web o da terzi, permettono di gestire nel modo pi\u00f9 efficiente possibile l&#8217;offerta degli spazi pubblicitari presenti sul sito, adattando il contenuto dell&#8217;annuncio al contenuto del servizio. Richiesta o utilizzo del nostro sito web. A tal fine, possiamo analizzare le Sue abitudini di navigazione su Internet e possiamo mostrarle pubblicit\u00e0 relativa al Suo profilo di navigazione.<br \/><br \/>Cookie di terzi: questo sito web utilizza servizi di terzi per raccogliere informazioni con finalit\u00e0 statistiche e l\u2019utilizzo del sito web. In particolare, utilizziamo i servizi di Google Analytics per le nostre statistiche e pubblicit\u00e0. Alcuni cookie sono essenziali per il funzionamento del sito, come ad esempio per il motore di ricerca integrato.<br \/><br \/>Il nostro sito include altre caratteristiche fornite da terzi. Pu\u00f2 condividere facilmente il contenuto su Social Network come Facebook o Twitter, con i pulsanti che abbiamo incluso a tal fine.<br \/><br \/><strong>\u00a0<\/strong><br \/><strong>DISATTIVARE I COOKIE<\/strong><br \/><br \/>Pu\u00f2 permettere, bloccare o eliminare i cookie installati sul Suo computer configurando le opzioni del browser installate sul Suo computer.<br \/><br \/>Nella maggior parte dei browser si offre la possibilit\u00e0 di permettere, bloccare o eliminare i cookie installati sul proprio computer.<br \/><br \/>Potr\u00e0 accedere alla configurazione dei browser pi\u00f9<br \/>comuni per accettare, installare o disattivare i cookie:<br \/><br \/>Configurare i cookie su Google Chrome:\u00a0<a href=\"http:\/\/support.google.com\/chrome\/answer\/95647?hl=es\">http:\/\/support.google.com\/chrome\/answer\/95647?hl=es<\/a><br \/><br \/>Configurare i cookie su Mozilla Firefox:\u00a0<a href=\"https:\/\/support.mozilla.org\/es\/kb\/Deshabilitar%20cookies%20de%20terceros\">https:\/\/support.mozilla.org\/es\/kb\/Deshabilitar%20cookies%20de%20terceros<\/a><br \/><br \/>Configurare i cookie su Microsoft Internet Explorer:\u00a0<a href=\"http:\/\/windows.microsoft.com\/es-xl\/internet-explorer\/delete-manage-cookies\">http:\/\/windows.microsoft.com\/es-xl\/internet-explorer\/delete-manage-cookies<\/a><br \/><br \/>Configurare i cookie su Safari (Apple):\u00a0<a href=\"http:\/\/support.apple.com\/kb\/ph5042\">http:\/\/support.apple.com\/kb\/ph5042<\/a><br \/><br \/>Abilitare i cookie in Opera:\u00a0<a href=\"http:\/\/help.opera.com\/Windows\/11.50\/es-ES\/cookies.html\">http:\/\/help.opera.com\/Windows\/11.50\/es-ES\/cookies.html<br \/><br \/><\/a><strong>AVVERTENZA SULL\u2019ELIMINAZIONE DEI COOKIE<\/strong><br \/><br \/>Pu\u00f2 eliminare e bloccare tutti i cookie di questo sito, ma parte del sito non funzioner\u00e0 o la qualit\u00e0 del sito pu\u00f2 risultarne compromessa.<br \/>Se ha domande sulla nostra informativa sui cookie pu\u00f2 contattare questo sito web mediante i nostri canali di contatti<\/p>\t\t\t\t\t\t\t\t<\/div>\n\t\t\t\t<\/div>\n\t\t\t\t\t<\/div>\n\t\t<\/div>\n\t\t\t\t\t<\/div>\n\t\t<\/section>\n\t\t\t\t<\/div>\n\t\t","protected":false},"excerpt":{"rendered":"<p>Cookies Policy Ai sensi dell\u2019articolo 22.2 della Legge 34\/2002, dell\u201911 luglio sui Servizi della Societ\u00e0 dell\u2019Informazione e del Commercio Elettronico, questo sito web La informa, in questa sezione, sulla politica di raccolta e trattamento dei cookie. COSA SONO I COOKIE? Un cookie \u00e8 un file che viene scaricato sul Suo [&hellip;]<\/p>\n","protected":false},"author":1,"featured_media":0,"parent":0,"menu_order":0,"comment_status":"closed","ping_status":"closed","template":"","meta":{"_joinchat":[],"footnotes":""},"class_list":["post-22674","page","type-page","status-publish","hentry"],"yoast_head":"<!-- This site is optimized with the Yoast SEO plugin v27.3 - https:\/\/yoast.com\/product\/yoast-seo-wordpress\/ -->\n<title>Cookies policy - A. Technics Engineering<\/title>\n<meta name=\"robots\" content=\"index, follow, max-snippet:-1, max-image-preview:large, max-video-preview:-1\" \/>\n<link rel=\"canonical\" href=\"https:\/\/www.atechnicseng.com\/it\/cookies-policy\/\" \/>\n<meta property=\"og:locale\" content=\"it_IT\" \/>\n<meta property=\"og:type\" content=\"article\" \/>\n<meta property=\"og:title\" content=\"Cookies policy - A. Technics Engineering\" \/>\n<meta property=\"og:description\" content=\"Cookies Policy Ai sensi dell\u2019articolo 22.2 della Legge 34\/2002, dell\u201911 luglio sui Servizi della Societ\u00e0 dell\u2019Informazione e del Commercio Elettronico, questo sito web La informa, in questa sezione, sulla politica di raccolta e trattamento dei cookie. COSA SONO I COOKIE? Un cookie \u00e8 un file che viene scaricato sul Suo [&hellip;]\" \/>\n<meta property=\"og:url\" content=\"https:\/\/www.atechnicseng.com\/it\/cookies-policy\/\" \/>\n<meta property=\"og:site_name\" content=\"A. Technics Engineering\" \/>\n<meta property=\"article:modified_time\" content=\"2022-04-20T15:26:18+00:00\" \/>\n<meta name=\"twitter:card\" content=\"summary_large_image\" \/>\n<meta name=\"twitter:label1\" content=\"Tempo di lettura stimato\" \/>\n\t<meta name=\"twitter:data1\" content=\"3 minuti\" \/>\n<script type=\"application\/ld+json\" class=\"yoast-schema-graph\">{\"@context\":\"https:\\\/\\\/schema.org\",\"@graph\":[{\"@type\":\"WebPage\",\"@id\":\"https:\\\/\\\/www.atechnicseng.com\\\/it\\\/cookies-policy\\\/\",\"url\":\"https:\\\/\\\/www.atechnicseng.com\\\/it\\\/cookies-policy\\\/\",\"name\":\"Cookies policy - A. Technics Engineering\",\"isPartOf\":{\"@id\":\"https:\\\/\\\/www.atechnicseng.com\\\/it\\\/#website\"},\"datePublished\":\"2022-02-16T15:19:18+00:00\",\"dateModified\":\"2022-04-20T15:26:18+00:00\",\"breadcrumb\":{\"@id\":\"https:\\\/\\\/www.atechnicseng.com\\\/it\\\/cookies-policy\\\/#breadcrumb\"},\"inLanguage\":\"it-IT\",\"potentialAction\":[{\"@type\":\"ReadAction\",\"target\":[\"https:\\\/\\\/www.atechnicseng.com\\\/it\\\/cookies-policy\\\/\"]}]},{\"@type\":\"BreadcrumbList\",\"@id\":\"https:\\\/\\\/www.atechnicseng.com\\\/it\\\/cookies-policy\\\/#breadcrumb\",\"itemListElement\":[{\"@type\":\"ListItem\",\"position\":1,\"name\":\"Portada\",\"item\":\"https:\\\/\\\/www.atechnicseng.com\\\/it\\\/\"},{\"@type\":\"ListItem\",\"position\":2,\"name\":\"Cookies policy\"}]},{\"@type\":\"WebSite\",\"@id\":\"https:\\\/\\\/www.atechnicseng.com\\\/it\\\/#website\",\"url\":\"https:\\\/\\\/www.atechnicseng.com\\\/it\\\/\",\"name\":\"A. Technics Engineering\",\"description\":\"\",\"potentialAction\":[{\"@type\":\"SearchAction\",\"target\":{\"@type\":\"EntryPoint\",\"urlTemplate\":\"https:\\\/\\\/www.atechnicseng.com\\\/it\\\/?s={search_term_string}\"},\"query-input\":{\"@type\":\"PropertyValueSpecification\",\"valueRequired\":true,\"valueName\":\"search_term_string\"}}],\"inLanguage\":\"it-IT\"}]}<\/script>\n<!-- \/ Yoast SEO plugin. -->","yoast_head_json":{"title":"Cookies policy - A. Technics Engineering","robots":{"index":"index","follow":"follow","max-snippet":"max-snippet:-1","max-image-preview":"max-image-preview:large","max-video-preview":"max-video-preview:-1"},"canonical":"https:\/\/www.atechnicseng.com\/it\/cookies-policy\/","og_locale":"it_IT","og_type":"article","og_title":"Cookies policy - A. Technics Engineering","og_description":"Cookies Policy Ai sensi dell\u2019articolo 22.2 della Legge 34\/2002, dell\u201911 luglio sui Servizi della Societ\u00e0 dell\u2019Informazione e del Commercio Elettronico, questo sito web La informa, in questa sezione, sulla politica di raccolta e trattamento dei cookie. COSA SONO I COOKIE? Un cookie \u00e8 un file che viene scaricato sul Suo [&hellip;]","og_url":"https:\/\/www.atechnicseng.com\/it\/cookies-policy\/","og_site_name":"A. Technics Engineering","article_modified_time":"2022-04-20T15:26:18+00:00","twitter_card":"summary_large_image","twitter_misc":{"Tempo di lettura stimato":"3 minuti"},"schema":{"@context":"https:\/\/schema.org","@graph":[{"@type":"WebPage","@id":"https:\/\/www.atechnicseng.com\/it\/cookies-policy\/","url":"https:\/\/www.atechnicseng.com\/it\/cookies-policy\/","name":"Cookies policy - A. Technics Engineering","isPartOf":{"@id":"https:\/\/www.atechnicseng.com\/it\/#website"},"datePublished":"2022-02-16T15:19:18+00:00","dateModified":"2022-04-20T15:26:18+00:00","breadcrumb":{"@id":"https:\/\/www.atechnicseng.com\/it\/cookies-policy\/#breadcrumb"},"inLanguage":"it-IT","potentialAction":[{"@type":"ReadAction","target":["https:\/\/www.atechnicseng.com\/it\/cookies-policy\/"]}]},{"@type":"BreadcrumbList","@id":"https:\/\/www.atechnicseng.com\/it\/cookies-policy\/#breadcrumb","itemListElement":[{"@type":"ListItem","position":1,"name":"Portada","item":"https:\/\/www.atechnicseng.com\/it\/"},{"@type":"ListItem","position":2,"name":"Cookies policy"}]},{"@type":"WebSite","@id":"https:\/\/www.atechnicseng.com\/it\/#website","url":"https:\/\/www.atechnicseng.com\/it\/","name":"A. Technics Engineering","description":"","potentialAction":[{"@type":"SearchAction","target":{"@type":"EntryPoint","urlTemplate":"https:\/\/www.atechnicseng.com\/it\/?s={search_term_string}"},"query-input":{"@type":"PropertyValueSpecification","valueRequired":true,"valueName":"search_term_string"}}],"inLanguage":"it-IT"}]}},"_links":{"self":[{"href":"https:\/\/www.atechnicseng.com\/it\/wp-json\/wp\/v2\/pages\/22674","targetHints":{"allow":["GET"]}}],"collection":[{"href":"https:\/\/www.atechnicseng.com\/it\/wp-json\/wp\/v2\/pages"}],"about":[{"href":"https:\/\/www.atechnicseng.com\/it\/wp-json\/wp\/v2\/types\/page"}],"author":[{"embeddable":true,"href":"https:\/\/www.atechnicseng.com\/it\/wp-json\/wp\/v2\/users\/1"}],"replies":[{"embeddable":true,"href":"https:\/\/www.atechnicseng.com\/it\/wp-json\/wp\/v2\/comments?post=22674"}],"version-history":[{"count":7,"href":"https:\/\/www.atechnicseng.com\/it\/wp-json\/wp\/v2\/pages\/22674\/revisions"}],"predecessor-version":[{"id":22728,"href":"https:\/\/www.atechnicseng.com\/it\/wp-json\/wp\/v2\/pages\/22674\/revisions\/22728"}],"wp:attachment":[{"href":"https:\/\/www.atechnicseng.com\/it\/wp-json\/wp\/v2\/media?parent=22674"}],"curies":[{"name":"wp","href":"https:\/\/api.w.org\/{rel}","templated":true}]}}