{"id":22675,"date":"2022-02-16T16:12:51","date_gmt":"2022-02-16T16:12:51","guid":{"rendered":"https:\/\/www.atechnicseng.com\/politica-de-privacidad\/"},"modified":"2022-04-20T15:42:00","modified_gmt":"2022-04-20T15:42:00","slug":"privacy-policy","status":"publish","type":"page","link":"https:\/\/www.atechnicseng.com\/it\/privacy-policy\/","title":{"rendered":"Privacy Policy"},"content":{"rendered":"\t\t<div data-elementor-type=\"wp-page\" data-elementor-id=\"22675\" class=\"elementor elementor-22675 elementor-3944\" data-elementor-post-type=\"page\">\n\t\t\t\t\t\t<section class=\"elementor-section elementor-top-section elementor-element elementor-element-da41067 elementor-section-full_width elementor-section-height-min-height elementor-section-stretched elementor-section-height-default elementor-section-items-middle\" data-id=\"da41067\" data-element_type=\"section\" data-e-type=\"section\" data-settings=\"{&quot;stretch_section&quot;:&quot;section-stretched&quot;,&quot;background_background&quot;:&quot;classic&quot;}\">\n\t\t\t\t\t\t\t<div class=\"elementor-background-overlay\"><\/div>\n\t\t\t\t\t\t\t<div class=\"elementor-container elementor-column-gap-default\">\n\t\t\t\t\t<div class=\"elementor-column elementor-col-100 elementor-top-column elementor-element elementor-element-7596740\" data-id=\"7596740\" data-element_type=\"column\" data-e-type=\"column\">\n\t\t\t<div class=\"elementor-widget-wrap elementor-element-populated\">\n\t\t\t\t\t\t<div class=\"elementor-element elementor-element-7554a5b elementor-widget elementor-widget-heading\" data-id=\"7554a5b\" data-element_type=\"widget\" data-e-type=\"widget\" data-widget_type=\"heading.default\">\n\t\t\t\t<div class=\"elementor-widget-container\">\n\t\t\t\t\t<h2 class=\"elementor-heading-title elementor-size-default\">Privacy Policy<\/h2>\t\t\t\t<\/div>\n\t\t\t\t<\/div>\n\t\t\t\t\t<\/div>\n\t\t<\/div>\n\t\t\t\t\t<\/div>\n\t\t<\/section>\n\t\t\t\t<section class=\"elementor-section elementor-top-section elementor-element elementor-element-7c5cf48 elementor-section-boxed elementor-section-height-default elementor-section-height-default\" data-id=\"7c5cf48\" data-element_type=\"section\" data-e-type=\"section\">\n\t\t\t\t\t\t<div class=\"elementor-container elementor-column-gap-default\">\n\t\t\t\t\t<div class=\"elementor-column elementor-col-100 elementor-top-column elementor-element elementor-element-df34927\" data-id=\"df34927\" data-element_type=\"column\" data-e-type=\"column\">\n\t\t\t<div class=\"elementor-widget-wrap elementor-element-populated\">\n\t\t\t\t\t\t<div class=\"elementor-element elementor-element-18116b0 elementor-widget elementor-widget-text-editor\" data-id=\"18116b0\" data-element_type=\"widget\" data-e-type=\"widget\" data-widget_type=\"text-editor.default\">\n\t\t\t\t<div class=\"elementor-widget-container\">\n\t\t\t\t\t\t\t\t\t<p>Alfa Technics Engineering, SLU \u00e8 particolarmente sensibile alla protezione dei dati di carattere personale degli Utenti dei servizi del sito web. Con la presente Informativa sulla Privacy (di seguito, l\u2019Informativa) Alfa Technics Engineering, SLU , informa gli UTENTI di questo sito web degli usi a cui vengono sottomessi i dati di carattere personale che si raccolgono su questo sito, affinch\u00e9 decidano, liberamente e volontariamente, se desiderano fornire le informazioni richieste.<\/p><p>Alfa Technics Engineering, SLU, \u00a0si riserva la facolt\u00e0 di modificare quest\u2019Informativa per adattarla a novit\u00e0 legislative, criteri giurisprudenziali, pratiche del settore o interessi dell\u2019entit\u00e0. Qualsiasi modifica alla stessa sar\u00e0 annunciata tempestivamente, affinch\u00e9 sia perfettamente consapevole del suo contenuto.<\/p><p><strong>RESPONSABILE<\/strong><\/p><p>Il responsabile del trattamento dei dati di carattere personale \u00e8:<\/p><p>Identit\u00e0:<\/p><p>Alfa Technics Engineering, SLU con CIF\/NIF: B67827162, di seguito ENTITA<\/p><p>Indirizzo: Avda. de les Corts Catalanes 5-7, 08173- Sant Cugat del Vall\u00e9s-Bcn<\/p><p>E-mail: <a href=\"mailto:info@atechnicseng.com\">info@atechnicseng.com<\/a><\/p><p><strong>FINALIT\u00c0 DEL TRATTAMENTO<br \/><\/strong>La raccolta e il trattamento dei dati personali raccolti attraverso il modulo di contatto ha come scopo la gestione, amministrazione, prestazione, ampliamento e miglioramento dei servizi forniti da Alfa Technics Engineering, SLU, rispondendo alle richieste di informazioni e\/o consultazioni.<\/p><p><strong>PERIODO DI CONSERVAZIONE<\/strong><\/p><p>I dati personali forniti verranno conservati durante il periodo corrispondente per adempiere gli obblighi legali, o fino a quando venga richiesta l\u2019eliminazione da parte dell\u2019interessato e questo abbia l\u2019autorit\u00e0 per farlo.<\/p><p><strong>LEGITTIMAZIONE<br \/><\/strong><\/p><p>Alfa Technics Engineering, SLU \u00e8 autorizzato al trattamento dei dati personali, in base al consenso fornito dall\u2019interessato per uno o vari scopi specifici, cos\u00ec come previsto dall\u2019articolo 6.1.a) del Regolamento Generale sulla Protezione dei dati personali.<\/p><p><strong>DESTINATARI<\/strong><\/p><p>I dati personali raccolti non saranno ceduti o comunicati a terzi, tranne nei casi necessari per lo sviluppo, controllo e adempienza delle finalit\u00e0 espresse, nelle condizioni previste dalla Legge, oltre a casi specifici che verranno comunicati all\u2019Utente.<\/p><p><strong>DIRITTI DEGLI UTENTI<\/strong><\/p><p>Quali sono i Suoi diritti nel fornirci i Suoi dati personali?<\/p><ul><li>Accesso: L\u2019interessato ha il diritto di sapere quali sono i dati che l\u2019ENTIT\u00c0 sta trattando.<\/li><li>Rettifica: L\u2019interessato ha il diritto di chiedere la rettifica dei dati inesatti.<\/li><li>Eliminazione: L\u2019interessato ha il diritto di chiedere l\u2019eliminazione dei suoi dati quando, insieme ad altri motivi, questi non siano necessari per le finalit\u00e0 per cui erano stati raccolti.<\/li><li>Limiti del trattamento: In alcuni casi, l\u2019interessato potr\u00e0 richiedere la limitazione del trattamento dei propri dati, nel qual caso li conserveremo unicamente per l\u2019esercizio o la difesa in caso di reclami.<\/li><li>Obiezione: In determinate circostanze l\u2019interessato potr\u00e0 opporsi al trattamento dei propri dati. In questo caso l\u2019ENTIT\u00c0 smetter\u00e0 di trattare i Suoi dati, salvo per motivi legittimi imperativi, o per l\u2019esercizio o la difesa di eventuali reclami.<\/li><li>Portabilit\u00e0 dei dati: Si applica solo a dati automatizzati e consiste nel trasferire i dati dall\u2019ENTIT\u00c0 a un altro nuovo RESPONSABILE DEL TRATTAMENTO (no all\u2019interessato e su richiesta dello stesso).<\/li><\/ul><p>Pu\u00f2 esercitare i Suoi diritti, incluso quello di ritirare il consenso (se questo fu conferito) inviando uno scritto accompagnato dalla sua carta d\u2019identit\u00e0 a Alfa Technics Engineering, SLU en Avda. de les Corts Catalanes 5-7, 08173- Sant Cugat del Vall\u00e9s-Bcn \u2013 Roses o inviando un\u2019e-mail a <a href=\"mailto:info@atechnicseng.com\">info@atechnicseng.com<\/a><\/p><p>Inoltre, ha il diritto di presentare un reclamo dinanzi l\u2019Autorit\u00e0 di Controllo in materia di Protezione dei Dati, attualmente l\u2019Agenzia Spagnola per la Protezione dei Dati.<\/p><p><strong>MISURE DI SICUREZZA<\/strong><\/p><p>Il responsabile del trattamento Alfa Technics Engineering, SLU applicher\u00e0 misure tecniche e organizzative appropriate per garantire un livello di sicurezza adeguato al rischio incorso.<\/p><p><strong>TRASFERIMENTI INTERNAZIONALI<\/strong><\/p><p>Non si effettuano trasferimenti internazionali.<\/p><p><strong>PROFILI E PROCESSO DECISIONALE AUTOMATIZZATI<br \/><\/strong><\/p><section id=\"sp-main-body\"><div class=\"row\"><main id=\"sp-component\" class=\"col-lg-12 \" role=\"main\"><div class=\"sp-column \"><div id=\"sp-page-builder\" class=\"sp-page-builder  page-216\"><div class=\"page-content\"><section id=\"section-id-1581929219695\" class=\"sppb-section\"><div class=\"sppb-row-container\"><div class=\"sppb-row\"><div id=\"column-wrap-id-1581929219694\" class=\"sppb-col-md-12\"><div id=\"column-id-1581929219694\" class=\"sppb-column\"><div class=\"sppb-column-addons\"><div id=\"sppb-addon-wrapper-1581929219698\" class=\"sppb-addon-wrapper\"><div id=\"sppb-addon-1581929219698\" class=\"clearfix \"><div class=\"sppb-addon sppb-addon-text-block  \"><div class=\"sppb-addon-content\"><div>Non si elaborano profili, e non si prendono decisioni automatizzate con i dati forniti dall\u2019utente.<\/div><\/div><\/div><\/div><\/div><\/div><\/div><\/div><\/div><\/div><\/section><\/div><\/div><\/div><\/main><\/div><\/section>\t\t\t\t\t\t\t\t<\/div>\n\t\t\t\t<\/div>\n\t\t\t\t\t<\/div>\n\t\t<\/div>\n\t\t\t\t\t<\/div>\n\t\t<\/section>\n\t\t\t\t<\/div>\n\t\t","protected":false},"excerpt":{"rendered":"<p>Privacy Policy Alfa Technics Engineering, SLU \u00e8 particolarmente sensibile alla protezione dei dati di carattere personale degli Utenti dei servizi del sito web. Con la presente Informativa sulla Privacy (di seguito, l\u2019Informativa) Alfa Technics Engineering, SLU , informa gli UTENTI di questo sito web degli usi a cui vengono sottomessi [&hellip;]<\/p>\n","protected":false},"author":1,"featured_media":0,"parent":0,"menu_order":0,"comment_status":"closed","ping_status":"closed","template":"","meta":{"_joinchat":[],"footnotes":""},"class_list":["post-22675","page","type-page","status-publish","hentry"],"yoast_head":"<!-- This site is optimized with the Yoast SEO plugin v27.3 - https:\/\/yoast.com\/product\/yoast-seo-wordpress\/ -->\n<title>Privacy Policy - A. Technics Engineering<\/title>\n<meta name=\"robots\" content=\"index, follow, max-snippet:-1, max-image-preview:large, max-video-preview:-1\" \/>\n<link rel=\"canonical\" href=\"https:\/\/www.atechnicseng.com\/it\/privacy-policy\/\" \/>\n<meta property=\"og:locale\" content=\"it_IT\" \/>\n<meta property=\"og:type\" content=\"article\" \/>\n<meta property=\"og:title\" content=\"Privacy Policy - A. Technics Engineering\" \/>\n<meta property=\"og:description\" content=\"Privacy Policy Alfa Technics Engineering, SLU \u00e8 particolarmente sensibile alla protezione dei dati di carattere personale degli Utenti dei servizi del sito web. Con la presente Informativa sulla Privacy (di seguito, l\u2019Informativa) Alfa Technics Engineering, SLU , informa gli UTENTI di questo sito web degli usi a cui vengono sottomessi [&hellip;]\" \/>\n<meta property=\"og:url\" content=\"https:\/\/www.atechnicseng.com\/it\/privacy-policy\/\" \/>\n<meta property=\"og:site_name\" content=\"A. Technics Engineering\" \/>\n<meta property=\"article:modified_time\" content=\"2022-04-20T15:42:00+00:00\" \/>\n<meta name=\"twitter:card\" content=\"summary_large_image\" \/>\n<meta name=\"twitter:label1\" content=\"Tempo di lettura stimato\" \/>\n\t<meta name=\"twitter:data1\" content=\"4 minuti\" \/>\n<script type=\"application\/ld+json\" class=\"yoast-schema-graph\">{\"@context\":\"https:\\\/\\\/schema.org\",\"@graph\":[{\"@type\":\"WebPage\",\"@id\":\"https:\\\/\\\/www.atechnicseng.com\\\/it\\\/privacy-policy\\\/\",\"url\":\"https:\\\/\\\/www.atechnicseng.com\\\/it\\\/privacy-policy\\\/\",\"name\":\"Privacy Policy - A. Technics Engineering\",\"isPartOf\":{\"@id\":\"https:\\\/\\\/www.atechnicseng.com\\\/it\\\/#website\"},\"datePublished\":\"2022-02-16T16:12:51+00:00\",\"dateModified\":\"2022-04-20T15:42:00+00:00\",\"breadcrumb\":{\"@id\":\"https:\\\/\\\/www.atechnicseng.com\\\/it\\\/privacy-policy\\\/#breadcrumb\"},\"inLanguage\":\"it-IT\",\"potentialAction\":[{\"@type\":\"ReadAction\",\"target\":[\"https:\\\/\\\/www.atechnicseng.com\\\/it\\\/privacy-policy\\\/\"]}]},{\"@type\":\"BreadcrumbList\",\"@id\":\"https:\\\/\\\/www.atechnicseng.com\\\/it\\\/privacy-policy\\\/#breadcrumb\",\"itemListElement\":[{\"@type\":\"ListItem\",\"position\":1,\"name\":\"Portada\",\"item\":\"https:\\\/\\\/www.atechnicseng.com\\\/it\\\/\"},{\"@type\":\"ListItem\",\"position\":2,\"name\":\"Privacy Policy\"}]},{\"@type\":\"WebSite\",\"@id\":\"https:\\\/\\\/www.atechnicseng.com\\\/it\\\/#website\",\"url\":\"https:\\\/\\\/www.atechnicseng.com\\\/it\\\/\",\"name\":\"A. Technics Engineering\",\"description\":\"\",\"potentialAction\":[{\"@type\":\"SearchAction\",\"target\":{\"@type\":\"EntryPoint\",\"urlTemplate\":\"https:\\\/\\\/www.atechnicseng.com\\\/it\\\/?s={search_term_string}\"},\"query-input\":{\"@type\":\"PropertyValueSpecification\",\"valueRequired\":true,\"valueName\":\"search_term_string\"}}],\"inLanguage\":\"it-IT\"}]}<\/script>\n<!-- \/ Yoast SEO plugin. -->","yoast_head_json":{"title":"Privacy Policy - A. Technics Engineering","robots":{"index":"index","follow":"follow","max-snippet":"max-snippet:-1","max-image-preview":"max-image-preview:large","max-video-preview":"max-video-preview:-1"},"canonical":"https:\/\/www.atechnicseng.com\/it\/privacy-policy\/","og_locale":"it_IT","og_type":"article","og_title":"Privacy Policy - A. Technics Engineering","og_description":"Privacy Policy Alfa Technics Engineering, SLU \u00e8 particolarmente sensibile alla protezione dei dati di carattere personale degli Utenti dei servizi del sito web. Con la presente Informativa sulla Privacy (di seguito, l\u2019Informativa) Alfa Technics Engineering, SLU , informa gli UTENTI di questo sito web degli usi a cui vengono sottomessi [&hellip;]","og_url":"https:\/\/www.atechnicseng.com\/it\/privacy-policy\/","og_site_name":"A. Technics Engineering","article_modified_time":"2022-04-20T15:42:00+00:00","twitter_card":"summary_large_image","twitter_misc":{"Tempo di lettura stimato":"4 minuti"},"schema":{"@context":"https:\/\/schema.org","@graph":[{"@type":"WebPage","@id":"https:\/\/www.atechnicseng.com\/it\/privacy-policy\/","url":"https:\/\/www.atechnicseng.com\/it\/privacy-policy\/","name":"Privacy Policy - A. Technics Engineering","isPartOf":{"@id":"https:\/\/www.atechnicseng.com\/it\/#website"},"datePublished":"2022-02-16T16:12:51+00:00","dateModified":"2022-04-20T15:42:00+00:00","breadcrumb":{"@id":"https:\/\/www.atechnicseng.com\/it\/privacy-policy\/#breadcrumb"},"inLanguage":"it-IT","potentialAction":[{"@type":"ReadAction","target":["https:\/\/www.atechnicseng.com\/it\/privacy-policy\/"]}]},{"@type":"BreadcrumbList","@id":"https:\/\/www.atechnicseng.com\/it\/privacy-policy\/#breadcrumb","itemListElement":[{"@type":"ListItem","position":1,"name":"Portada","item":"https:\/\/www.atechnicseng.com\/it\/"},{"@type":"ListItem","position":2,"name":"Privacy Policy"}]},{"@type":"WebSite","@id":"https:\/\/www.atechnicseng.com\/it\/#website","url":"https:\/\/www.atechnicseng.com\/it\/","name":"A. Technics Engineering","description":"","potentialAction":[{"@type":"SearchAction","target":{"@type":"EntryPoint","urlTemplate":"https:\/\/www.atechnicseng.com\/it\/?s={search_term_string}"},"query-input":{"@type":"PropertyValueSpecification","valueRequired":true,"valueName":"search_term_string"}}],"inLanguage":"it-IT"}]}},"_links":{"self":[{"href":"https:\/\/www.atechnicseng.com\/it\/wp-json\/wp\/v2\/pages\/22675","targetHints":{"allow":["GET"]}}],"collection":[{"href":"https:\/\/www.atechnicseng.com\/it\/wp-json\/wp\/v2\/pages"}],"about":[{"href":"https:\/\/www.atechnicseng.com\/it\/wp-json\/wp\/v2\/types\/page"}],"author":[{"embeddable":true,"href":"https:\/\/www.atechnicseng.com\/it\/wp-json\/wp\/v2\/users\/1"}],"replies":[{"embeddable":true,"href":"https:\/\/www.atechnicseng.com\/it\/wp-json\/wp\/v2\/comments?post=22675"}],"version-history":[{"count":22,"href":"https:\/\/www.atechnicseng.com\/it\/wp-json\/wp\/v2\/pages\/22675\/revisions"}],"predecessor-version":[{"id":22745,"href":"https:\/\/www.atechnicseng.com\/it\/wp-json\/wp\/v2\/pages\/22675\/revisions\/22745"}],"wp:attachment":[{"href":"https:\/\/www.atechnicseng.com\/it\/wp-json\/wp\/v2\/media?parent=22675"}],"curies":[{"name":"wp","href":"https:\/\/api.w.org\/{rel}","templated":true}]}}