{"id":22677,"date":"2022-02-16T15:54:55","date_gmt":"2022-02-16T15:54:55","guid":{"rendered":"https:\/\/www.atechnicseng.com\/aviso-legal\/"},"modified":"2022-04-20T15:17:09","modified_gmt":"2022-04-20T15:17:09","slug":"note-legali","status":"publish","type":"page","link":"https:\/\/www.atechnicseng.com\/it\/note-legali\/","title":{"rendered":"Note legali"},"content":{"rendered":"\t\t<div data-elementor-type=\"wp-page\" data-elementor-id=\"22677\" class=\"elementor elementor-22677 elementor-3927\" data-elementor-post-type=\"page\">\n\t\t\t\t\t\t<section class=\"elementor-section elementor-top-section elementor-element elementor-element-da41067 elementor-section-full_width elementor-section-height-min-height elementor-section-stretched elementor-section-height-default elementor-section-items-middle\" data-id=\"da41067\" data-element_type=\"section\" data-e-type=\"section\" data-settings=\"{&quot;stretch_section&quot;:&quot;section-stretched&quot;,&quot;background_background&quot;:&quot;classic&quot;}\">\n\t\t\t\t\t\t\t<div class=\"elementor-background-overlay\"><\/div>\n\t\t\t\t\t\t\t<div class=\"elementor-container elementor-column-gap-default\">\n\t\t\t\t\t<div class=\"elementor-column elementor-col-100 elementor-top-column elementor-element elementor-element-7596740\" data-id=\"7596740\" data-element_type=\"column\" data-e-type=\"column\">\n\t\t\t<div class=\"elementor-widget-wrap elementor-element-populated\">\n\t\t\t\t\t\t<div class=\"elementor-element elementor-element-7554a5b elementor-widget elementor-widget-heading\" data-id=\"7554a5b\" data-element_type=\"widget\" data-e-type=\"widget\" data-widget_type=\"heading.default\">\n\t\t\t\t<div class=\"elementor-widget-container\">\n\t\t\t\t\t<h2 class=\"elementor-heading-title elementor-size-default\">Note legali<\/h2>\t\t\t\t<\/div>\n\t\t\t\t<\/div>\n\t\t\t\t\t<\/div>\n\t\t<\/div>\n\t\t\t\t\t<\/div>\n\t\t<\/section>\n\t\t\t\t<section class=\"elementor-section elementor-top-section elementor-element elementor-element-7c5cf48 elementor-section-boxed elementor-section-height-default elementor-section-height-default\" data-id=\"7c5cf48\" data-element_type=\"section\" data-e-type=\"section\">\n\t\t\t\t\t\t<div class=\"elementor-container elementor-column-gap-default\">\n\t\t\t\t\t<div class=\"elementor-column elementor-col-100 elementor-top-column elementor-element elementor-element-df34927\" data-id=\"df34927\" data-element_type=\"column\" data-e-type=\"column\">\n\t\t\t<div class=\"elementor-widget-wrap elementor-element-populated\">\n\t\t\t\t\t\t<div class=\"elementor-element elementor-element-18116b0 elementor-widget elementor-widget-text-editor\" data-id=\"18116b0\" data-element_type=\"widget\" data-e-type=\"widget\" data-widget_type=\"text-editor.default\">\n\t\t\t\t<div class=\"elementor-widget-container\">\n\t\t\t\t\t\t\t\t\t<p>Denominazione sociale: Alfa Technics Engineering, SLU<\/p><p>Nome commerciale: A.Technics Engineering<\/p><p>Sede legale: Avda. de les Corts Catalanes 5-7, 08173- Sant Cugat del Vall\u00e9s-Bcn<\/p><p>CIF \/ NIF: B67827162<\/p><p>Telefono: 931 91 15 73<\/p><p>E-mail: <a href=\"mailto:info@atechnicseng.com\">info@atechnicseng.com<\/a><\/p><p><strong>OGGETTO<\/strong><\/p><p>Il prestatore, responsabile del sito web, mette a disposizione degli utenti il presente documento con il fine di adempiere alle disposizioni della Legge 34\/2002, in merito ai Servizi della Societ\u00e0 dell\u2019Informazione e del Commercio Elettronico (LSSI-CE) vigente nel Regno di Spagna, nonch\u00e9 di informare tutti gli utenti del sito web sulle condizioni d\u2019uso dello stesso.<\/p><p>Tutti coloro che accedono a questo sito web assumono il ruolo di utente, impegnandosi a rispettare i provvedimenti qui definiti e qualsiasi altro provvedimento legale applicabile.<\/p><p>Il prestatore si riserva il diritto di modificare le informazioni presenti sul sito web, senza l\u2019obbligo di darne preavviso o conoscenza agli utenti, ritenendone sufficiente la pubblicazione sul sito.<\/p><p><strong>Responsabilit\u00e0<\/strong><\/p><p>Il prestatore \u00e8 esonerato da ogni tipo di responsabilit\u00e0 derivante dalle informazioni pubblicate sul suo sito web, purch\u00e9 tali informazioni siano state gestite o introdotte da terzi esterni.<\/p><p>Il sito web del prestatore pu\u00f2 utilizzare cookie (piccoli file che il server invia al computer di chi accede al sito) per realizzare determinate funzioni che sono considerate imprescindibili per il corretto funzionamento e visualizzazione del sito. I cookie utilizzati nel sito web sono temporanei e hanno il solo scopo di rendere pi\u00f9 efficace la loro trasmissione e scompaiono al termine della sessione dell\u2019utente. In nessun caso verranno utilizzati i cookie per raccogliere informazioni di carattere personale. Consultare le informazioni sui cookie.<\/p><p>Dal sito web del cliente \u00e8 possibile essere reindirizzati a contenuti di siti web esterni. Dato che il prestatore non pu\u00f2 sempre controllare i contenuti introdotti da terzi sui suoi siti web, questo non si assume alcune responsabilit\u00e0 rispetto a tali contenuti. Tuttavia, il prestatore manifesta che proceder\u00e0 al ritiro immediato di ogni contenuto che possa violare la legislazione nazionale o internazionale, la morale o l\u2019ordine pubblico, procedendo al ritiro immediato del reindirizzamento a tale sito web, mettendo a conoscenza delle autorit\u00e0 competenti il contenuto in questione.<\/p><p>Il prestatore non \u00e8 responsabile delle informazioni e dei contenuti memorizzati, a titolo esemplificativo ma non limitato, in forum, chat, generatori di blog, commenti, Social Network o qualsiasi altro mezzo che permetta a terzi di pubblicare contenuti in modo indipendente sul sito web del prestatore. Nonostante ci\u00f2, in conformit\u00e0 con l\u2019art. 11 e 16 della LSSI-CE, il prestatore si mette a disposizione di tutti gli utenti, autorit\u00e0 e forze dell\u2019ordine, collaborando attivamente al ritiro o eventualmente al blocco di tutti quei contenuti che possono compromettere o violare la legislazione nazionale, o internazionale, i diritti di terzi o la morale e l\u2019ordine pubblico. Nel caso in cui l\u2019utente consideri che sul sito web esistono dei contenuti che possono essere soggetti a questa classificazione, si prega di notificarlo immediatamente all\u2019amministratore del sito web.<\/p><p>Questo sito web \u00e8 stato analizzato e provato affinch\u00e9 funzioni correttamente. In linea di massima, si pu\u00f2 garantire il corretto funzionamento 365 giorni dell\u2019anno, 24 ore su 24. Nonostante ci\u00f2, il prestatore non esclude la possibilit\u00e0 che esistano certi errori di programmazione, o che ci siano cause di forza maggiore, catastrofi naturali, scioperi, o circostanze simili che rendano impossibile l\u2019accesso al sito web.<\/p><p><strong>Protezione dei dati personali<\/strong><\/p><p>Il prestatore \u00e8 impegnato ad adempiere la normativa spagnola in materia di protezione dei dati di carattere generale, e garantisce l\u2019adempimento totale degli obblighi della Legge Organica 3\/2018 del 5 dicembre, sulla Protezione dei Dati Personali e garantisce i diritti digitali, oltre all\u2019implementazione delle misure di sicurezza indicate nel REGOLAMENTO (UE) 2016\/679 DEL PARLAMENTO EUROPEO E DEL CONSIGLIO del 27 aprile 2016 relativo alla protezione delle persone fisiche rispetto al trattamento dei dati personali e alla libera circolazione di tali dati (RGPD). Il prestatore mette a disposizione degli utenti l\u2019Informativa sulla Privacy dell\u2019entit\u00e0 informando gli utenti in base a quanto previsto negli articoli 13 e 14 del RGPD, relativi al diritto di informazione delle persone interessate.<\/p><p><strong>Propriet\u00e0 intellettuale e industriale<\/strong><\/p><p>Il sito web, includendo a titolo esemplificativo ma non limitativo la sua programmazione, edizione, compilazione e ulteriori elementi necessari per il suo funzionamento, il design, i loghi, il testo e\/o i grafici, sono di propriet\u00e0 del prestatore o, eventualmente, dispone di licenza o autorizzazione esplicita da parte degli autori. Tutti i contenuti del sito web sono opportunamente protetti dalla normativa sulla propriet\u00e0 intellettuale e industriale, e sono iscritti nei registri pubblici corrispondenti.<\/p><p>Indipendentemente dallo scopo per cui erano destinati, la riproduzione totale o parziale, l\u2019uso, l\u2019utilizzo, la distribuzione e la commercializzazione, richiedono in ogni caso l\u2019autorizzazione previa scritta da parte del prestatore. Qualsiasi uso non autorizzato precedentemente dal prestatore sar\u00e0 considerato come una grave inadempienza dei diritti di propriet\u00e0 intellettuale o industriale dell\u2019autore.<\/p><p>I disegni, i loghi, il testo e\/o i grafici estranei al prestatore e che possono comparire sul sito web, appartengono ai rispettivi proprietari, essendo loro stessi responsabili di ogni possibile controversia che possa scaturire al loro rispetto. In ogni caso, il prestatore dispone dell\u2019autorizzazione esplicita e previa da parte degli stessi.<\/p><p>Il prestatore riconosce a favore dei suoi titolari i diritti corrispondenti sulla propriet\u00e0 industriale e intellettuale, e la loro sola menzione o comparsa sul sito web non implica l\u2019esistenza di diritti o responsabilit\u00e0 da parte del prestatore su questi, e neanche sostegno, patrocinio o consiglio da parte di questo.<\/p><p>Per ogni osservazione rispetto a possibili inadempienze dei diritti sulla propriet\u00e0 intellettuale o industriale, cos\u00ec come su qualsiasi contenuto del sito web, pu\u00f2 scriverci al seguente indirizzo di posta elettronica <a href=\"mailto:info@atechnicseng.com\">info@atechnicseng.com<\/a>.<\/p><p><strong>Legge applicabile e Giurisdizione<\/strong><\/p><p>Per la risoluzione di tutte le controversie o questioni relative al presente sito web o delle attivit\u00e0 in esso sviluppate, sar\u00e0 di applicazione la legislazione spagnola, a cui si sottomettono espressamente le parti, essendo competenti per la risoluzione di tutti i conflitti derivati o relativi al loro uso le Autorit\u00e0 Giudiziarie di Barcellona<\/p>\t\t\t\t\t\t\t\t<\/div>\n\t\t\t\t<\/div>\n\t\t\t\t\t<\/div>\n\t\t<\/div>\n\t\t\t\t\t<\/div>\n\t\t<\/section>\n\t\t\t\t<\/div>\n\t\t","protected":false},"excerpt":{"rendered":"<p>Note legali Denominazione sociale: Alfa Technics Engineering, SLU Nome commerciale: A.Technics Engineering Sede legale: Avda. de les Corts Catalanes 5-7, 08173- Sant Cugat del Vall\u00e9s-Bcn CIF \/ NIF: B67827162 Telefono: 931 91 15 73 E-mail: info@atechnicseng.com OGGETTO Il prestatore, responsabile del sito web, mette a disposizione degli utenti il presente [&hellip;]<\/p>\n","protected":false},"author":1,"featured_media":0,"parent":0,"menu_order":0,"comment_status":"closed","ping_status":"closed","template":"","meta":{"_joinchat":[],"footnotes":""},"class_list":["post-22677","page","type-page","status-publish","hentry"],"yoast_head":"<!-- This site is optimized with the Yoast SEO plugin v27.3 - https:\/\/yoast.com\/product\/yoast-seo-wordpress\/ -->\n<title>Note legali - A. Technics Engineering<\/title>\n<meta name=\"robots\" content=\"index, follow, max-snippet:-1, max-image-preview:large, max-video-preview:-1\" \/>\n<link rel=\"canonical\" href=\"https:\/\/www.atechnicseng.com\/it\/note-legali\/\" \/>\n<meta property=\"og:locale\" content=\"it_IT\" \/>\n<meta property=\"og:type\" content=\"article\" \/>\n<meta property=\"og:title\" content=\"Note legali - A. Technics Engineering\" \/>\n<meta property=\"og:description\" content=\"Note legali Denominazione sociale: Alfa Technics Engineering, SLU Nome commerciale: A.Technics Engineering Sede legale: Avda. de les Corts Catalanes 5-7, 08173- Sant Cugat del Vall\u00e9s-Bcn CIF \/ NIF: B67827162 Telefono: 931 91 15 73 E-mail: info@atechnicseng.com OGGETTO Il prestatore, responsabile del sito web, mette a disposizione degli utenti il presente [&hellip;]\" \/>\n<meta property=\"og:url\" content=\"https:\/\/www.atechnicseng.com\/it\/note-legali\/\" \/>\n<meta property=\"og:site_name\" content=\"A. Technics Engineering\" \/>\n<meta property=\"article:modified_time\" content=\"2022-04-20T15:17:09+00:00\" \/>\n<meta name=\"twitter:card\" content=\"summary_large_image\" \/>\n<meta name=\"twitter:label1\" content=\"Tempo di lettura stimato\" \/>\n\t<meta name=\"twitter:data1\" content=\"6 minuti\" \/>\n<script type=\"application\/ld+json\" class=\"yoast-schema-graph\">{\"@context\":\"https:\\\/\\\/schema.org\",\"@graph\":[{\"@type\":\"WebPage\",\"@id\":\"https:\\\/\\\/www.atechnicseng.com\\\/it\\\/note-legali\\\/\",\"url\":\"https:\\\/\\\/www.atechnicseng.com\\\/it\\\/note-legali\\\/\",\"name\":\"Note legali - A. Technics Engineering\",\"isPartOf\":{\"@id\":\"https:\\\/\\\/www.atechnicseng.com\\\/it\\\/#website\"},\"datePublished\":\"2022-02-16T15:54:55+00:00\",\"dateModified\":\"2022-04-20T15:17:09+00:00\",\"breadcrumb\":{\"@id\":\"https:\\\/\\\/www.atechnicseng.com\\\/it\\\/note-legali\\\/#breadcrumb\"},\"inLanguage\":\"it-IT\",\"potentialAction\":[{\"@type\":\"ReadAction\",\"target\":[\"https:\\\/\\\/www.atechnicseng.com\\\/it\\\/note-legali\\\/\"]}]},{\"@type\":\"BreadcrumbList\",\"@id\":\"https:\\\/\\\/www.atechnicseng.com\\\/it\\\/note-legali\\\/#breadcrumb\",\"itemListElement\":[{\"@type\":\"ListItem\",\"position\":1,\"name\":\"Portada\",\"item\":\"https:\\\/\\\/www.atechnicseng.com\\\/it\\\/\"},{\"@type\":\"ListItem\",\"position\":2,\"name\":\"Note legali\"}]},{\"@type\":\"WebSite\",\"@id\":\"https:\\\/\\\/www.atechnicseng.com\\\/it\\\/#website\",\"url\":\"https:\\\/\\\/www.atechnicseng.com\\\/it\\\/\",\"name\":\"A. Technics Engineering\",\"description\":\"\",\"potentialAction\":[{\"@type\":\"SearchAction\",\"target\":{\"@type\":\"EntryPoint\",\"urlTemplate\":\"https:\\\/\\\/www.atechnicseng.com\\\/it\\\/?s={search_term_string}\"},\"query-input\":{\"@type\":\"PropertyValueSpecification\",\"valueRequired\":true,\"valueName\":\"search_term_string\"}}],\"inLanguage\":\"it-IT\"}]}<\/script>\n<!-- \/ Yoast SEO plugin. -->","yoast_head_json":{"title":"Note legali - A. Technics Engineering","robots":{"index":"index","follow":"follow","max-snippet":"max-snippet:-1","max-image-preview":"max-image-preview:large","max-video-preview":"max-video-preview:-1"},"canonical":"https:\/\/www.atechnicseng.com\/it\/note-legali\/","og_locale":"it_IT","og_type":"article","og_title":"Note legali - A. Technics Engineering","og_description":"Note legali Denominazione sociale: Alfa Technics Engineering, SLU Nome commerciale: A.Technics Engineering Sede legale: Avda. de les Corts Catalanes 5-7, 08173- Sant Cugat del Vall\u00e9s-Bcn CIF \/ NIF: B67827162 Telefono: 931 91 15 73 E-mail: info@atechnicseng.com OGGETTO Il prestatore, responsabile del sito web, mette a disposizione degli utenti il presente [&hellip;]","og_url":"https:\/\/www.atechnicseng.com\/it\/note-legali\/","og_site_name":"A. Technics Engineering","article_modified_time":"2022-04-20T15:17:09+00:00","twitter_card":"summary_large_image","twitter_misc":{"Tempo di lettura stimato":"6 minuti"},"schema":{"@context":"https:\/\/schema.org","@graph":[{"@type":"WebPage","@id":"https:\/\/www.atechnicseng.com\/it\/note-legali\/","url":"https:\/\/www.atechnicseng.com\/it\/note-legali\/","name":"Note legali - A. Technics Engineering","isPartOf":{"@id":"https:\/\/www.atechnicseng.com\/it\/#website"},"datePublished":"2022-02-16T15:54:55+00:00","dateModified":"2022-04-20T15:17:09+00:00","breadcrumb":{"@id":"https:\/\/www.atechnicseng.com\/it\/note-legali\/#breadcrumb"},"inLanguage":"it-IT","potentialAction":[{"@type":"ReadAction","target":["https:\/\/www.atechnicseng.com\/it\/note-legali\/"]}]},{"@type":"BreadcrumbList","@id":"https:\/\/www.atechnicseng.com\/it\/note-legali\/#breadcrumb","itemListElement":[{"@type":"ListItem","position":1,"name":"Portada","item":"https:\/\/www.atechnicseng.com\/it\/"},{"@type":"ListItem","position":2,"name":"Note legali"}]},{"@type":"WebSite","@id":"https:\/\/www.atechnicseng.com\/it\/#website","url":"https:\/\/www.atechnicseng.com\/it\/","name":"A. Technics Engineering","description":"","potentialAction":[{"@type":"SearchAction","target":{"@type":"EntryPoint","urlTemplate":"https:\/\/www.atechnicseng.com\/it\/?s={search_term_string}"},"query-input":{"@type":"PropertyValueSpecification","valueRequired":true,"valueName":"search_term_string"}}],"inLanguage":"it-IT"}]}},"_links":{"self":[{"href":"https:\/\/www.atechnicseng.com\/it\/wp-json\/wp\/v2\/pages\/22677","targetHints":{"allow":["GET"]}}],"collection":[{"href":"https:\/\/www.atechnicseng.com\/it\/wp-json\/wp\/v2\/pages"}],"about":[{"href":"https:\/\/www.atechnicseng.com\/it\/wp-json\/wp\/v2\/types\/page"}],"author":[{"embeddable":true,"href":"https:\/\/www.atechnicseng.com\/it\/wp-json\/wp\/v2\/users\/1"}],"replies":[{"embeddable":true,"href":"https:\/\/www.atechnicseng.com\/it\/wp-json\/wp\/v2\/comments?post=22677"}],"version-history":[{"count":10,"href":"https:\/\/www.atechnicseng.com\/it\/wp-json\/wp\/v2\/pages\/22677\/revisions"}],"predecessor-version":[{"id":22701,"href":"https:\/\/www.atechnicseng.com\/it\/wp-json\/wp\/v2\/pages\/22677\/revisions\/22701"}],"wp:attachment":[{"href":"https:\/\/www.atechnicseng.com\/it\/wp-json\/wp\/v2\/media?parent=22677"}],"curies":[{"name":"wp","href":"https:\/\/api.w.org\/{rel}","templated":true}]}}